{"id":16929,"date":"2024-03-24T17:38:49","date_gmt":"2024-03-24T16:38:49","guid":{"rendered":"https:\/\/umefood.dk\/product\/glico-caplico-big-bag-waffer-cone-10pc\/"},"modified":"2025-07-19T18:04:59","modified_gmt":"2025-07-19T16:04:59","slug":"glico-caplico-big-bag-waffer-cone-10pc","status":"publish","type":"product","link":"https:\/\/umefood.dk\/da\/produkter\/glico-caplico-big-bag-waffer-cone-10pc\/","title":{"rendered":"Glico Caplico Big Bag Waffer Cone 10stk"},"content":{"rendered":"<p>Ingredienser (DA): <strong class=\"extra-bold\">Hvede<\/strong> mel (60.2%), sukker (9.3%), vegetabilsk olie (20%), g\u00e6r, salt, <strong class=\"extra-bold\">m\u00e6lk<\/strong> pulver (7%), kakaosm\u00f8r (8%), kakaopulver, kondenseret valle, vallepulver, emulgator (glycerin), karamelfarvestof (0,1%), calcium, vanilje\/jordb\u00e6r\/chokolade smag, s\u00f8demiddel (acesulfam K), surt middel. <strong class=\"extra-bold\">sojab\u00f8nner<\/strong>.<br \/>\nErn\u00e6ringsoplysninger:<\/p>\n<table>\n<tbody>\n<tr>\n<th>Energi<\/th>\n<td>2419kJ\/576kcal<\/td>\n<\/tr>\n<tr>\n<th>Fed<\/th>\n<td>35,4 g<\/td>\n<\/tr>\n<tr>\n<th>hvoraf m\u00e6tter<\/th>\n<td>14,5 g<\/td>\n<\/tr>\n<tr>\n<th>Kulhydrat<\/th>\n<td>60 g<\/td>\n<\/tr>\n<tr>\n<th>heraf sukkerarter<\/th>\n<td>58,3 g<\/td>\n<\/tr>\n<tr>\n<th>Protein<\/th>\n<td>4,5 g<\/td>\n<\/tr>\n<tr>\n<th>Salt<\/th>\n<td>0,2 g<\/td>\n<\/tr>\n<\/tbody>\n<\/table>\n<p>V\u00e6gt: 80g<br \/>\nFremstilling: Japan<br \/>\nForsendelsesv\u00e6gt: 90g<\/p>","protected":false},"excerpt":{"rendered":"<p>Ingredienser (EN): Hvedemel (60.2%), sukker (9.3%), vegetabilsk olie (20%), g\u00e6r, salt, m\u00e6lkepulver (7%), kakaosm\u00f8r (8%), kakaopulver,<\/p>","protected":false},"featured_media":16928,"template":"","meta":{"_crdt_document":"","advanced_seo_description":"","jetpack_seo_html_title":"","jetpack_seo_noindex":false,"jetpack_publicize_message":"","jetpack_publicize_feature_enabled":true,"jetpack_social_post_already_shared":true,"jetpack_social_options":{"image_generator_settings":{"template":"highway","default_image_id":0,"font":"","enabled":false},"version":2},"_wpas_customize_per_network":false},"product_brand":[],"product_cat":[2348,2094],"product_tag":[2127,1844],"class_list":{"0":"post-16929","1":"product","2":"type-product","3":"status-publish","4":"has-post-thumbnail","6":"product_cat-cookies-biscuits","7":"product_cat-snacks","8":"product_tag-biscuits-and-pastries","9":"product_tag-snacks","11":"first","12":"outofstock","13":"shipping-taxable","14":"purchasable","15":"product-type-simple"},"exclude_global_add_ons":[],"addons":[],"jetpack_publicize_connections":[],"jetpack_sharing_enabled":true,"jetpack_likes_enabled":true,"_links":{"self":[{"href":"https:\/\/umefood.dk\/da\/wp-json\/wp\/v2\/product\/16929","targetHints":{"allow":["GET"]}}],"collection":[{"href":"https:\/\/umefood.dk\/da\/wp-json\/wp\/v2\/product"}],"about":[{"href":"https:\/\/umefood.dk\/da\/wp-json\/wp\/v2\/types\/product"}],"version-history":[{"count":6,"href":"https:\/\/umefood.dk\/da\/wp-json\/wp\/v2\/product\/16929\/revisions"}],"predecessor-version":[{"id":44265,"href":"https:\/\/umefood.dk\/da\/wp-json\/wp\/v2\/product\/16929\/revisions\/44265"}],"wp:featuredmedia":[{"embeddable":true,"href":"https:\/\/umefood.dk\/da\/wp-json\/wp\/v2\/media\/16928"}],"wp:attachment":[{"href":"https:\/\/umefood.dk\/da\/wp-json\/wp\/v2\/media?parent=16929"}],"wp:term":[{"taxonomy":"product_brand","embeddable":true,"href":"https:\/\/umefood.dk\/da\/wp-json\/wp\/v2\/product_brand?post=16929"},{"taxonomy":"product_cat","embeddable":true,"href":"https:\/\/umefood.dk\/da\/wp-json\/wp\/v2\/product_cat?post=16929"},{"taxonomy":"product_tag","embeddable":true,"href":"https:\/\/umefood.dk\/da\/wp-json\/wp\/v2\/product_tag?post=16929"}],"curies":[{"name":"wp","href":"https:\/\/api.w.org\/{rel}","templated":true}]}}