{"id":17057,"date":"2024-03-24T17:43:18","date_gmt":"2024-03-24T16:43:18","guid":{"rendered":"https:\/\/umefood.dk\/product\/q-brand-he-fong-taro-mochi-210g\/"},"modified":"2026-04-24T02:33:23","modified_gmt":"2026-04-24T00:33:23","slug":"q-brand-he-fong-taro-mochi-210g","status":"publish","type":"product","link":"https:\/\/umefood.dk\/da\/produkter\/q-brand-he-fong-taro-mochi-210g\/","title":{"rendered":"Q Brand He Fong Taro Mochi 210g"},"content":{"rendered":"<p>Ingredienser og n\u00e6ringsindhold pr. \/ 100 g<br \/>\nMaltose, glutin\u00f8se ris, taropasta (taro, gr\u00f8nne b\u00f8nner, sukker, maltose, palmeolie), lilla ris, sukkermodificeret stivelse (E1442), palmeolie, aroma, farve (E162), konserveringsmiddel (E200).<br \/>\nErn\u00e6ringsoplysninger:<\/p>\n<table>\n<tbody>\n<tr>\n<th>Energi<\/th>\n<td>1394kJ\/328kcal<\/td>\n<\/tr>\n<tr>\n<th>Fed<\/th>\n<td>0,1 g<\/td>\n<\/tr>\n<tr>\n<th>hvoraf m\u00e6tter<\/th>\n<td>0,0 g<\/td>\n<\/tr>\n<tr>\n<th>Kulhydrat<\/th>\n<td>80,4 g<\/td>\n<\/tr>\n<tr>\n<th>heraf sukkerarter<\/th>\n<td>28,8 g<\/td>\n<\/tr>\n<tr>\n<th>Protein<\/th>\n<td>1,4 g<\/td>\n<\/tr>\n<tr>\n<th>Salt<\/th>\n<td>0,91 g<\/td>\n<\/tr>\n<\/tbody>\n<\/table>\n<p>V\u00e6gt: 210g<br \/>\nFremstilling: Kina, Taiwan<br \/>\nForsendelsesv\u00e6gt: 220g<\/p>","protected":false},"excerpt":{"rendered":"<p>Ingredienser og n\u00e6ringsindhold pr. \/ 100 g Maltose, kl\u00e6brig ris, taropasta (taro, gr\u00f8nne b\u00f8nner, sukker, maltose, palmeolie),<\/p>","protected":false},"featured_media":17056,"template":"","meta":{"_crdt_document":"","advanced_seo_description":"","jetpack_seo_html_title":"","jetpack_seo_noindex":false,"jetpack_publicize_message":"","jetpack_publicize_feature_enabled":true,"jetpack_social_post_already_shared":true,"jetpack_social_options":{"image_generator_settings":{"template":"highway","default_image_id":0,"font":"","enabled":false},"version":2},"_wpas_customize_per_network":false},"product_brand":[],"product_cat":[1958,2094],"product_tag":[2131,1844],"class_list":{"0":"post-17057","1":"product","2":"type-product","3":"status-publish","4":"has-post-thumbnail","6":"product_cat-mochi","7":"product_cat-snacks","8":"product_tag-mochi","9":"product_tag-snacks","11":"first","12":"instock","13":"shipping-taxable","14":"purchasable","15":"product-type-simple"},"exclude_global_add_ons":[],"addons":[],"jetpack_publicize_connections":[],"jetpack_sharing_enabled":true,"jetpack_likes_enabled":true,"_links":{"self":[{"href":"https:\/\/umefood.dk\/da\/wp-json\/wp\/v2\/product\/17057","targetHints":{"allow":["GET"]}}],"collection":[{"href":"https:\/\/umefood.dk\/da\/wp-json\/wp\/v2\/product"}],"about":[{"href":"https:\/\/umefood.dk\/da\/wp-json\/wp\/v2\/types\/product"}],"version-history":[{"count":6,"href":"https:\/\/umefood.dk\/da\/wp-json\/wp\/v2\/product\/17057\/revisions"}],"predecessor-version":[{"id":54230,"href":"https:\/\/umefood.dk\/da\/wp-json\/wp\/v2\/product\/17057\/revisions\/54230"}],"wp:featuredmedia":[{"embeddable":true,"href":"https:\/\/umefood.dk\/da\/wp-json\/wp\/v2\/media\/17056"}],"wp:attachment":[{"href":"https:\/\/umefood.dk\/da\/wp-json\/wp\/v2\/media?parent=17057"}],"wp:term":[{"taxonomy":"product_brand","embeddable":true,"href":"https:\/\/umefood.dk\/da\/wp-json\/wp\/v2\/product_brand?post=17057"},{"taxonomy":"product_cat","embeddable":true,"href":"https:\/\/umefood.dk\/da\/wp-json\/wp\/v2\/product_cat?post=17057"},{"taxonomy":"product_tag","embeddable":true,"href":"https:\/\/umefood.dk\/da\/wp-json\/wp\/v2\/product_tag?post=17057"}],"curies":[{"name":"wp","href":"https:\/\/api.w.org\/{rel}","templated":true}]}}