{"id":25771,"date":"2024-04-14T00:55:02","date_gmt":"2024-04-13T22:55:02","guid":{"rendered":"https:\/\/umefood.dk\/product\/chinchin-lotus-oatmeal-320g\/"},"modified":"2026-04-18T02:07:39","modified_gmt":"2026-04-18T00:07:39","slug":"chinchin-lotus-oatmeal-320g","status":"publish","type":"product","link":"https:\/\/umefood.dk\/da\/produkter\/chinchin-lotus-oatmeal-320g\/","title":{"rendered":"ChinChin Lotus Havregryn 320g"},"content":{"rendered":"<p>Ingredienser (EN): Vand, <strong class=\"extra-bold\">havre<\/strong> (17.6%), sukker, nata de coco, lotusfr\u00f8, majs, job t\u00e5rer, havregryn (3.2%), glutinholdige ris, <strong class=\"extra-bold\">m\u00e6lk<\/strong> pulver, dioscoreae rhizoma, fl\u00f8de, emulgator: E471, E473, smag. Indeholder <strong class=\"extra-bold\">m\u00e6lk<\/strong> unf <strong class=\"extra-bold\">havre<\/strong> (<strong class=\"extra-bold\">gluten<\/strong>).<br \/>Ern\u00e6ringsoplysninger:<\/p>\n<table>\n<tr>\n<th>Energi<\/th>\n<td>85 kcal\/356 kJ<\/td>\n<\/tr>\n<tr>\n<th>Fed<\/th>\n<td>1,3 g<\/td>\n<\/tr>\n<tr>\n<th>hvoraf m\u00e6tter<\/th>\n<td>0,5 g<\/td>\n<\/tr>\n<tr>\n<th>Kulhydrat<\/th>\n<td>16,8 g<\/td>\n<\/tr>\n<tr>\n<th>heraf sukkerarter<\/th>\n<td>6,3 g<\/td>\n<\/tr>\n<tr>\n<th>Protein<\/th>\n<td>1,4 g<\/td>\n<\/tr>\n<tr>\n<th>Salt<\/th>\n<td>nan<\/td>\n<\/tr>\n<\/table>\n<p>V\u00e6gt: 360 g<br \/>Fremstilling: Taiwan<br \/>Forsendelsesv\u00e6gt: 360 g<\/p>","protected":false},"excerpt":{"rendered":"<p>Ingredienser (EN): Vand, havre (17.6%), sukker, nata de coco, lotusfr\u00f8, majs, joints, havregryn (3.2%), kl\u00e6brig ris, m\u00e6lkepulver,<\/p>","protected":false},"featured_media":25770,"template":"","meta":{"_crdt_document":"","advanced_seo_description":"","jetpack_seo_html_title":"","jetpack_seo_noindex":false,"jetpack_publicize_message":"","jetpack_publicize_feature_enabled":true,"jetpack_social_post_already_shared":true,"jetpack_social_options":{"image_generator_settings":{"template":"highway","default_image_id":0,"font":"","enabled":false},"version":2},"_wpas_customize_per_network":false},"product_brand":[],"product_cat":[2041,2117,2389],"product_tag":[1535,2154],"class_list":{"0":"post-25771","1":"product","2":"type-product","3":"status-publish","4":"has-post-thumbnail","6":"product_cat-instantfood","7":"product_cat-instant-rice","8":"product_cat-new-and-restocked","9":"product_tag-instant","10":"product_tag-instant-rice","12":"first","13":"instock","14":"shipping-taxable","15":"purchasable","16":"product-type-simple"},"exclude_global_add_ons":[],"addons":[],"jetpack_publicize_connections":[],"jetpack_sharing_enabled":true,"jetpack_likes_enabled":true,"_links":{"self":[{"href":"https:\/\/umefood.dk\/da\/wp-json\/wp\/v2\/product\/25771","targetHints":{"allow":["GET"]}}],"collection":[{"href":"https:\/\/umefood.dk\/da\/wp-json\/wp\/v2\/product"}],"about":[{"href":"https:\/\/umefood.dk\/da\/wp-json\/wp\/v2\/types\/product"}],"version-history":[{"count":2,"href":"https:\/\/umefood.dk\/da\/wp-json\/wp\/v2\/product\/25771\/revisions"}],"predecessor-version":[{"id":35001,"href":"https:\/\/umefood.dk\/da\/wp-json\/wp\/v2\/product\/25771\/revisions\/35001"}],"wp:featuredmedia":[{"embeddable":true,"href":"https:\/\/umefood.dk\/da\/wp-json\/wp\/v2\/media\/25770"}],"wp:attachment":[{"href":"https:\/\/umefood.dk\/da\/wp-json\/wp\/v2\/media?parent=25771"}],"wp:term":[{"taxonomy":"product_brand","embeddable":true,"href":"https:\/\/umefood.dk\/da\/wp-json\/wp\/v2\/product_brand?post=25771"},{"taxonomy":"product_cat","embeddable":true,"href":"https:\/\/umefood.dk\/da\/wp-json\/wp\/v2\/product_cat?post=25771"},{"taxonomy":"product_tag","embeddable":true,"href":"https:\/\/umefood.dk\/da\/wp-json\/wp\/v2\/product_tag?post=25771"}],"curies":[{"name":"wp","href":"https:\/\/api.w.org\/{rel}","templated":true}]}}