{"id":25849,"date":"2024-04-14T00:55:46","date_gmt":"2024-04-13T22:55:46","guid":{"rendered":"https:\/\/umefood.dk\/product\/want-want-mini-fried-senbei-rice-crackers-spring-onion-chicken-flavor-60g\/"},"modified":"2026-04-08T02:36:30","modified_gmt":"2026-04-08T00:36:30","slug":"want-want-mini-fried-senbei-rice-crackers-spring-onion-chicken-flavor-60g","status":"publish","type":"product","link":"https:\/\/umefood.dk\/da\/produkter\/want-want-mini-fried-senbei-rice-crackers-spring-onion-chicken-flavor-60g\/","title":{"rendered":"\u00d8nsker \u00d8nsker Mini Fried Senbei Rice Crackers-For\u00e5rsl\u00f8g &amp; Kyllingsmag 60g"},"content":{"rendered":"<p>Ingredienser: Ris (38%), palmeolie (antioxidant: E319), sukker, sojasovs (<strong class=\"extra-bold\">sojab\u00f8nner<\/strong>, <strong class=\"extra-bold\">hvede<\/strong>), skalottel\u00f8gpulver, smagsforst\u00e6rker E621, kyllingekstrakt (kylling, smagsforst\u00e6rker E621, salt, krydret smag), kartoffelstivelse, chilipulver, salt, skalottel\u00f8g Smagsemulgator: E473, farve: E160c.<br \/>Ern\u00e6ringsoplysninger:<\/p>\n<table>\n<tr>\n<th>Energi<\/th>\n<td>2295kJ\/549kcal<\/p>\n<\/td>\n<\/tr>\n<tr>\n<th>Fed<\/th>\n<td>34g<\/td>\n<\/tr>\n<tr>\n<th>hvoraf m\u00e6tter<\/th>\n<td>16 g<\/td>\n<\/tr>\n<tr>\n<th>Kulhydrat<\/th>\n<td>58 g<\/td>\n<\/tr>\n<tr>\n<th>heraf sukkerarter<\/th>\n<td>12 g<\/td>\n<\/tr>\n<tr>\n<th>Protein<\/th>\n<td>4,1 g<\/td>\n<\/tr>\n<tr>\n<th>Salt<\/th>\n<td>2,1 g<\/td>\n<\/tr>\n<\/table>\n<p>V\u00e6gt: 60g<br \/>Fremstilling: Kina<br \/>Forsendelsesv\u00e6gt: 60g<\/p>","protected":false},"excerpt":{"rendered":"<p>Ingredienser: Ris (38%), palmeolie (antioxidant: E319), sukker, sojasauce (sojab\u00f8nner, hvede), skalottel\u00f8gspulver, smagsforst\u00e6rker E621, kyllingeekstrakt (kylling,<\/p>","protected":false},"featured_media":25848,"template":"","meta":{"_crdt_document":"","advanced_seo_description":"","jetpack_seo_html_title":"","jetpack_seo_noindex":false,"jetpack_publicize_message":"","jetpack_publicize_feature_enabled":true,"jetpack_social_post_already_shared":true,"jetpack_social_options":{"image_generator_settings":{"template":"highway","default_image_id":0,"font":"","enabled":false},"version":2},"_wpas_customize_per_network":false},"product_brand":[],"product_cat":[1978,2094],"product_tag":[2161],"class_list":{"0":"post-25849","1":"product","2":"type-product","3":"status-publish","4":"has-post-thumbnail","6":"product_cat-chips","7":"product_cat-snacks","8":"product_tag-2161","10":"first","11":"instock","12":"shipping-taxable","13":"purchasable","14":"product-type-simple"},"exclude_global_add_ons":[],"addons":[],"jetpack_publicize_connections":[],"jetpack_sharing_enabled":true,"jetpack_likes_enabled":true,"_links":{"self":[{"href":"https:\/\/umefood.dk\/da\/wp-json\/wp\/v2\/product\/25849","targetHints":{"allow":["GET"]}}],"collection":[{"href":"https:\/\/umefood.dk\/da\/wp-json\/wp\/v2\/product"}],"about":[{"href":"https:\/\/umefood.dk\/da\/wp-json\/wp\/v2\/types\/product"}],"version-history":[{"count":2,"href":"https:\/\/umefood.dk\/da\/wp-json\/wp\/v2\/product\/25849\/revisions"}],"predecessor-version":[{"id":34961,"href":"https:\/\/umefood.dk\/da\/wp-json\/wp\/v2\/product\/25849\/revisions\/34961"}],"wp:featuredmedia":[{"embeddable":true,"href":"https:\/\/umefood.dk\/da\/wp-json\/wp\/v2\/media\/25848"}],"wp:attachment":[{"href":"https:\/\/umefood.dk\/da\/wp-json\/wp\/v2\/media?parent=25849"}],"wp:term":[{"taxonomy":"product_brand","embeddable":true,"href":"https:\/\/umefood.dk\/da\/wp-json\/wp\/v2\/product_brand?post=25849"},{"taxonomy":"product_cat","embeddable":true,"href":"https:\/\/umefood.dk\/da\/wp-json\/wp\/v2\/product_cat?post=25849"},{"taxonomy":"product_tag","embeddable":true,"href":"https:\/\/umefood.dk\/da\/wp-json\/wp\/v2\/product_tag?post=25849"}],"curies":[{"name":"wp","href":"https:\/\/api.w.org\/{rel}","templated":true}]}}