{"id":26071,"date":"2024-04-14T01:00:04","date_gmt":"2024-04-13T23:00:04","guid":{"rendered":"https:\/\/umefood.dk\/product\/cock-brand-green-mung-bean-400g\/"},"modified":"2026-04-26T02:10:34","modified_gmt":"2026-04-26T00:10:34","slug":"gronne-mungbonner-fra-cock-brand-400g","status":"publish","type":"product","link":"https:\/\/umefood.dk\/da\/produkter\/gronne-mungbonner-fra-cock-brand-400g\/","title":{"rendered":"Hanem\u00e6rke Gr\u00f8n Mung Bean 400g"},"content":{"rendered":"<p>Ingredienser: gr\u00f8nne mungb\u00f8nner<br \/>\nErn\u00e6ringsoplysninger:<\/p>\n<table>\n<tbody>\n<tr>\n<th>Energi<\/th>\n<td>1421kJ\/335kcal<\/td>\n<\/tr>\n<tr>\n<th>Fed<\/th>\n<td>0g<\/td>\n<\/tr>\n<tr>\n<th>hvoraf m\u00e6tter<\/th>\n<td>0g<\/td>\n<\/tr>\n<tr>\n<th>Kulhydrat<\/th>\n<td>61 g<\/td>\n<\/tr>\n<tr>\n<th>heraf sukkerarter<\/th>\n<td>2g<\/td>\n<\/tr>\n<tr>\n<th>Protein<\/th>\n<td>21 g<\/td>\n<\/tr>\n<tr>\n<th>Salt<\/th>\n<td>0g<\/td>\n<\/tr>\n<\/tbody>\n<\/table>\n<p>V\u00e6gt: 400g<br \/>\nFremstilling: Thailand<br \/>\nForsendelsesv\u00e6gt: 420g<\/p>","protected":false},"excerpt":{"rendered":"<p>Ingredienser: gr\u00f8nne mungb\u00f8nner. N\u00e6ringsinformation: Energi 1421 kJ\/335 kcal. Fedt 0 g, heraf m\u00e6ttede fedtsyrer 0 g. Kulhydrat 61 g, heraf sukkerarter 2 g.<\/p>","protected":false},"featured_media":26070,"template":"","meta":{"_crdt_document":"","advanced_seo_description":"","jetpack_seo_html_title":"","jetpack_seo_noindex":false,"jetpack_publicize_message":"","jetpack_publicize_feature_enabled":true,"jetpack_social_post_already_shared":true,"jetpack_social_options":{"image_generator_settings":{"template":"highway","default_image_id":0,"font":"","enabled":false},"version":2},"_wpas_customize_per_network":false},"product_brand":[],"product_cat":[2104,2050],"product_tag":[2155,2479],"class_list":{"0":"post-26071","1":"product","2":"type-product","3":"status-publish","4":"has-post-thumbnail","6":"product_cat-beans","7":"product_cat-drygood","8":"product_tag-dry-goods","9":"product_tag-2479","11":"first","12":"instock","13":"shipping-taxable","14":"purchasable","15":"product-type-simple"},"exclude_global_add_ons":[],"addons":[],"jetpack_publicize_connections":[],"jetpack_sharing_enabled":true,"jetpack_likes_enabled":true,"_links":{"self":[{"href":"https:\/\/umefood.dk\/da\/wp-json\/wp\/v2\/product\/26071","targetHints":{"allow":["GET"]}}],"collection":[{"href":"https:\/\/umefood.dk\/da\/wp-json\/wp\/v2\/product"}],"about":[{"href":"https:\/\/umefood.dk\/da\/wp-json\/wp\/v2\/types\/product"}],"version-history":[{"count":3,"href":"https:\/\/umefood.dk\/da\/wp-json\/wp\/v2\/product\/26071\/revisions"}],"predecessor-version":[{"id":42857,"href":"https:\/\/umefood.dk\/da\/wp-json\/wp\/v2\/product\/26071\/revisions\/42857"}],"wp:featuredmedia":[{"embeddable":true,"href":"https:\/\/umefood.dk\/da\/wp-json\/wp\/v2\/media\/26070"}],"wp:attachment":[{"href":"https:\/\/umefood.dk\/da\/wp-json\/wp\/v2\/media?parent=26071"}],"wp:term":[{"taxonomy":"product_brand","embeddable":true,"href":"https:\/\/umefood.dk\/da\/wp-json\/wp\/v2\/product_brand?post=26071"},{"taxonomy":"product_cat","embeddable":true,"href":"https:\/\/umefood.dk\/da\/wp-json\/wp\/v2\/product_cat?post=26071"},{"taxonomy":"product_tag","embeddable":true,"href":"https:\/\/umefood.dk\/da\/wp-json\/wp\/v2\/product_tag?post=26071"}],"curies":[{"name":"wp","href":"https:\/\/api.w.org\/{rel}","templated":true}]}}