{"id":26257,"date":"2024-04-14T01:02:51","date_gmt":"2024-04-13T23:02:51","guid":{"rendered":"https:\/\/umefood.dk\/product\/qia-qia-fragrant-sunflower-seeds-160g\/"},"modified":"2026-04-18T02:39:10","modified_gmt":"2026-04-18T00:39:10","slug":"qia-qia-fragrant-sunflower-seeds-160g","status":"publish","type":"product","link":"https:\/\/umefood.dk\/da\/produkter\/qia-qia-fragrant-sunflower-seeds-160g\/","title":{"rendered":"Fragrant Sunflower Seeds 160g QiaQia"},"content":{"rendered":"<p>Ingredienser: solsikkefr\u00f8 96%, salt, lakrids, fennikel, krydderier (stjerneanis, kinesisk kanel, t\u00f8rret mandrinenschale, nelliker), smagsforst\u00e6rker (E621), s\u00f8demiddel E952, E954, E950, smag, antioxidant E319.<br \/>\nErn\u00e6ringsoplysninger:<\/p>\n<table>\n<tbody>\n<tr>\n<th>Energi<\/th>\n<td>2522kJ\/603kcal<\/td>\n<\/tr>\n<tr>\n<th>Fed<\/th>\n<td>49,3 g<\/td>\n<\/tr>\n<tr>\n<th>hvoraf m\u00e6tter<\/th>\n<td>7,6 g<\/td>\n<\/tr>\n<tr>\n<th>Kulhydrat<\/th>\n<td>10,2 g<\/td>\n<\/tr>\n<tr>\n<th>heraf sukkerarter<\/th>\n<td>0,2 g<\/td>\n<\/tr>\n<tr>\n<th>Protein<\/th>\n<td>27,6 g<\/td>\n<\/tr>\n<tr>\n<th>Salt<\/th>\n<td>2,93 g<\/td>\n<\/tr>\n<\/tbody>\n<\/table>\n<p>V\u00e6gt: 160g<br \/>\nFremstilling: Kina<br \/>\nForsendelsesv\u00e6gt: 180g<\/p>","protected":false},"excerpt":{"rendered":"<p>Ingredienser: solsikkekerner 96%, salt, lakrids, fennikel, krydderier (stjerneanis, kinesisk kanel, t\u00f8rret mandarin, nelliker), smagsforst\u00e6rker (E621), s\u00f8demiddel E952,<\/p>","protected":false},"featured_media":26256,"template":"","meta":{"_crdt_document":"","advanced_seo_description":"","jetpack_seo_html_title":"","jetpack_seo_noindex":false,"jetpack_publicize_message":"","jetpack_publicize_feature_enabled":true,"jetpack_social_post_already_shared":true,"jetpack_social_options":{"image_generator_settings":{"template":"highway","default_image_id":0,"font":"","enabled":false},"version":2},"_wpas_customize_per_network":false},"product_brand":[],"product_cat":[1374,2094],"product_tag":[2160,1844],"class_list":{"0":"post-26257","1":"product","2":"type-product","3":"status-publish","4":"has-post-thumbnail","6":"product_cat-nutsdry","7":"product_cat-snacks","8":"product_tag-dry-fruitsnuts","9":"product_tag-snacks","11":"first","12":"instock","13":"shipping-taxable","14":"purchasable","15":"product-type-simple"},"exclude_global_add_ons":[],"addons":[],"jetpack_publicize_connections":[],"jetpack_sharing_enabled":true,"jetpack_likes_enabled":true,"_links":{"self":[{"href":"https:\/\/umefood.dk\/da\/wp-json\/wp\/v2\/product\/26257","targetHints":{"allow":["GET"]}}],"collection":[{"href":"https:\/\/umefood.dk\/da\/wp-json\/wp\/v2\/product"}],"about":[{"href":"https:\/\/umefood.dk\/da\/wp-json\/wp\/v2\/types\/product"}],"version-history":[{"count":3,"href":"https:\/\/umefood.dk\/da\/wp-json\/wp\/v2\/product\/26257\/revisions"}],"predecessor-version":[{"id":62617,"href":"https:\/\/umefood.dk\/da\/wp-json\/wp\/v2\/product\/26257\/revisions\/62617"}],"wp:featuredmedia":[{"embeddable":true,"href":"https:\/\/umefood.dk\/da\/wp-json\/wp\/v2\/media\/26256"}],"wp:attachment":[{"href":"https:\/\/umefood.dk\/da\/wp-json\/wp\/v2\/media?parent=26257"}],"wp:term":[{"taxonomy":"product_brand","embeddable":true,"href":"https:\/\/umefood.dk\/da\/wp-json\/wp\/v2\/product_brand?post=26257"},{"taxonomy":"product_cat","embeddable":true,"href":"https:\/\/umefood.dk\/da\/wp-json\/wp\/v2\/product_cat?post=26257"},{"taxonomy":"product_tag","embeddable":true,"href":"https:\/\/umefood.dk\/da\/wp-json\/wp\/v2\/product_tag?post=26257"}],"curies":[{"name":"wp","href":"https:\/\/api.w.org\/{rel}","templated":true}]}}