{"id":26439,"date":"2024-04-14T01:06:07","date_gmt":"2024-04-13T23:06:07","guid":{"rendered":"https:\/\/umefood.dk\/product\/mae-ploy-yellow-curry-paste-400g\/"},"modified":"2026-04-24T02:10:14","modified_gmt":"2026-04-24T00:10:14","slug":"mae-ploy-yellow-curry-paste-400g","status":"publish","type":"product","link":"https:\/\/umefood.dk\/da\/produkter\/mae-ploy-yellow-curry-paste-400g\/","title":{"rendered":"Mae Ploy gul karrypasta 400g"},"content":{"rendered":"<p>Ingredienser: citrongr\u00e6s 24%, hvidl\u00f8g 28%, salt 13%, skalottel\u00f8g 12.5%, galanga 9%, korianderfr\u00f8 3.5%, kaffir limeskal 2.5%, 2.5% karrypulver, 2.21T 3T, 2.12T 1 TP3T, spidskommen 17%, fennikelfr\u00f8 17%, galangal 11%, slibning ingef\u00e6r (kaempferia galanga) 5%), spidskommen 1%, kanel 0,4%, gurkemeje 0,4%, kardemomme 0,2%, muskatn\u00f8d 0,2%<br \/>\nErn\u00e6ringsoplysninger:<\/p>\n<table>\n<tbody>\n<tr>\n<th>Energi<\/th>\n<td>540,31 kJ\/129,05 kcal<\/td>\n<\/tr>\n<tr>\n<th>Fed<\/th>\n<td>1,89 g<\/td>\n<\/tr>\n<tr>\n<th>hvoraf m\u00e6tter<\/th>\n<td>0,29 g<\/td>\n<\/tr>\n<tr>\n<th>Kulhydrat<\/th>\n<td>22,69 g<\/td>\n<\/tr>\n<tr>\n<th>heraf sukkerarter<\/th>\n<td>5,61 g<\/td>\n<\/tr>\n<tr>\n<th>Protein<\/th>\n<td>5,32 g<\/td>\n<\/tr>\n<tr>\n<th>Salt<\/th>\n<td>14,33 g<\/td>\n<\/tr>\n<\/tbody>\n<\/table>\n<p>V\u00e6gt: 400g<br \/>\nFremstilling: Thailand<br \/>\nForsendelsesv\u00e6gt: 460g<\/p>","protected":false},"excerpt":{"rendered":"<p>Ingredienser: citrongr\u00e6s 24%, hvidl\u00f8g 28%, salt 13%, skalottel\u00f8g 12.5%, galanga 9%, korianderfr\u00f8 3.5%, kaffirlimeskal 2.5%, karrypulver<\/p>","protected":false},"featured_media":26438,"template":"","meta":{"_crdt_document":"","advanced_seo_description":"","jetpack_seo_html_title":"","jetpack_seo_noindex":false,"jetpack_publicize_message":"","jetpack_publicize_feature_enabled":true,"jetpack_social_post_already_shared":true,"jetpack_social_options":{"image_generator_settings":{"template":"highway","default_image_id":0,"font":"","enabled":false},"version":2},"_wpas_customize_per_network":false},"product_brand":[],"product_cat":[2124,1980,2122,2125],"product_tag":[2480,1448],"class_list":{"0":"post-26439","1":"product","2":"type-product","3":"status-publish","4":"has-post-thumbnail","6":"product_cat-paste","7":"product_cat-seasoning","8":"product_cat-spices","9":"product_cat-thaivie","10":"product_tag-2480","11":"product_tag-seasoning-2","13":"first","14":"instock","15":"shipping-taxable","16":"purchasable","17":"product-type-simple"},"exclude_global_add_ons":[],"addons":[],"jetpack_publicize_connections":[],"jetpack_sharing_enabled":true,"jetpack_likes_enabled":true,"_links":{"self":[{"href":"https:\/\/umefood.dk\/da\/wp-json\/wp\/v2\/product\/26439","targetHints":{"allow":["GET"]}}],"collection":[{"href":"https:\/\/umefood.dk\/da\/wp-json\/wp\/v2\/product"}],"about":[{"href":"https:\/\/umefood.dk\/da\/wp-json\/wp\/v2\/types\/product"}],"version-history":[{"count":4,"href":"https:\/\/umefood.dk\/da\/wp-json\/wp\/v2\/product\/26439\/revisions"}],"predecessor-version":[{"id":45601,"href":"https:\/\/umefood.dk\/da\/wp-json\/wp\/v2\/product\/26439\/revisions\/45601"}],"wp:featuredmedia":[{"embeddable":true,"href":"https:\/\/umefood.dk\/da\/wp-json\/wp\/v2\/media\/26438"}],"wp:attachment":[{"href":"https:\/\/umefood.dk\/da\/wp-json\/wp\/v2\/media?parent=26439"}],"wp:term":[{"taxonomy":"product_brand","embeddable":true,"href":"https:\/\/umefood.dk\/da\/wp-json\/wp\/v2\/product_brand?post=26439"},{"taxonomy":"product_cat","embeddable":true,"href":"https:\/\/umefood.dk\/da\/wp-json\/wp\/v2\/product_cat?post=26439"},{"taxonomy":"product_tag","embeddable":true,"href":"https:\/\/umefood.dk\/da\/wp-json\/wp\/v2\/product_tag?post=26439"}],"curies":[{"name":"wp","href":"https:\/\/api.w.org\/{rel}","templated":true}]}}