{"id":27318,"date":"2024-05-15T23:57:55","date_gmt":"2024-05-15T21:57:55","guid":{"rendered":"https:\/\/umefood.dk\/product\/nongshim-hotspicy-bowl-noodles-100g\/"},"modified":"2026-04-17T02:04:29","modified_gmt":"2026-04-17T00:04:29","slug":"nongshim-hotspicy-bowl-noodles-100g","status":"publish","type":"product","link":"https:\/\/umefood.dk\/da\/produkter\/nongshim-hotspicy-bowl-noodles-100g\/","title":{"rendered":"Nongshim Hot&amp;spicy Bowl Nudler 100g"},"content":{"rendered":"<p>Ingredienser: Nudler 90%: <strong class=\"extra-bold\">HVEDE<\/strong> mel. Palmeolie, kartoffelstivelse, salt, surhedsregulerende middel: E501, E500, E339, antioxidant: E322 (indeholder <strong class=\"extra-bold\">SOJA<\/strong>), ekstrakt af gr\u00f8n te, farve: E101. Krydderipulver 8%: Krydderi (hydrolyseret vegetabilsk protein (<strong class=\"extra-bold\">SOJA<\/strong>), maltodextrin, g\u00e6rekstrakt, salt, r\u00f8d chili, hvidl\u00f8g, <strong class=\"extra-bold\">HVEDE<\/strong> mel), salt, krydderier (r\u00f8d chili, maltodextrin, majsmel, sort peber), smagsforst\u00e6rkere: E621, E627, E631, sukker. <strong class=\"extra-bold\">Fisk<\/strong> gr\u00f8ntsagsflager 2%: T\u00f8rrede <strong class=\"extra-bold\">fisk<\/strong> frikadeller (<strong class=\"extra-bold\">FISK<\/strong>, kartoffelstivelse, <strong class=\"extra-bold\">HVEDE<\/strong> stivelse, <strong class=\"extra-bold\">SOJA b\u00f8nner<\/strong>), for\u00e5rsl\u00f8g.<br \/>\nErn\u00e6ringsoplysninger:<\/p>\n<table>\n<tbody>\n<tr>\n<th>Energi<\/th>\n<td>1832KJ\/435kcal<\/td>\n<\/tr>\n<tr>\n<th>Fed<\/th>\n<td>14g<\/td>\n<\/tr>\n<tr>\n<th>hvoraf m\u00e6tter<\/th>\n<td>6,9 g<\/td>\n<\/tr>\n<tr>\n<th>Kulhydrat<\/th>\n<td>69 g<\/td>\n<\/tr>\n<tr>\n<th>heraf sukkerarter<\/th>\n<td>1,8 g<\/td>\n<\/tr>\n<tr>\n<th>Protein<\/th>\n<td>8,3 g<\/td>\n<\/tr>\n<tr>\n<th>Salt<\/th>\n<td>4,3 g<\/td>\n<\/tr>\n<\/tbody>\n<\/table>\n<p>V\u00e6gt: 100g<br \/>\nFremstilling: Korea<br \/>\nForsendelsesv\u00e6gt: 130g<\/p>","protected":false},"excerpt":{"rendered":"<p>Ingredienser: Nudler 90%: HVEDEmel. Palmeolie, kartoffelstivelse, salt, surhedsregulerende midler: E501, E500, E339, antioxidant: E322 (indeholder SOJA), gr\u00f8n<\/p>","protected":false},"featured_media":27317,"template":"","meta":{"_crdt_document":"","advanced_seo_description":"","jetpack_seo_html_title":"","jetpack_seo_noindex":false,"jetpack_publicize_message":"","jetpack_publicize_feature_enabled":true,"jetpack_social_post_already_shared":true,"jetpack_social_options":{"image_generator_settings":{"template":"highway","default_image_id":0,"font":"","enabled":false},"version":2},"_wpas_customize_per_network":false},"product_brand":[2414],"product_cat":[2041,1976],"product_tag":[1535,2153],"class_list":{"0":"post-27318","1":"product","2":"type-product","3":"status-publish","4":"has-post-thumbnail","6":"product_brand-nongshim","7":"product_cat-instantfood","8":"product_cat-instantnoodles","9":"product_tag-instant","10":"product_tag-instant-noodles","12":"first","13":"instock","14":"shipping-taxable","15":"purchasable","16":"product-type-simple"},"exclude_global_add_ons":[],"addons":[],"jetpack_publicize_connections":[],"jetpack_sharing_enabled":true,"jetpack_likes_enabled":true,"_links":{"self":[{"href":"https:\/\/umefood.dk\/da\/wp-json\/wp\/v2\/product\/27318","targetHints":{"allow":["GET"]}}],"collection":[{"href":"https:\/\/umefood.dk\/da\/wp-json\/wp\/v2\/product"}],"about":[{"href":"https:\/\/umefood.dk\/da\/wp-json\/wp\/v2\/types\/product"}],"version-history":[{"count":4,"href":"https:\/\/umefood.dk\/da\/wp-json\/wp\/v2\/product\/27318\/revisions"}],"predecessor-version":[{"id":45051,"href":"https:\/\/umefood.dk\/da\/wp-json\/wp\/v2\/product\/27318\/revisions\/45051"}],"wp:featuredmedia":[{"embeddable":true,"href":"https:\/\/umefood.dk\/da\/wp-json\/wp\/v2\/media\/27317"}],"wp:attachment":[{"href":"https:\/\/umefood.dk\/da\/wp-json\/wp\/v2\/media?parent=27318"}],"wp:term":[{"taxonomy":"product_brand","embeddable":true,"href":"https:\/\/umefood.dk\/da\/wp-json\/wp\/v2\/product_brand?post=27318"},{"taxonomy":"product_cat","embeddable":true,"href":"https:\/\/umefood.dk\/da\/wp-json\/wp\/v2\/product_cat?post=27318"},{"taxonomy":"product_tag","embeddable":true,"href":"https:\/\/umefood.dk\/da\/wp-json\/wp\/v2\/product_tag?post=27318"}],"curies":[{"name":"wp","href":"https:\/\/api.w.org\/{rel}","templated":true}]}}