{"id":27564,"date":"2024-05-16T00:09:01","date_gmt":"2024-05-15T22:09:01","guid":{"rendered":"https:\/\/umefood.dk\/product\/otafuku-yakisoba-sauce-300g\/"},"modified":"2026-04-19T02:13:22","modified_gmt":"2026-04-19T00:13:22","slug":"otafuku-yakisoba-sauce-300g","status":"publish","type":"product","link":"https:\/\/umefood.dk\/da\/produkter\/otafuku-yakisoba-sauce-300g\/","title":{"rendered":"Otafuku Yakisoba Sauce 300 g"},"content":{"rendered":"<p>Ingredienser: vand, melasse, sukker, salt, <strong class=\"extra-bold\">SOJA<\/strong> sauce (vand, <strong class=\"extra-bold\">SOJA<\/strong> b\u00f8nner, salt), eddike, tomatpasta, fortykningsmiddel: E1414, l\u00f8gpasta, krydderier (indeholder <strong class=\"extra-bold\">SELLERI<\/strong>), g\u00e6rekstrakt (g\u00e6rekstrakt (g\u00e6r, acerolas, majs, ananas), dextrin, salt), \u00e6blemasse, gulerodsekstrakt, fortykningsmiddel: E415, l\u00f8gekstrakt, shiitakepulver, hvidl\u00f8gspulver, dadeljuice, l\u00f8gpulver.<br \/>\nErn\u00e6ringsoplysninger:<\/p>\n<table>\n<tbody>\n<tr>\n<th>Energi<\/th>\n<td>544kJ\/130kcal<\/td>\n<\/tr>\n<tr>\n<th>Fed<\/th>\n<td>0,07 g<\/td>\n<\/tr>\n<tr>\n<th>hvoraf m\u00e6tter<\/th>\n<td>0g<\/td>\n<\/tr>\n<tr>\n<th>Kulhydrat<\/th>\n<td>32 g<\/td>\n<\/tr>\n<tr>\n<th>heraf sukkerarter<\/th>\n<td>24g<\/td>\n<\/tr>\n<tr>\n<th>Protein<\/th>\n<td>2,1 g<\/td>\n<\/tr>\n<tr>\n<th>Salt<\/th>\n<td>7,4 g<\/td>\n<\/tr>\n<\/tbody>\n<\/table>\n<p>V\u00e6gt: 300g<br \/>\nFremstilling: Japan<br \/>\nForsendelsesv\u00e6gt: 325g<\/p>","protected":false},"excerpt":{"rendered":"<p>Ingredienser: vand, melasse, sukker, salt, SOJAsauce (vand, SOJAb\u00f8nner, salt), eddike, tomatpur\u00e9, fortykningsmiddel: E1414, l\u00f8gpur\u00e9, krydderier (indeholder<\/p>","protected":false},"featured_media":42785,"template":"","meta":{"_crdt_document":"","advanced_seo_description":"","jetpack_seo_html_title":"","jetpack_seo_noindex":false,"jetpack_publicize_message":"","jetpack_publicize_feature_enabled":true,"jetpack_social_post_already_shared":true,"jetpack_social_options":{"image_generator_settings":{"template":"highway","default_image_id":0,"font":"","enabled":false},"version":2},"_wpas_customize_per_network":false},"product_brand":[1470],"product_cat":[2121,2290,1980],"product_tag":[2686,1446],"class_list":{"0":"post-27564","1":"product","2":"type-product","3":"status-publish","4":"has-post-thumbnail","6":"product_brand-otafuku","7":"product_cat-japan-k","8":"product_cat-other-sauce","9":"product_cat-seasoning","10":"product_tag-otafuku","11":"product_tag-seasoning","13":"first","14":"instock","15":"shipping-taxable","16":"purchasable","17":"product-type-simple"},"exclude_global_add_ons":[],"addons":[],"jetpack_publicize_connections":[],"jetpack_sharing_enabled":true,"jetpack_likes_enabled":true,"_links":{"self":[{"href":"https:\/\/umefood.dk\/da\/wp-json\/wp\/v2\/product\/27564","targetHints":{"allow":["GET"]}}],"collection":[{"href":"https:\/\/umefood.dk\/da\/wp-json\/wp\/v2\/product"}],"about":[{"href":"https:\/\/umefood.dk\/da\/wp-json\/wp\/v2\/types\/product"}],"version-history":[{"count":3,"href":"https:\/\/umefood.dk\/da\/wp-json\/wp\/v2\/product\/27564\/revisions"}],"predecessor-version":[{"id":42786,"href":"https:\/\/umefood.dk\/da\/wp-json\/wp\/v2\/product\/27564\/revisions\/42786"}],"wp:featuredmedia":[{"embeddable":true,"href":"https:\/\/umefood.dk\/da\/wp-json\/wp\/v2\/media\/42785"}],"wp:attachment":[{"href":"https:\/\/umefood.dk\/da\/wp-json\/wp\/v2\/media?parent=27564"}],"wp:term":[{"taxonomy":"product_brand","embeddable":true,"href":"https:\/\/umefood.dk\/da\/wp-json\/wp\/v2\/product_brand?post=27564"},{"taxonomy":"product_cat","embeddable":true,"href":"https:\/\/umefood.dk\/da\/wp-json\/wp\/v2\/product_cat?post=27564"},{"taxonomy":"product_tag","embeddable":true,"href":"https:\/\/umefood.dk\/da\/wp-json\/wp\/v2\/product_tag?post=27564"}],"curies":[{"name":"wp","href":"https:\/\/api.w.org\/{rel}","templated":true}]}}