{"id":27578,"date":"2024-05-16T00:09:30","date_gmt":"2024-05-15T22:09:30","guid":{"rendered":"https:\/\/umefood.dk\/product\/momoya-kimchi-no-moto-kimchi-base-450g\/"},"modified":"2026-04-21T08:23:46","modified_gmt":"2026-04-21T06:23:46","slug":"momoya-kimchi-no-moto-kimchi-base-450g","status":"publish","type":"product","link":"https:\/\/umefood.dk\/da\/produkter\/momoya-kimchi-no-moto-kimchi-base-450g\/","title":{"rendered":"Momoya Kimchi No Moto\/Kimchi Base 450g"},"content":{"rendered":"<p>Ingredienser: vand, salt, hvidl\u00f8g, saccharose glucose-fructose sirup fra majs, \u00e6ble, smagsforst\u00e6rker E621, eddike, mandarin, r\u00f8d peber 6%, syltede gr\u00f8ntsager, (skalottel\u00f8g, kinak\u00e5l, salt, eddikesyre), BONITO bouillon, <strong class=\"extra-bold\">BL\u00c6KSPRUTTE<\/strong> ekstrakt, hydrolyseret SOJAPROTEIN, t\u00f8rret BONITO, surhedsregulerende middel (E330), ingef\u00e6r, tang, konsistensmiddel: E415, surhedsregulerende middel: E363, farve: E160c<br \/>\nErn\u00e6ringsoplysninger:<\/p>\n<table>\n<tbody>\n<tr>\n<th>Energi<\/th>\n<td>413kJ\/98kcal<\/td>\n<\/tr>\n<tr>\n<th>Fed<\/th>\n<td>0,6 g<\/td>\n<\/tr>\n<tr>\n<th>hvoraf m\u00e6tter<\/th>\n<td>0g<\/td>\n<\/tr>\n<tr>\n<th>Kulhydrat<\/th>\n<td>16 g<\/td>\n<\/tr>\n<tr>\n<th>heraf sukkerarter<\/th>\n<td>13g<\/td>\n<\/tr>\n<tr>\n<th>Protein<\/th>\n<td>5,6 g<\/td>\n<\/tr>\n<tr>\n<th>Salt<\/th>\n<td>14g<\/td>\n<\/tr>\n<\/tbody>\n<\/table>\n<p>V\u00e6gt: 450g<br \/>\nFremstilling: Japan<br \/>\nForsendelsesv\u00e6gt: 675g<\/p>","protected":false},"excerpt":{"rendered":"<p>Ingredients: water, salt, garlic, sucrose glucose-fructose syrup from corn, apple, flavor enhancer E621, vinegar, tangerine, red pepper 6%, pickled vegetables,<\/p>","protected":false},"featured_media":27577,"template":"","meta":{"_crdt_document":"","advanced_seo_description":"","jetpack_seo_html_title":"","jetpack_seo_noindex":false,"jetpack_publicize_message":"","jetpack_publicize_feature_enabled":true,"jetpack_social_post_already_shared":true,"jetpack_social_options":{"image_generator_settings":{"template":"highway","default_image_id":0,"font":"","enabled":false},"version":2},"_wpas_customize_per_network":false},"product_brand":[],"product_cat":[2121,1980],"product_tag":[2875,1448],"class_list":{"0":"post-27578","1":"product","2":"type-product","3":"status-publish","4":"has-post-thumbnail","6":"product_cat-japan-k","7":"product_cat-seasoning","8":"product_tag-kimchi-base","9":"product_tag-seasoning-2","11":"first","12":"instock","13":"shipping-taxable","14":"purchasable","15":"product-type-simple"},"exclude_global_add_ons":[],"addons":[],"jetpack_publicize_connections":[],"jetpack_sharing_enabled":true,"jetpack_likes_enabled":true,"_links":{"self":[{"href":"https:\/\/umefood.dk\/da\/wp-json\/wp\/v2\/product\/27578","targetHints":{"allow":["GET"]}}],"collection":[{"href":"https:\/\/umefood.dk\/da\/wp-json\/wp\/v2\/product"}],"about":[{"href":"https:\/\/umefood.dk\/da\/wp-json\/wp\/v2\/types\/product"}],"version-history":[{"count":3,"href":"https:\/\/umefood.dk\/da\/wp-json\/wp\/v2\/product\/27578\/revisions"}],"predecessor-version":[{"id":49076,"href":"https:\/\/umefood.dk\/da\/wp-json\/wp\/v2\/product\/27578\/revisions\/49076"}],"wp:featuredmedia":[{"embeddable":true,"href":"https:\/\/umefood.dk\/da\/wp-json\/wp\/v2\/media\/27577"}],"wp:attachment":[{"href":"https:\/\/umefood.dk\/da\/wp-json\/wp\/v2\/media?parent=27578"}],"wp:term":[{"taxonomy":"product_brand","embeddable":true,"href":"https:\/\/umefood.dk\/da\/wp-json\/wp\/v2\/product_brand?post=27578"},{"taxonomy":"product_cat","embeddable":true,"href":"https:\/\/umefood.dk\/da\/wp-json\/wp\/v2\/product_cat?post=27578"},{"taxonomy":"product_tag","embeddable":true,"href":"https:\/\/umefood.dk\/da\/wp-json\/wp\/v2\/product_tag?post=27578"}],"curies":[{"name":"wp","href":"https:\/\/api.w.org\/{rel}","templated":true}]}}