{"id":27664,"date":"2024-05-16T00:12:32","date_gmt":"2024-05-15T22:12:32","guid":{"rendered":"https:\/\/umefood.dk\/product\/itsuki-yakisoba-noodle-with-sauce-510g\/"},"modified":"2026-04-17T02:33:39","modified_gmt":"2026-04-17T00:33:39","slug":"itsuki-yakisoba-nudler-med-sauce-510g","status":"publish","type":"product","link":"https:\/\/umefood.dk\/da\/produkter\/itsuki-yakisoba-nudler-med-sauce-510g\/","title":{"rendered":"Itsuki Yakisoba Nuddel Med Sauce 510g"},"content":{"rendered":"<p>Ingredienser: nudler (vand, <strong class=\"extra-bold\">HVEDE<\/strong> mel, rapsolie, syrningsmiddel: E270, <strong class=\"extra-bold\">HVEDE<\/strong> <strong class=\"extra-bold\">gluten<\/strong>, bordsalt, fortykningsmiddel: E415 og E412). Sauce (Worcestershire sauce (Worcestershire sauce (l\u00f8g, tomat, \u00e6ble, appelsin, majs, ris), sukker, bordsalt, krydderier (muskatn\u00f8d, peber), hydrolyseret <strong class=\"extra-bold\">SOJA<\/strong> protein), sukker, smagsforst\u00e6rker: E621 og E635, krydderier (krydderier (hvidl\u00f8g, l\u00f8g, \u00e6ble, appelsin, kanel, fedt, peber, salvie, <strong class=\"extra-bold\">HVEDE<\/strong>), hydrolyseret protein (majs, SOJA), dextrin), bordsalt, surhedsregulerende middel: E500, farve: E150A, fortykningsmiddel: E1422).<br \/>\nErn\u00e6ringsoplysninger:<\/p>\n<table>\n<tbody>\n<tr>\n<th>Energi<\/th>\n<td>615kJ\/147kcal<\/td>\n<\/tr>\n<tr>\n<th>Fed<\/th>\n<td>1,73 g<\/td>\n<\/tr>\n<tr>\n<th>hvoraf m\u00e6tter<\/th>\n<td>0,23 g<\/td>\n<\/tr>\n<tr>\n<th>Kulhydrat<\/th>\n<td>27,81 g<\/td>\n<\/tr>\n<tr>\n<th>heraf sukkerarter<\/th>\n<td>1,1 g<\/td>\n<\/tr>\n<tr>\n<th>Protein<\/th>\n<td>5,04 g<\/td>\n<\/tr>\n<tr>\n<th>Salt<\/th>\n<td>1,9 g<\/td>\n<\/tr>\n<\/tbody>\n<\/table>\n<p>V\u00e6gt: 510g<br \/>\nFremstilling: Japan<br \/>\nForsendelsesv\u00e6gt: 560g<\/p>","protected":false},"excerpt":{"rendered":"<p>Ingredienser: nudler (vand, HVEDEmel, rapsolie, surhedsregulerende middel: E270, HVEDEgluten, bordsalt, fortykningsmiddel: E415 og E412). Sauce (Worcestershire sauce (Worcestershire)<\/p>","protected":false},"featured_media":27663,"template":"","meta":{"_crdt_document":"","advanced_seo_description":"","jetpack_seo_html_title":"","jetpack_seo_noindex":false,"jetpack_publicize_message":"","jetpack_publicize_feature_enabled":true,"jetpack_social_post_already_shared":true,"jetpack_social_options":{"image_generator_settings":{"template":"highway","default_image_id":0,"font":"","enabled":false},"version":2},"_wpas_customize_per_network":false},"product_brand":[],"product_cat":[2041,1976],"product_tag":[2166],"class_list":{"0":"post-27664","1":"product","2":"type-product","3":"status-publish","4":"has-post-thumbnail","6":"product_cat-instantfood","7":"product_cat-instantnoodles","8":"product_tag-instant-food","10":"first","11":"instock","12":"shipping-taxable","13":"purchasable","14":"product-type-simple"},"exclude_global_add_ons":[],"addons":[],"jetpack_publicize_connections":[],"jetpack_sharing_enabled":true,"jetpack_likes_enabled":true,"_links":{"self":[{"href":"https:\/\/umefood.dk\/da\/wp-json\/wp\/v2\/product\/27664","targetHints":{"allow":["GET"]}}],"collection":[{"href":"https:\/\/umefood.dk\/da\/wp-json\/wp\/v2\/product"}],"about":[{"href":"https:\/\/umefood.dk\/da\/wp-json\/wp\/v2\/types\/product"}],"version-history":[{"count":4,"href":"https:\/\/umefood.dk\/da\/wp-json\/wp\/v2\/product\/27664\/revisions"}],"predecessor-version":[{"id":45017,"href":"https:\/\/umefood.dk\/da\/wp-json\/wp\/v2\/product\/27664\/revisions\/45017"}],"wp:featuredmedia":[{"embeddable":true,"href":"https:\/\/umefood.dk\/da\/wp-json\/wp\/v2\/media\/27663"}],"wp:attachment":[{"href":"https:\/\/umefood.dk\/da\/wp-json\/wp\/v2\/media?parent=27664"}],"wp:term":[{"taxonomy":"product_brand","embeddable":true,"href":"https:\/\/umefood.dk\/da\/wp-json\/wp\/v2\/product_brand?post=27664"},{"taxonomy":"product_cat","embeddable":true,"href":"https:\/\/umefood.dk\/da\/wp-json\/wp\/v2\/product_cat?post=27664"},{"taxonomy":"product_tag","embeddable":true,"href":"https:\/\/umefood.dk\/da\/wp-json\/wp\/v2\/product_tag?post=27664"}],"curies":[{"name":"wp","href":"https:\/\/api.w.org\/{rel}","templated":true}]}}