{"id":27676,"date":"2024-05-16T00:13:06","date_gmt":"2024-05-15T22:13:06","guid":{"rendered":"https:\/\/umefood.dk\/product\/mama-instant-noodles-pork-flavour-60g\/"},"modified":"2026-04-21T08:04:39","modified_gmt":"2026-04-21T06:04:39","slug":"mama-instant-noodles-pork-flavour-60g","status":"publish","type":"product","link":"https:\/\/umefood.dk\/da\/produkter\/mama-instant-noodles-pork-flavour-60g\/","title":{"rendered":"Mama Instant Noodles Svinek\u00f8dsmag 60g"},"content":{"rendered":"<p>Ingredienser: <strong class=\"extra-bold\">HVEDE<\/strong> mel, tapiokastivelse, palmeolie, salt, sukker, smagsforst\u00e6rkere E621, E635, chilipulver, aroma (<strong class=\"extra-bold\">SESAM<\/strong>) 0.30%, t\u00f8rret for\u00e5rsl\u00f8g, surhedsregulerende middel E500, E501, E451, fortykningsmiddel: E466, SOJA sauce (<strong class=\"extra-bold\">SOJAB\u00d8NNER<\/strong>, vand, salt).<br \/>\nErn\u00e6ringsoplysninger:<\/p>\n<table>\n<tbody>\n<tr>\n<th>Energi<\/th>\n<td>279kJ\/66kcal<\/td>\n<\/tr>\n<tr>\n<th>Fed<\/th>\n<td>2,8 g<\/td>\n<\/tr>\n<tr>\n<th>hvoraf m\u00e6tter<\/th>\n<td>1,5 g<\/td>\n<\/tr>\n<tr>\n<th>Kulhydrat<\/th>\n<td>8,5 g<\/td>\n<\/tr>\n<tr>\n<th>heraf sukkerarter<\/th>\n<td>0,7 g<\/td>\n<\/tr>\n<tr>\n<th>Protein<\/th>\n<td>1,8 g<\/td>\n<\/tr>\n<tr>\n<th>Salt<\/th>\n<td>1g<\/td>\n<\/tr>\n<\/tbody>\n<\/table>\n<p>V\u00e6gt: 60g<br \/>\nFremstilling: Thailand<br \/>\nForsendelsesv\u00e6gt: 70g<\/p>","protected":false},"excerpt":{"rendered":"<p>Ingredienser: HVEDEmel, tapiokastivelse, palmeolie, salt, sukker, smagsforst\u00e6rkere E621, E635, chilipulver, aroma (SESAM) 0,30%, t\u00f8rret for\u00e5rsmel<\/p>","protected":false},"featured_media":27675,"template":"","meta":{"_crdt_document":"","advanced_seo_description":"","jetpack_seo_html_title":"","jetpack_seo_noindex":false,"jetpack_publicize_message":"","jetpack_publicize_feature_enabled":true,"jetpack_social_post_already_shared":true,"jetpack_social_options":{"image_generator_settings":{"template":"highway","default_image_id":0,"font":"","enabled":false},"version":2},"_wpas_customize_per_network":false},"product_brand":[1557],"product_cat":[2041,1976],"product_tag":[2166,2506,2501],"class_list":{"0":"post-27676","1":"product","2":"type-product","3":"status-publish","4":"has-post-thumbnail","6":"product_brand-mama","7":"product_cat-instantfood","8":"product_cat-instantnoodles","9":"product_tag-instant-food","10":"product_tag-instant-noodle","11":"product_tag-2501","13":"first","14":"instock","15":"shipping-taxable","16":"purchasable","17":"product-type-simple"},"exclude_global_add_ons":[],"addons":[],"jetpack_publicize_connections":[],"jetpack_sharing_enabled":true,"jetpack_likes_enabled":true,"_links":{"self":[{"href":"https:\/\/umefood.dk\/da\/wp-json\/wp\/v2\/product\/27676","targetHints":{"allow":["GET"]}}],"collection":[{"href":"https:\/\/umefood.dk\/da\/wp-json\/wp\/v2\/product"}],"about":[{"href":"https:\/\/umefood.dk\/da\/wp-json\/wp\/v2\/types\/product"}],"version-history":[{"count":3,"href":"https:\/\/umefood.dk\/da\/wp-json\/wp\/v2\/product\/27676\/revisions"}],"predecessor-version":[{"id":45037,"href":"https:\/\/umefood.dk\/da\/wp-json\/wp\/v2\/product\/27676\/revisions\/45037"}],"wp:featuredmedia":[{"embeddable":true,"href":"https:\/\/umefood.dk\/da\/wp-json\/wp\/v2\/media\/27675"}],"wp:attachment":[{"href":"https:\/\/umefood.dk\/da\/wp-json\/wp\/v2\/media?parent=27676"}],"wp:term":[{"taxonomy":"product_brand","embeddable":true,"href":"https:\/\/umefood.dk\/da\/wp-json\/wp\/v2\/product_brand?post=27676"},{"taxonomy":"product_cat","embeddable":true,"href":"https:\/\/umefood.dk\/da\/wp-json\/wp\/v2\/product_cat?post=27676"},{"taxonomy":"product_tag","embeddable":true,"href":"https:\/\/umefood.dk\/da\/wp-json\/wp\/v2\/product_tag?post=27676"}],"curies":[{"name":"wp","href":"https:\/\/api.w.org\/{rel}","templated":true}]}}