{"id":27686,"date":"2024-05-16T00:13:36","date_gmt":"2024-05-15T22:13:36","guid":{"rendered":"https:\/\/umefood.dk\/product\/indomie-mi-goreng-barbeque-chicken-flavour-noodles-80g\/"},"modified":"2026-04-18T16:29:33","modified_gmt":"2026-04-18T14:29:33","slug":"indomie-mi-goreng-barbecue-kyllingesmagsnudler-80g","status":"publish","type":"product","link":"https:\/\/umefood.dk\/da\/produkter\/indomie-mi-goreng-barbecue-kyllingesmagsnudler-80g\/","title":{"rendered":"Indomie Mi Goreng nudler med barbecue-kyllingesmag 80 g"},"content":{"rendered":"<p>Ingredienser: nudler (83.4%): <strong class=\"extra-bold\">HVEDE<\/strong> mel (67%), raffineret palmeolie (indeholder antioxidant: E319), salt, surhedsregulerende middel: (E452, E501, E500), fortykningsmiddel: E412, farve: E101. \/Krydderpulver (5.8%): sukker, salt, smagsforst\u00e6rker: (E621, E631, E627), l\u00f8g, smagsstof, hvidl\u00f8g, farve: E150a, hvid peber, antiklumpningsmiddel E551, chili. Krydderiolie (6.6%): raffineret palmeolie (indeholder antioxidant: E319), hvidl\u00f8g, skalottel\u00f8g. \/S\u00f8d <strong class=\"extra-bold\">SOJA<\/strong> sauce (4.2%): sukker, vand, <strong class=\"extra-bold\">SOJA<\/strong> b\u00f8nne, <strong class=\"extra-bold\">HVEDE<\/strong>, salt, krydderier, vegetabilsk olie (<strong class=\"extra-bold\">SESAM<\/strong>).Kan indeholde spor af: <strong class=\"extra-bold\">JORDN\u00d8DDER<\/strong>, <strong class=\"extra-bold\">KRABSDYR<\/strong>, <strong class=\"extra-bold\">FISK<\/strong>, <strong class=\"extra-bold\">\u00c6G<\/strong>, TR\u00c6 <strong class=\"extra-bold\">N\u00d8DDER<\/strong>, <strong class=\"extra-bold\">M\u00c6LK<\/strong>, <strong class=\"extra-bold\">SELLERI<\/strong>.<br \/>\nErn\u00e6ringsoplysninger:<\/p>\n<table>\n<tbody>\n<tr>\n<th>Energi<\/th>\n<td>1983kJ\/473kcal<\/td>\n<\/tr>\n<tr>\n<th>Fed<\/th>\n<td>20,5 g<\/td>\n<\/tr>\n<tr>\n<th>hvoraf m\u00e6tter<\/th>\n<td>9,9 g<\/td>\n<\/tr>\n<tr>\n<th>Kulhydrat<\/th>\n<td>61,7 g<\/td>\n<\/tr>\n<tr>\n<th>heraf sukkerarter<\/th>\n<td>5,6 g<\/td>\n<\/tr>\n<tr>\n<th>Protein<\/th>\n<td>8,5 g<\/td>\n<\/tr>\n<tr>\n<th>Salt<\/th>\n<td>2,6 g<\/td>\n<\/tr>\n<\/tbody>\n<\/table>\n<p>V\u00e6gt: 80g<br \/>\nFremstilling: Indonesisk<br \/>\nForsendelsesv\u00e6gt: 90g<\/p>","protected":false},"excerpt":{"rendered":"<p>Ingredienser: nudler (83.4%): HVEDEmel (67%), raffineret palmeolie (indeholder antioxidant: E319), salt, surhedsregulerende middel: (E452, E501, E500), fortykningsmiddel: E412,<\/p>","protected":false},"featured_media":27685,"template":"","meta":{"_crdt_document":"","advanced_seo_description":"","jetpack_seo_html_title":"","jetpack_seo_noindex":false,"jetpack_publicize_message":"","jetpack_publicize_feature_enabled":true,"jetpack_social_post_already_shared":true,"jetpack_social_options":{"image_generator_settings":{"template":"highway","default_image_id":0,"font":"","enabled":false},"version":2},"_wpas_customize_per_network":false},"product_brand":[],"product_cat":[2041,1976],"product_tag":[2166],"class_list":{"0":"post-27686","1":"product","2":"type-product","3":"status-publish","4":"has-post-thumbnail","6":"product_cat-instantfood","7":"product_cat-instantnoodles","8":"product_tag-instant-food","10":"first","11":"instock","12":"shipping-taxable","13":"purchasable","14":"product-type-simple"},"exclude_global_add_ons":[],"addons":[],"jetpack_publicize_connections":[],"jetpack_sharing_enabled":true,"jetpack_likes_enabled":true,"_links":{"self":[{"href":"https:\/\/umefood.dk\/da\/wp-json\/wp\/v2\/product\/27686","targetHints":{"allow":["GET"]}}],"collection":[{"href":"https:\/\/umefood.dk\/da\/wp-json\/wp\/v2\/product"}],"about":[{"href":"https:\/\/umefood.dk\/da\/wp-json\/wp\/v2\/types\/product"}],"version-history":[{"count":4,"href":"https:\/\/umefood.dk\/da\/wp-json\/wp\/v2\/product\/27686\/revisions"}],"predecessor-version":[{"id":45015,"href":"https:\/\/umefood.dk\/da\/wp-json\/wp\/v2\/product\/27686\/revisions\/45015"}],"wp:featuredmedia":[{"embeddable":true,"href":"https:\/\/umefood.dk\/da\/wp-json\/wp\/v2\/media\/27685"}],"wp:attachment":[{"href":"https:\/\/umefood.dk\/da\/wp-json\/wp\/v2\/media?parent=27686"}],"wp:term":[{"taxonomy":"product_brand","embeddable":true,"href":"https:\/\/umefood.dk\/da\/wp-json\/wp\/v2\/product_brand?post=27686"},{"taxonomy":"product_cat","embeddable":true,"href":"https:\/\/umefood.dk\/da\/wp-json\/wp\/v2\/product_cat?post=27686"},{"taxonomy":"product_tag","embeddable":true,"href":"https:\/\/umefood.dk\/da\/wp-json\/wp\/v2\/product_tag?post=27686"}],"curies":[{"name":"wp","href":"https:\/\/api.w.org\/{rel}","templated":true}]}}