{"id":27692,"date":"2024-05-16T00:13:47","date_gmt":"2024-05-15T22:13:47","guid":{"rendered":"https:\/\/umefood.dk\/product\/mama-pho-bo-rice-noodles-beef-bowl-65g\/"},"modified":"2026-04-18T16:12:51","modified_gmt":"2026-04-18T14:12:51","slug":"mama-pho-bo-rice-noodles-beef-bowl-65g","status":"publish","type":"product","link":"https:\/\/umefood.dk\/da\/produkter\/mama-pho-bo-rice-noodles-beef-bowl-65g\/","title":{"rendered":"Mama Pho Bo Risnudler Oksesk\u00e5l 65g"},"content":{"rendered":"<p>Ingredients: rice 72%, salt, tapioca starch, sugar, <strong class=\"extra-bold\">SOYBEAN<\/strong> oil, flavor enhancer: E621, E635, beef flavor (maltodextrin, onion, garlic, salt, <strong class=\"extra-bold\">SOYBEAN<\/strong> oil, flavoring, coconut oil), onion, palm oil, powder SOY sauce (soy, salt, <strong class=\"extra-bold\">wheat<\/strong>) , SOY protein (SOY, palm oil, cocoa), dried leek, dried carrot, flavor of long coriander leaves (Eryngium foetidum L.), <strong class=\"extra-bold\">FISH<\/strong> sauce (<strong class=\"extra-bold\">FISH<\/strong> [Stolephorus spp.]), salt, sugar ), chili powder, colour: E150a, pepper powder, garlic powder, to taste.<br \/>\nNutritional Information:<\/p>\n<table>\n<tbody>\n<tr>\n<th>Energy<\/th>\n<td>1529kJ\/362kcal<\/td>\n<\/tr>\n<tr>\n<th>Fat<\/th>\n<td>5.6g<\/td>\n<\/tr>\n<tr>\n<th>of which Saturates<\/th>\n<td>1.9g<\/td>\n<\/tr>\n<tr>\n<th>Carbohydrate<\/th>\n<td>69g<\/td>\n<\/tr>\n<tr>\n<th>of which Sugars<\/th>\n<td>4.9g<\/td>\n<\/tr>\n<tr>\n<th>Protein<\/th>\n<td>7.9g<\/td>\n<\/tr>\n<tr>\n<th>Salt<\/th>\n<td>7.5g<\/td>\n<\/tr>\n<\/tbody>\n<\/table>\n<p>Weight: 65g<br \/>\nManufacture: Thailand<br \/>\nShipping Weight: 100g<\/p>\n","protected":false},"excerpt":{"rendered":"<p>Ingredienser: ris 72%, salt, tapiokastivelse, sukker, SOJAB\u00d8NNEolie, smagsforst\u00e6rker: E621, E635, oksek\u00f8dsaroma (maltodextrin, l\u00f8g, hvidl\u00f8g, salt, SOJAB\u00d8NNE<\/p>","protected":false},"featured_media":44059,"template":"","meta":{"_crdt_document":"","advanced_seo_description":"","jetpack_seo_html_title":"","jetpack_seo_noindex":false,"jetpack_publicize_message":"","jetpack_publicize_feature_enabled":true,"jetpack_social_post_already_shared":true,"jetpack_social_options":{"image_generator_settings":{"template":"highway","default_image_id":0,"font":"","enabled":false},"version":2},"_wpas_customize_per_network":false},"product_brand":[1557],"product_cat":[2041,1976,2114],"product_tag":[2166,2506,2501],"class_list":{"0":"post-27692","1":"product","2":"type-product","3":"status-publish","4":"has-post-thumbnail","6":"product_brand-mama","7":"product_cat-instantfood","8":"product_cat-instantnoodles","9":"product_cat-instantrice-glassnoodles","10":"product_tag-instant-food","11":"product_tag-instant-noodle","12":"product_tag-2501","14":"first","15":"instock","16":"shipping-taxable","17":"purchasable","18":"product-type-simple"},"exclude_global_add_ons":[],"addons":[],"jetpack_publicize_connections":[],"jetpack_sharing_enabled":true,"jetpack_likes_enabled":true,"_links":{"self":[{"href":"https:\/\/umefood.dk\/da\/wp-json\/wp\/v2\/product\/27692","targetHints":{"allow":["GET"]}}],"collection":[{"href":"https:\/\/umefood.dk\/da\/wp-json\/wp\/v2\/product"}],"about":[{"href":"https:\/\/umefood.dk\/da\/wp-json\/wp\/v2\/types\/product"}],"version-history":[{"count":3,"href":"https:\/\/umefood.dk\/da\/wp-json\/wp\/v2\/product\/27692\/revisions"}],"predecessor-version":[{"id":44061,"href":"https:\/\/umefood.dk\/da\/wp-json\/wp\/v2\/product\/27692\/revisions\/44061"}],"wp:featuredmedia":[{"embeddable":true,"href":"https:\/\/umefood.dk\/da\/wp-json\/wp\/v2\/media\/44059"}],"wp:attachment":[{"href":"https:\/\/umefood.dk\/da\/wp-json\/wp\/v2\/media?parent=27692"}],"wp:term":[{"taxonomy":"product_brand","embeddable":true,"href":"https:\/\/umefood.dk\/da\/wp-json\/wp\/v2\/product_brand?post=27692"},{"taxonomy":"product_cat","embeddable":true,"href":"https:\/\/umefood.dk\/da\/wp-json\/wp\/v2\/product_cat?post=27692"},{"taxonomy":"product_tag","embeddable":true,"href":"https:\/\/umefood.dk\/da\/wp-json\/wp\/v2\/product_tag?post=27692"}],"curies":[{"name":"wp","href":"https:\/\/api.w.org\/{rel}","templated":true}]}}