{"id":27708,"date":"2024-05-16T00:15:48","date_gmt":"2024-05-15T22:15:48","guid":{"rendered":"https:\/\/umefood.dk\/product\/nissin-soba-peking-duck-cup-noodles-87g\/"},"modified":"2026-04-16T02:11:17","modified_gmt":"2026-04-16T00:11:17","slug":"nissin-soba-peking-duck-cup-noodles-87g","status":"publish","type":"product","link":"https:\/\/umefood.dk\/da\/produkter\/nissin-soba-peking-duck-cup-noodles-87g\/","title":{"rendered":"Nissin Soba Peking Duck Cup Nudler 87g"},"content":{"rendered":"<p>Ingredienser: nudler 74.7%: <strong class=\"extra-bold\">HVEDE<\/strong> mel, palmeolie, salt, smagsforst\u00e6rker: E621, surhedsregulerende middel: E500, E330, stabilisator: E451, antioxidant: E306. Sauce 22.4%: Sukker, rapsolie, SOJA sauce (vand, <strong class=\"extra-bold\">SOJA B\u00d8NNER<\/strong>, <strong class=\"extra-bold\">HVEDE<\/strong> salt), dextrose, vand, smagsforst\u00e6rkere: E621, E635, <strong class=\"extra-bold\">SOJAB\u00d8NNER<\/strong> pasta (vand, <strong class=\"extra-bold\">SOJA B\u00d8NNER<\/strong>, salt, ris, sukker, modificeret stivelse), hydrolyseret majsprotein, aroma, salt, modificeret stivelse, brandy eddike, kyllingefedt, farve (karamel), krydderi, gulerod, stykker andek\u00f8d 0.9%, for\u00e5rsl\u00f8g.<br \/>\nErn\u00e6ringsoplysninger:<\/p>\n<table>\n<tbody>\n<tr>\n<th>Energi<\/th>\n<td>879kJ\/210kcal<\/td>\n<\/tr>\n<tr>\n<th>Fed<\/th>\n<td>9,5 g<\/td>\n<\/tr>\n<tr>\n<th>hvoraf m\u00e6tter<\/th>\n<td>4g<\/td>\n<\/tr>\n<tr>\n<th>Kulhydrat<\/th>\n<td>25,7 g<\/td>\n<\/tr>\n<tr>\n<th>heraf sukkerarter<\/th>\n<td>4,7 g<\/td>\n<\/tr>\n<tr>\n<th>Protein<\/th>\n<td>4,5 g<\/td>\n<\/tr>\n<tr>\n<th>Salt<\/th>\n<td>1,3 g<\/td>\n<\/tr>\n<\/tbody>\n<\/table>\n<p>V\u00e6gt: 87g<br \/>\nFremstilling: Ungarn<br \/>\nForsendelsesv\u00e6gt: 120g<\/p>","protected":false},"excerpt":{"rendered":"<p>Ingredients: noodles 74.7%: WHEAT flour, palm oil, salt, flavor enhancer: E621, acidity regulators: E500, E330, stabilizer: E451, antioxidant: E306. Sauce<\/p>","protected":false},"featured_media":27707,"template":"","meta":{"_crdt_document":"","advanced_seo_description":"","jetpack_seo_html_title":"","jetpack_seo_noindex":false,"jetpack_publicize_message":"","jetpack_publicize_feature_enabled":true,"jetpack_social_post_already_shared":true,"jetpack_social_options":{"image_generator_settings":{"template":"highway","default_image_id":0,"font":"","enabled":false},"version":2},"_wpas_customize_per_network":false},"product_brand":[2304],"product_cat":[2041,1976],"product_tag":[2166,2153,2591,2592],"class_list":{"0":"post-27708","1":"product","2":"type-product","3":"status-publish","4":"has-post-thumbnail","6":"product_brand-nissin","7":"product_cat-instantfood","8":"product_cat-instantnoodles","9":"product_tag-instant-food","10":"product_tag-instant-noodles","11":"product_tag-nissin","12":"product_tag-2592","14":"first","15":"instock","16":"shipping-taxable","17":"purchasable","18":"product-type-simple"},"exclude_global_add_ons":[],"addons":[],"jetpack_publicize_connections":[],"jetpack_sharing_enabled":true,"jetpack_likes_enabled":true,"_links":{"self":[{"href":"https:\/\/umefood.dk\/da\/wp-json\/wp\/v2\/product\/27708","targetHints":{"allow":["GET"]}}],"collection":[{"href":"https:\/\/umefood.dk\/da\/wp-json\/wp\/v2\/product"}],"about":[{"href":"https:\/\/umefood.dk\/da\/wp-json\/wp\/v2\/types\/product"}],"version-history":[{"count":4,"href":"https:\/\/umefood.dk\/da\/wp-json\/wp\/v2\/product\/27708\/revisions"}],"predecessor-version":[{"id":45104,"href":"https:\/\/umefood.dk\/da\/wp-json\/wp\/v2\/product\/27708\/revisions\/45104"}],"wp:featuredmedia":[{"embeddable":true,"href":"https:\/\/umefood.dk\/da\/wp-json\/wp\/v2\/media\/27707"}],"wp:attachment":[{"href":"https:\/\/umefood.dk\/da\/wp-json\/wp\/v2\/media?parent=27708"}],"wp:term":[{"taxonomy":"product_brand","embeddable":true,"href":"https:\/\/umefood.dk\/da\/wp-json\/wp\/v2\/product_brand?post=27708"},{"taxonomy":"product_cat","embeddable":true,"href":"https:\/\/umefood.dk\/da\/wp-json\/wp\/v2\/product_cat?post=27708"},{"taxonomy":"product_tag","embeddable":true,"href":"https:\/\/umefood.dk\/da\/wp-json\/wp\/v2\/product_tag?post=27708"}],"curies":[{"name":"wp","href":"https:\/\/api.w.org\/{rel}","templated":true}]}}