{"id":27989,"date":"2024-05-16T00:26:18","date_gmt":"2024-05-15T22:26:18","guid":{"rendered":"https:\/\/umefood.dk\/product\/chicken-soup-dumplings-300g-tct\/"},"modified":"2026-04-21T08:00:31","modified_gmt":"2026-04-21T06:00:31","slug":"chicken-soup-dumplings-300g-tct","status":"publish","type":"product","link":"https:\/\/umefood.dk\/da\/produkter\/chicken-soup-dumplings-300g-tct\/","title":{"rendered":"Kyllingesuppedumplings 300g TCT (kan kun k\u00f8bes i butikken)"},"content":{"rendered":"<p>Ingredienser (EN): Vand, <strong class=\"extra-bold\">hvede<\/strong> mel, kylling 19%, spidsk\u00e5l, vegetabilsk olie<br \/>\n(<strong class=\"extra-bold\">sojab\u00f8nner<\/strong> olie, <strong class=\"extra-bold\">sesam<\/strong> olie), ingef\u00e6r, sojaprotein, sojasovs (vand, <strong class=\"extra-bold\">sojab\u00f8nner<\/strong>, <strong class=\"extra-bold\">hvede<\/strong>, salt), sukker, salt, g\u00e6rekstrakt, trehalose, majsstivelse, sort peber, agar, krydderiblanding (h\u00e6vemiddel E500, salt, oligofructose, surhedsregulerende middel E331, sukker).<br \/>\nErn\u00e6ringsoplysninger:<\/p>\n<table>\n<tbody>\n<tr>\n<th>Energi<\/th>\n<td>727kJ\/174kcal<\/td>\n<\/tr>\n<tr>\n<th>Fed<\/th>\n<td>7.7<\/td>\n<\/tr>\n<tr>\n<th>hvoraf m\u00e6tter<\/th>\n<td>2.2<\/td>\n<\/tr>\n<tr>\n<th>Kulhydrat<\/th>\n<td>17<\/td>\n<\/tr>\n<tr>\n<th>heraf sukkerarter<\/th>\n<td>0<\/td>\n<\/tr>\n<tr>\n<th>Protein<\/th>\n<td>9<\/td>\n<\/tr>\n<tr>\n<th>Salt<\/th>\n<td>1.17<\/td>\n<\/tr>\n<\/tbody>\n<\/table>\n<p>V\u00e6gt: 300<br \/>\nFremstilling: Kina<br \/>\nForsendelsesv\u00e6gt: 330<\/p>","protected":false},"excerpt":{"rendered":"<p>Ingredienser (EN): Vand, hvedemel, kylling 19%, for\u00e5rsl\u00f8g, vegetabilsk olie (sojab\u00f8nneolie, sesamolie), ingef\u00e6r, sojaprotein, sojasauce (vand,<\/p>","protected":false},"featured_media":40115,"template":"","meta":{"_crdt_document":"","advanced_seo_description":"","jetpack_seo_html_title":"","jetpack_seo_noindex":false,"jetpack_publicize_message":"","jetpack_publicize_feature_enabled":true,"jetpack_social_post_already_shared":true,"jetpack_social_options":{"image_generator_settings":{"template":"highway","default_image_id":0,"font":"","enabled":false},"version":2},"_wpas_customize_per_network":false},"product_brand":[],"product_cat":[2111,2108,1380],"product_tag":[2184,2183],"class_list":{"0":"post-27989","1":"product","2":"type-product","3":"status-publish","4":"has-post-thumbnail","6":"product_cat-dimsum","7":"product_cat-dumplings","8":"product_cat-frozenfood","9":"product_tag-dimsum","10":"product_tag-frozen","12":"first","13":"instock","14":"shipping-taxable","15":"purchasable","16":"product-type-simple"},"exclude_global_add_ons":[],"addons":[],"jetpack_publicize_connections":[],"jetpack_sharing_enabled":true,"jetpack_likes_enabled":true,"_links":{"self":[{"href":"https:\/\/umefood.dk\/da\/wp-json\/wp\/v2\/product\/27989","targetHints":{"allow":["GET"]}}],"collection":[{"href":"https:\/\/umefood.dk\/da\/wp-json\/wp\/v2\/product"}],"about":[{"href":"https:\/\/umefood.dk\/da\/wp-json\/wp\/v2\/types\/product"}],"version-history":[{"count":3,"href":"https:\/\/umefood.dk\/da\/wp-json\/wp\/v2\/product\/27989\/revisions"}],"predecessor-version":[{"id":40116,"href":"https:\/\/umefood.dk\/da\/wp-json\/wp\/v2\/product\/27989\/revisions\/40116"}],"wp:featuredmedia":[{"embeddable":true,"href":"https:\/\/umefood.dk\/da\/wp-json\/wp\/v2\/media\/40115"}],"wp:attachment":[{"href":"https:\/\/umefood.dk\/da\/wp-json\/wp\/v2\/media?parent=27989"}],"wp:term":[{"taxonomy":"product_brand","embeddable":true,"href":"https:\/\/umefood.dk\/da\/wp-json\/wp\/v2\/product_brand?post=27989"},{"taxonomy":"product_cat","embeddable":true,"href":"https:\/\/umefood.dk\/da\/wp-json\/wp\/v2\/product_cat?post=27989"},{"taxonomy":"product_tag","embeddable":true,"href":"https:\/\/umefood.dk\/da\/wp-json\/wp\/v2\/product_tag?post=27989"}],"curies":[{"name":"wp","href":"https:\/\/api.w.org\/{rel}","templated":true}]}}