{"id":29048,"date":"2024-09-18T22:08:08","date_gmt":"2024-09-18T20:08:08","guid":{"rendered":"https:\/\/umefood.dk\/product\/daesang-chung-jung-bbq-bulgogi-marinade-for-beef-280g\/"},"modified":"2026-04-24T02:11:01","modified_gmt":"2026-04-24T00:11:01","slug":"daesang-chung-jung-bbq-bulgogi-marinade-for-beef-280g","status":"publish","type":"product","link":"https:\/\/umefood.dk\/da\/produkter\/daesang-chung-jung-bbq-bulgogi-marinade-for-beef-280g\/","title":{"rendered":"O&#039;Food BBQ Bulgogi Marinade Til Oksek\u00f8d 280g"},"content":{"rendered":"<p>Ingredienser: brygget sojasauce (<strong class=\"extra-bold\">Soja<\/strong>, <strong class=\"extra-bold\">Hvede<\/strong>, Salt, Vand, Glukosesirup, <strong class=\"extra-bold\">\u00d8sters<\/strong> Ekstrakt), sukker, frugtpur\u00e9 (p\u00e6re, \u00e6ble, kiwi, ananas), majssirup med h\u00f8j fructose, vand, hvidl\u00f8g, smagsforst\u00e6rker (mononatriumglutamat, dinatriumguanylat, dinatriuminosinat), salt, r\u00f8dvin, stabilisator (xanthangummi), Sort peber, citronsyre.<br \/>\nErn\u00e6ringsoplysninger:<\/p>\n<table>\n<tbody>\n<tr>\n<th>Energi<\/th>\n<td>774kJ\/185kcal<\/td>\n<\/tr>\n<tr>\n<th>Fed<\/th>\n<td>0,8 g<\/td>\n<\/tr>\n<tr>\n<th>hvoraf m\u00e6tter<\/th>\n<td>0,4 g<\/td>\n<\/tr>\n<tr>\n<th>Kulhydrat<\/th>\n<td>41 g<\/td>\n<\/tr>\n<tr>\n<th>heraf sukkerarter<\/th>\n<td>36g<\/td>\n<\/tr>\n<tr>\n<th>Protein<\/th>\n<td>3,6 g<\/td>\n<\/tr>\n<tr>\n<th>Salt<\/th>\n<td>5,2 g<\/td>\n<\/tr>\n<\/tbody>\n<\/table>\n<p>V\u00e6gt: 280g<br \/>\nFremstilling: Korea<br \/>\nForsendelsesv\u00e6gt: 318g<\/p>","protected":false},"excerpt":{"rendered":"<p>Ingredienser: brygget sojasauce (soja, hvede, salt, vand, glukosesirup, \u00f8stersekstrakt), sukker, frugtpur\u00e9 (p\u00e6re, \u00e6ble, kiwi, ananas), h\u00f8jt<\/p>","protected":false},"featured_media":29047,"template":"","meta":{"_crdt_document":"","advanced_seo_description":"","jetpack_seo_html_title":"","jetpack_seo_noindex":false,"jetpack_publicize_message":"","jetpack_publicize_feature_enabled":true,"jetpack_social_post_already_shared":true,"jetpack_social_options":{"image_generator_settings":{"template":"highway","default_image_id":0,"font":"","enabled":false},"version":2},"_wpas_customize_per_network":false},"product_brand":[],"product_cat":[2121,2290,1980],"product_tag":[2678,1448],"class_list":{"0":"post-29048","1":"product","2":"type-product","3":"status-publish","4":"has-post-thumbnail","6":"product_cat-japan-k","7":"product_cat-other-sauce","8":"product_cat-seasoning","9":"product_tag-2678","10":"product_tag-seasoning-2","12":"first","13":"instock","14":"shipping-taxable","15":"purchasable","16":"product-type-simple"},"exclude_global_add_ons":[],"addons":[],"jetpack_publicize_connections":[],"jetpack_sharing_enabled":true,"jetpack_likes_enabled":true,"_links":{"self":[{"href":"https:\/\/umefood.dk\/da\/wp-json\/wp\/v2\/product\/29048","targetHints":{"allow":["GET"]}}],"collection":[{"href":"https:\/\/umefood.dk\/da\/wp-json\/wp\/v2\/product"}],"about":[{"href":"https:\/\/umefood.dk\/da\/wp-json\/wp\/v2\/types\/product"}],"version-history":[{"count":4,"href":"https:\/\/umefood.dk\/da\/wp-json\/wp\/v2\/product\/29048\/revisions"}],"predecessor-version":[{"id":46611,"href":"https:\/\/umefood.dk\/da\/wp-json\/wp\/v2\/product\/29048\/revisions\/46611"}],"wp:featuredmedia":[{"embeddable":true,"href":"https:\/\/umefood.dk\/da\/wp-json\/wp\/v2\/media\/29047"}],"wp:attachment":[{"href":"https:\/\/umefood.dk\/da\/wp-json\/wp\/v2\/media?parent=29048"}],"wp:term":[{"taxonomy":"product_brand","embeddable":true,"href":"https:\/\/umefood.dk\/da\/wp-json\/wp\/v2\/product_brand?post=29048"},{"taxonomy":"product_cat","embeddable":true,"href":"https:\/\/umefood.dk\/da\/wp-json\/wp\/v2\/product_cat?post=29048"},{"taxonomy":"product_tag","embeddable":true,"href":"https:\/\/umefood.dk\/da\/wp-json\/wp\/v2\/product_tag?post=29048"}],"curies":[{"name":"wp","href":"https:\/\/api.w.org\/{rel}","templated":true}]}}