{"id":29094,"date":"2024-09-18T22:09:56","date_gmt":"2024-09-18T20:09:56","guid":{"rendered":"https:\/\/umefood.dk\/product\/nongshim-shrimp-flavored-cracker-hot-75g\/"},"modified":"2026-04-19T02:30:38","modified_gmt":"2026-04-19T00:30:38","slug":"nongshim-shrimp-flavored-cracker-hot-75g","status":"publish","type":"product","link":"https:\/\/umefood.dk\/da\/produkter\/nongshim-shrimp-flavored-cracker-hot-75g\/","title":{"rendered":"Nongshim Reje smagt Cracker Hot 75g"},"content":{"rendered":"<p>Ingredienser: <strong class=\"extra-bold\">Hvede<\/strong> mel, risklidolie, majsstivelse, <strong class=\"extra-bold\">Reje<\/strong> (8.3%), Palmeolie, Sukker, Fortykningsmiddel: E1404, Salt, Dextrin, Kimchi-krydderi (k\u00e5l, r\u00f8d chilipeber, hvidl\u00f8g, salt), r\u00f8d chilipeber, glukose, g\u00e6rekstrakt, l\u00f8g, affedtet sojamel, ansjos, <strong class=\"extra-bold\">Hvede<\/strong> Stivelse, Bonito, Tun.<br \/>Ern\u00e6ringsoplysninger:<\/p>\n<table>\n<tr>\n<th>Energi<\/th>\n<td>2077kJ\/496kcal<\/td>\n<\/tr>\n<tr>\n<th>Fed<\/th>\n<td>24g<\/td>\n<\/tr>\n<tr>\n<th>hvoraf m\u00e6tter<\/th>\n<td>8,6 g<\/td>\n<\/tr>\n<tr>\n<th>Kulhydrat<\/th>\n<td>62g<\/td>\n<\/tr>\n<tr>\n<th>heraf sukkerarter<\/th>\n<td>5,9 g<\/td>\n<\/tr>\n<tr>\n<th>Protein<\/th>\n<td>6,5 g<\/td>\n<\/tr>\n<tr>\n<th>Salt<\/th>\n<td>1,5 g<\/td>\n<\/tr>\n<\/table>\n<p>V\u00e6gt: 75g<br \/>Fremstilling: Korea<br \/>Forsendelsesv\u00e6gt: 83g<\/p>","protected":false},"excerpt":{"rendered":"<p>Ingredienser: Hvedemel, risklidolie, majsstivelse, rejer (8.3%), palmeolie, sukker, fortykningsmiddel: E1404, salt, dextrin, kimchikrydderi (k\u00e5l,<\/p>","protected":false},"featured_media":29093,"template":"","meta":{"_crdt_document":"","advanced_seo_description":"","jetpack_seo_html_title":"","jetpack_seo_noindex":false,"jetpack_publicize_message":"","jetpack_publicize_feature_enabled":true,"jetpack_social_post_already_shared":true,"jetpack_social_options":{"image_generator_settings":{"template":"highway","default_image_id":0,"font":"","enabled":false},"version":2},"_wpas_customize_per_network":false},"product_brand":[2414],"product_cat":[1978,2094],"product_tag":[2156],"class_list":{"0":"post-29094","1":"product","2":"type-product","3":"status-publish","4":"has-post-thumbnail","6":"product_brand-nongshim","7":"product_cat-chips","8":"product_cat-snacks","9":"product_tag-2156","11":"first","12":"instock","13":"shipping-taxable","14":"purchasable","15":"product-type-simple"},"exclude_global_add_ons":[],"addons":[],"jetpack_publicize_connections":[],"jetpack_sharing_enabled":true,"jetpack_likes_enabled":true,"_links":{"self":[{"href":"https:\/\/umefood.dk\/da\/wp-json\/wp\/v2\/product\/29094","targetHints":{"allow":["GET"]}}],"collection":[{"href":"https:\/\/umefood.dk\/da\/wp-json\/wp\/v2\/product"}],"about":[{"href":"https:\/\/umefood.dk\/da\/wp-json\/wp\/v2\/types\/product"}],"version-history":[{"count":1,"href":"https:\/\/umefood.dk\/da\/wp-json\/wp\/v2\/product\/29094\/revisions"}],"predecessor-version":[{"id":34163,"href":"https:\/\/umefood.dk\/da\/wp-json\/wp\/v2\/product\/29094\/revisions\/34163"}],"wp:featuredmedia":[{"embeddable":true,"href":"https:\/\/umefood.dk\/da\/wp-json\/wp\/v2\/media\/29093"}],"wp:attachment":[{"href":"https:\/\/umefood.dk\/da\/wp-json\/wp\/v2\/media?parent=29094"}],"wp:term":[{"taxonomy":"product_brand","embeddable":true,"href":"https:\/\/umefood.dk\/da\/wp-json\/wp\/v2\/product_brand?post=29094"},{"taxonomy":"product_cat","embeddable":true,"href":"https:\/\/umefood.dk\/da\/wp-json\/wp\/v2\/product_cat?post=29094"},{"taxonomy":"product_tag","embeddable":true,"href":"https:\/\/umefood.dk\/da\/wp-json\/wp\/v2\/product_tag?post=29094"}],"curies":[{"name":"wp","href":"https:\/\/api.w.org\/{rel}","templated":true}]}}