{"id":29228,"date":"2024-09-18T22:15:22","date_gmt":"2024-09-18T20:15:22","guid":{"rendered":"https:\/\/umefood.dk\/product\/morinaga-hi-chew-bag-strawberry-grapegreen-apple-110g\/"},"modified":"2026-04-19T02:31:56","modified_gmt":"2026-04-19T00:31:56","slug":"morinaga-hi-chew-bag-strawberry-grapegreen-apple-110g","status":"publish","type":"product","link":"https:\/\/umefood.dk\/da\/produkter\/morinaga-hi-chew-bag-strawberry-grapegreen-apple-110g\/","title":{"rendered":"Morinaga Hi-Chew Bag Jordb\u00e6rdrue og gr\u00f8nt \u00e6ble 110g"},"content":{"rendered":"<p>Ingrediensliste: Glukosesirup, saccharose, fuldt hydrogeneret palmekerneolie, gelatine, smagsstoffer (indeholder surhedsregulerende middel (E260), konserveringsmiddel (E422), ananasjuicekoncentrat, honning, citronsaftkoncentrat), surhedsregulerende middel (E296, ,E33070) ), Emulgator (E473, E491), druesaftkoncentrat, \u00e6blejuicekoncentrat, gr\u00f8ntsagsekstrakt (gr\u00e6skarjuice, spirulina, \u00e6blejuice, glukosesirup, surhedsregulerende middel (E330)), fryset\u00f8rret jordb\u00e6rpulver, fryset\u00f8rret \u00e6blepulver, Frugt- og gr\u00f8ntsagsekstrakt (gulerodsjuice, bl\u00e5b\u00e6rjuice, surhedsregulerende middel (E330)), anthocyanin (maltodextrin, lilla gulerodsekstrakt, surhedsregulerende middel (E330)), drueekstrakt, jordb\u00e6rjuicekoncentrat<br \/>Ern\u00e6ringsoplysninger:<\/p>\n<table>\n<tr>\n<th>Energi<\/th>\n<td>1755kJ\/418kcal<\/td>\n<\/tr>\n<tr>\n<th>Fed<\/th>\n<td>8,4 g<\/td>\n<\/tr>\n<tr>\n<th>hvoraf m\u00e6tter<\/th>\n<td>8,1 g<\/td>\n<\/tr>\n<tr>\n<th>Kulhydrat<\/th>\n<td>84g<\/td>\n<\/tr>\n<tr>\n<th>heraf sukkerarter<\/th>\n<td>56,6 g<\/td>\n<\/tr>\n<tr>\n<th>Protein<\/th>\n<td>1,6 g<\/td>\n<\/tr>\n<tr>\n<th>Salt<\/th>\n<td>0,01 g<\/td>\n<\/tr>\n<\/table>\n<p>V\u00e6gt: 110g<br \/>Fremstilling: Kina<br \/>Forsendelsesv\u00e6gt: 124g<\/p>","protected":false},"excerpt":{"rendered":"<p>Ingrediensliste: Glukosesirup, sukrose, fuldhydrogeneret palmekerneolie, gelatine, aroma (indeholder surhedsregulerende middel (E260), konserveringsmiddel (E422), ananasjuice<\/p>","protected":false},"featured_media":29227,"template":"","meta":{"_crdt_document":"","advanced_seo_description":"","jetpack_seo_html_title":"","jetpack_seo_noindex":false,"jetpack_publicize_message":"","jetpack_publicize_feature_enabled":true,"jetpack_social_post_already_shared":true,"jetpack_social_options":{"image_generator_settings":{"template":"highway","default_image_id":0,"font":"","enabled":false},"version":2},"_wpas_customize_per_network":false},"product_brand":[2497],"product_cat":[1959,2094],"product_tag":[1504,2498,1844],"class_list":{"0":"post-29228","1":"product","2":"type-product","3":"status-publish","4":"has-post-thumbnail","6":"product_brand-hichew","7":"product_cat-candy","8":"product_cat-snacks","9":"product_tag-candy","10":"product_tag-2498","11":"product_tag-snacks","13":"first","14":"instock","15":"shipping-taxable","16":"purchasable","17":"product-type-simple"},"exclude_global_add_ons":[],"addons":[],"jetpack_publicize_connections":[],"jetpack_sharing_enabled":true,"jetpack_likes_enabled":true,"_links":{"self":[{"href":"https:\/\/umefood.dk\/da\/wp-json\/wp\/v2\/product\/29228","targetHints":{"allow":["GET"]}}],"collection":[{"href":"https:\/\/umefood.dk\/da\/wp-json\/wp\/v2\/product"}],"about":[{"href":"https:\/\/umefood.dk\/da\/wp-json\/wp\/v2\/types\/product"}],"version-history":[{"count":1,"href":"https:\/\/umefood.dk\/da\/wp-json\/wp\/v2\/product\/29228\/revisions"}],"predecessor-version":[{"id":34096,"href":"https:\/\/umefood.dk\/da\/wp-json\/wp\/v2\/product\/29228\/revisions\/34096"}],"wp:featuredmedia":[{"embeddable":true,"href":"https:\/\/umefood.dk\/da\/wp-json\/wp\/v2\/media\/29227"}],"wp:attachment":[{"href":"https:\/\/umefood.dk\/da\/wp-json\/wp\/v2\/media?parent=29228"}],"wp:term":[{"taxonomy":"product_brand","embeddable":true,"href":"https:\/\/umefood.dk\/da\/wp-json\/wp\/v2\/product_brand?post=29228"},{"taxonomy":"product_cat","embeddable":true,"href":"https:\/\/umefood.dk\/da\/wp-json\/wp\/v2\/product_cat?post=29228"},{"taxonomy":"product_tag","embeddable":true,"href":"https:\/\/umefood.dk\/da\/wp-json\/wp\/v2\/product_tag?post=29228"}],"curies":[{"name":"wp","href":"https:\/\/api.w.org\/{rel}","templated":true}]}}