{"id":29323,"date":"2024-09-18T22:30:03","date_gmt":"2024-09-18T20:30:03","guid":{"rendered":"https:\/\/umefood.dk\/product\/sakura-seika-castella-okayama-white-peach-flavour-3-pieces-130g\/"},"modified":"2026-04-18T17:27:53","modified_gmt":"2026-04-18T15:27:53","slug":"sakura-seika-castella-okayama-hvid-ferskensmag-3-stk-130-g","status":"publish","type":"product","link":"https:\/\/umefood.dk\/da\/produkter\/sakura-seika-castella-okayama-hvid-ferskensmag-3-stk-130-g\/","title":{"rendered":"Sakura Seika Castella Okayama hvid fersken smag (3 stykker) 130g"},"content":{"rendered":"<p>Ingredienser: <strong class=\"extra-bold\">Hvede<\/strong> Mel, Sukker, Pam Oll, Flydende <strong class=\"extra-bold\">\u00c6g<\/strong>, V\u00e6ske <strong class=\"extra-bold\">\u00c6g<\/strong> Hvid, stivelsessirup, hvid ferskenpur\u00e9, sirup med reduceret sukker, <strong class=\"extra-bold\">M\u00e6lk<\/strong>, Salt, Emulgator E322 E420, F\u00f8devaresyre E331, Expansion Agert E500, Fortykningsmiddel E415, Aroma, Smagsforst\u00e6rker E621 E635, Farvestof E160a.<br \/>\nErn\u00e6ringsoplysninger:<\/p>\n<table>\n<tbody>\n<tr>\n<th>Energi<\/th>\n<td>690kJ\/162kcal<\/td>\n<\/tr>\n<tr>\n<th>Fed<\/th>\n<td>8,3 g<\/td>\n<\/tr>\n<tr>\n<th>hvoraf m\u00e6tter<\/th>\n<td>3,2 g<\/td>\n<\/tr>\n<tr>\n<th>Kulhydrat<\/th>\n<td>19,8 g<\/td>\n<\/tr>\n<tr>\n<th>heraf sukkerarter<\/th>\n<td>17,2 g<\/td>\n<\/tr>\n<tr>\n<th>Protein<\/th>\n<td>2,0 g<\/td>\n<\/tr>\n<tr>\n<th>Salt<\/th>\n<td>0,3 g<\/td>\n<\/tr>\n<\/tbody>\n<\/table>\n<p>V\u00e6gt: 130g<br \/>\nFremstilling: Japan<br \/>\nForsendelsesv\u00e6gt: 147g<\/p>","protected":false},"excerpt":{"rendered":"<p>Ingredienser: Hvedemel, sukker, pam-olie, flydende \u00e6g, flydende \u00e6ggehvide, stivelsessirup, hvid ferskenpur\u00e9, sirup med reduceret sukker, m\u00e6lk,<\/p>","protected":false},"featured_media":29322,"template":"","meta":{"_crdt_document":"","advanced_seo_description":"","jetpack_seo_html_title":"","jetpack_seo_noindex":false,"jetpack_publicize_message":"","jetpack_publicize_feature_enabled":true,"jetpack_social_post_already_shared":true,"jetpack_social_options":{"image_generator_settings":{"template":"highway","default_image_id":0,"font":"","enabled":false},"version":2},"_wpas_customize_per_network":false},"product_brand":[],"product_cat":[2197,2389,2094],"product_tag":[2203,1489,2156],"class_list":{"0":"post-29323","1":"product","2":"type-product","3":"status-publish","4":"has-post-thumbnail","6":"product_cat-cakes-bread-pastries","7":"product_cat-new-and-restocked","8":"product_cat-snacks","9":"product_tag-2203","10":"product_tag-snack-2","11":"product_tag-2156","13":"first","14":"instock","15":"shipping-taxable","16":"purchasable","17":"product-type-simple"},"exclude_global_add_ons":[],"addons":[],"jetpack_publicize_connections":[],"jetpack_sharing_enabled":true,"jetpack_likes_enabled":true,"_links":{"self":[{"href":"https:\/\/umefood.dk\/da\/wp-json\/wp\/v2\/product\/29323","targetHints":{"allow":["GET"]}}],"collection":[{"href":"https:\/\/umefood.dk\/da\/wp-json\/wp\/v2\/product"}],"about":[{"href":"https:\/\/umefood.dk\/da\/wp-json\/wp\/v2\/types\/product"}],"version-history":[{"count":2,"href":"https:\/\/umefood.dk\/da\/wp-json\/wp\/v2\/product\/29323\/revisions"}],"predecessor-version":[{"id":45548,"href":"https:\/\/umefood.dk\/da\/wp-json\/wp\/v2\/product\/29323\/revisions\/45548"}],"wp:featuredmedia":[{"embeddable":true,"href":"https:\/\/umefood.dk\/da\/wp-json\/wp\/v2\/media\/29322"}],"wp:attachment":[{"href":"https:\/\/umefood.dk\/da\/wp-json\/wp\/v2\/media?parent=29323"}],"wp:term":[{"taxonomy":"product_brand","embeddable":true,"href":"https:\/\/umefood.dk\/da\/wp-json\/wp\/v2\/product_brand?post=29323"},{"taxonomy":"product_cat","embeddable":true,"href":"https:\/\/umefood.dk\/da\/wp-json\/wp\/v2\/product_cat?post=29323"},{"taxonomy":"product_tag","embeddable":true,"href":"https:\/\/umefood.dk\/da\/wp-json\/wp\/v2\/product_tag?post=29323"}],"curies":[{"name":"wp","href":"https:\/\/api.w.org\/{rel}","templated":true}]}}