{"id":29379,"date":"2024-09-18T22:32:32","date_gmt":"2024-09-18T20:32:32","guid":{"rendered":"https:\/\/umefood.dk\/product\/nestle-kitkat-mini-strawberry-chocolate-gateau-flavor-shortcake-11-6g10-pieces-116g\/"},"modified":"2025-07-19T17:44:26","modified_gmt":"2025-07-19T15:44:26","slug":"nestle-kitkat-mini-strawberry-chocolate-gateau-flavor-shortcake-11-6g10-pieces-116g","status":"publish","type":"product","link":"https:\/\/umefood.dk\/da\/produkter\/nestle-kitkat-mini-strawberry-chocolate-gateau-flavor-shortcake-11-6g10-pieces-116g\/","title":{"rendered":"Nestle KitKat Mini Strawberry Chocolate Gateau Flavor Shortcake (11,6g*10 stykker) 116g"},"content":{"rendered":"<p>Ingredienser: Sukker, Hel <strong class=\"extra-bold\">M\u00e6lk<\/strong> Pulver, <strong class=\"extra-bold\">Hvede<\/strong> Mel, kakaomasse, palmeolie, <strong class=\"extra-bold\">Laktose<\/strong>, Kakaobuffer Jordb\u00e6rjuicepulver, pulveriseret spiritus (dextrin, Sake Spirit), G\u00e6r, Kakaopulver, Emulgator E322 (Soja), Acidulant E330, Aroma, Bagepulver E600, G\u00e6rmad.<br \/>\nErn\u00e6ringsoplysninger:<\/p>\n<table>\n<tbody>\n<tr>\n<th>Energi<\/th>\n<td>3118kJ\/742kcal<\/td>\n<\/tr>\n<tr>\n<th>Fed<\/th>\n<td>41,7 g<\/td>\n<\/tr>\n<tr>\n<th>hvoraf m\u00e6tter<\/th>\n<td>20,1 g<\/td>\n<\/tr>\n<tr>\n<th>Kulhydrat<\/th>\n<td>80 g<\/td>\n<\/tr>\n<tr>\n<th>heraf sukkerarter<\/th>\n<td>30,5 g<\/td>\n<\/tr>\n<tr>\n<th>Protein<\/th>\n<td>10,1 g<\/td>\n<\/tr>\n<tr>\n<th>Salt<\/th>\n<td>0,3 g<\/td>\n<\/tr>\n<\/tbody>\n<\/table>\n<p>V\u00e6gt: 116g<br \/>\nFremstilling: Japan<br \/>\nForsendelsesv\u00e6gt: 131g<\/p>","protected":false},"excerpt":{"rendered":"<p>Ingredients: Sugar, Whole Milk Powder, Wheat Flour, Cocoa Mass, Palm Oil, Lactose, Cocoa Buffer Strawberry Juice Powder, Powdered Liquor (Dextrin,<\/p>","protected":false},"featured_media":44246,"template":"","meta":{"_crdt_document":"","advanced_seo_description":"","jetpack_seo_html_title":"","jetpack_seo_noindex":false,"jetpack_publicize_message":"","jetpack_publicize_feature_enabled":true,"jetpack_social_post_already_shared":true,"jetpack_social_options":{"image_generator_settings":{"template":"highway","default_image_id":0,"font":"","enabled":false},"version":2},"_wpas_customize_per_network":false},"product_brand":[],"product_cat":[2348,2094],"product_tag":[2156],"class_list":{"0":"post-29379","1":"product","2":"type-product","3":"status-publish","4":"has-post-thumbnail","6":"product_cat-cookies-biscuits","7":"product_cat-snacks","8":"product_tag-2156","10":"first","11":"outofstock","12":"shipping-taxable","13":"purchasable","14":"product-type-simple"},"exclude_global_add_ons":[],"addons":[],"jetpack_publicize_connections":[],"jetpack_sharing_enabled":true,"jetpack_likes_enabled":true,"_links":{"self":[{"href":"https:\/\/umefood.dk\/da\/wp-json\/wp\/v2\/product\/29379","targetHints":{"allow":["GET"]}}],"collection":[{"href":"https:\/\/umefood.dk\/da\/wp-json\/wp\/v2\/product"}],"about":[{"href":"https:\/\/umefood.dk\/da\/wp-json\/wp\/v2\/types\/product"}],"version-history":[{"count":2,"href":"https:\/\/umefood.dk\/da\/wp-json\/wp\/v2\/product\/29379\/revisions"}],"predecessor-version":[{"id":44247,"href":"https:\/\/umefood.dk\/da\/wp-json\/wp\/v2\/product\/29379\/revisions\/44247"}],"wp:featuredmedia":[{"embeddable":true,"href":"https:\/\/umefood.dk\/da\/wp-json\/wp\/v2\/media\/44246"}],"wp:attachment":[{"href":"https:\/\/umefood.dk\/da\/wp-json\/wp\/v2\/media?parent=29379"}],"wp:term":[{"taxonomy":"product_brand","embeddable":true,"href":"https:\/\/umefood.dk\/da\/wp-json\/wp\/v2\/product_brand?post=29379"},{"taxonomy":"product_cat","embeddable":true,"href":"https:\/\/umefood.dk\/da\/wp-json\/wp\/v2\/product_cat?post=29379"},{"taxonomy":"product_tag","embeddable":true,"href":"https:\/\/umefood.dk\/da\/wp-json\/wp\/v2\/product_tag?post=29379"}],"curies":[{"name":"wp","href":"https:\/\/api.w.org\/{rel}","templated":true}]}}