{"id":29415,"date":"2024-09-18T22:35:10","date_gmt":"2024-09-18T20:35:10","guid":{"rendered":"https:\/\/umefood.dk\/product\/mingyang-hotpot-seasoning-238g\/"},"modified":"2026-04-14T02:38:43","modified_gmt":"2026-04-14T00:38:43","slug":"mingyang-hotpot-seasoning-238g","status":"publish","type":"product","link":"https:\/\/umefood.dk\/da\/produkter\/mingyang-hotpot-seasoning-238g\/","title":{"rendered":"Mingyang Hotpot Krydderi 238g"},"content":{"rendered":"<p>Ingredienser: Shortening (indeholder antioxidanter: E 320, E 321), rapsolie, bondeb\u00f8nnepasta (chili, bondeb\u00f8nner, salt, <strong class=\"extra-bold\">hvede<\/strong> mel, vand), chili, salt, madsmag, hvidl\u00f8g, smagsforst\u00e6rker: E 621, g\u00e6rekstrakt, Szechuan peber, ingef\u00e6r, for\u00e5rsl\u00f8g, sukker, fermenteret <strong class=\"extra-bold\">sojab\u00f8nner<\/strong>, krydderier, smagsforst\u00e6rker: E 635; farve: E 160c.<br \/>Ern\u00e6ringsoplysninger:<\/p>\n<table>\n<tr>\n<th>Energi<\/th>\n<td>2857kJ\/683kcal<\/td>\n<\/tr>\n<tr>\n<th>Fed<\/th>\n<td>71,2 g<\/td>\n<\/tr>\n<tr>\n<th>hvoraf m\u00e6tter<\/th>\n<td>56 g<\/td>\n<\/tr>\n<tr>\n<th>Kulhydrat<\/th>\n<td>10,4 g<\/td>\n<\/tr>\n<tr>\n<th>heraf sukkerarter<\/th>\n<td>1,0 g<\/td>\n<\/tr>\n<tr>\n<th>Protein<\/th>\n<td>2,7 g<\/td>\n<\/tr>\n<tr>\n<th>Salt<\/th>\n<td>11 g<\/td>\n<\/tr>\n<\/table>\n<p>V\u00e6gt: 238g<br \/>Fremstilling: Kina<br \/>Forsendelsesv\u00e6gt: 275g<\/p>","protected":false},"excerpt":{"rendered":"<p>Ingredients: Shortening (contains antioxidants: E 320, E 321), rapeseed oil, broad bean paste (chilli, broad beans, salt, wheat flour, water),<\/p>","protected":false},"featured_media":29414,"template":"","meta":{"_crdt_document":"","advanced_seo_description":"","jetpack_seo_html_title":"","jetpack_seo_noindex":false,"jetpack_publicize_message":"","jetpack_publicize_feature_enabled":true,"jetpack_social_post_already_shared":true,"jetpack_social_options":{"image_generator_settings":{"template":"highway","default_image_id":0,"font":"","enabled":false},"version":2},"_wpas_customize_per_network":false},"product_brand":[],"product_cat":[2123,1980],"product_tag":[2204],"class_list":{"0":"post-29415","1":"product","2":"type-product","3":"status-publish","4":"has-post-thumbnail","6":"product_cat-hotpot-sauce","7":"product_cat-seasoning","8":"product_tag-2204","10":"first","11":"instock","12":"shipping-taxable","13":"purchasable","14":"product-type-simple"},"exclude_global_add_ons":[],"addons":[],"jetpack_publicize_connections":[],"jetpack_sharing_enabled":true,"jetpack_likes_enabled":true,"_links":{"self":[{"href":"https:\/\/umefood.dk\/da\/wp-json\/wp\/v2\/product\/29415","targetHints":{"allow":["GET"]}}],"collection":[{"href":"https:\/\/umefood.dk\/da\/wp-json\/wp\/v2\/product"}],"about":[{"href":"https:\/\/umefood.dk\/da\/wp-json\/wp\/v2\/types\/product"}],"version-history":[{"count":1,"href":"https:\/\/umefood.dk\/da\/wp-json\/wp\/v2\/product\/29415\/revisions"}],"predecessor-version":[{"id":34002,"href":"https:\/\/umefood.dk\/da\/wp-json\/wp\/v2\/product\/29415\/revisions\/34002"}],"wp:featuredmedia":[{"embeddable":true,"href":"https:\/\/umefood.dk\/da\/wp-json\/wp\/v2\/media\/29414"}],"wp:attachment":[{"href":"https:\/\/umefood.dk\/da\/wp-json\/wp\/v2\/media?parent=29415"}],"wp:term":[{"taxonomy":"product_brand","embeddable":true,"href":"https:\/\/umefood.dk\/da\/wp-json\/wp\/v2\/product_brand?post=29415"},{"taxonomy":"product_cat","embeddable":true,"href":"https:\/\/umefood.dk\/da\/wp-json\/wp\/v2\/product_cat?post=29415"},{"taxonomy":"product_tag","embeddable":true,"href":"https:\/\/umefood.dk\/da\/wp-json\/wp\/v2\/product_tag?post=29415"}],"curies":[{"name":"wp","href":"https:\/\/api.w.org\/{rel}","templated":true}]}}