{"id":29427,"date":"2024-09-18T22:35:40","date_gmt":"2024-09-18T20:35:40","guid":{"rendered":"https:\/\/umefood.dk\/product\/hai-di-lao-spicy-hotpot-seasoning-220g\/"},"modified":"2026-04-18T02:06:43","modified_gmt":"2026-04-18T00:06:43","slug":"hai-di-lao-spicy-hotpot-seasoning-220g","status":"publish","type":"product","link":"https:\/\/umefood.dk\/da\/produkter\/hai-di-lao-spicy-hotpot-seasoning-220g\/","title":{"rendered":"HaiDiLao Krydret Hotpot-krydderi 220 g"},"content":{"rendered":"<p>Ingredienser: <strong class=\"extra-bold\">Sojab\u00f8nner<\/strong> Olie, chilipeber 7.8%, bredb\u00f8nnepasta (chilipeber, bondeb\u00f8nner, vand, salt, <strong class=\"extra-bold\">Hvede<\/strong> Mel), Salt, Ingef\u00e6r, Hvidl\u00f8g, Fermenteret <strong class=\"extra-bold\">Sojab\u00f8nner<\/strong> (<strong class=\"extra-bold\">Sojab\u00f8nner<\/strong>, vand, salt, <strong class=\"extra-bold\">Hvede<\/strong> Mel), Sichuan Peber 1.8%, Kornsprit, Sukker, G\u00e6rekstrakt, For\u00e5rsl\u00f8g, Smagsforst\u00e6rker (E621), Hvid peber, Fennikel, Stjerneanis, Cassia, Lakrids, Appelsinskal, Aroma, Smagsforst\u00e6rker (E635).<br \/>\nErn\u00e6ringsoplysninger:<\/p>\n<table>\n<tbody>\n<tr>\n<th>Energi<\/th>\n<td>2964kJ\/719kcal<\/td>\n<\/tr>\n<tr>\n<th>Fed<\/th>\n<td>73g<\/td>\n<\/tr>\n<tr>\n<th>hvoraf m\u00e6tter<\/th>\n<td>12 g<\/td>\n<\/tr>\n<tr>\n<th>Kulhydrat<\/th>\n<td>9,3 g<\/td>\n<\/tr>\n<tr>\n<th>heraf sukkerarter<\/th>\n<td>1,6 g<\/td>\n<\/tr>\n<tr>\n<th>Protein<\/th>\n<td>4,0 g<\/td>\n<\/tr>\n<tr>\n<th>Salt<\/th>\n<td>3,9 g<\/td>\n<\/tr>\n<\/tbody>\n<\/table>\n<p>V\u00e6gt: 220g<br \/>\nFremstilling: Kina<br \/>\nForsendelsesv\u00e6gt: 255g<\/p>","protected":false},"excerpt":{"rendered":"<p>Ingredienser: Sojab\u00f8nneolie, chilipeber 7.8%, hesteb\u00f8nnepasta (chilipeber, hesteb\u00f8nne, vand, salt, hvedemel), salt, ingef\u00e6r, hvidl\u00f8g,<\/p>","protected":false},"featured_media":29426,"template":"","meta":{"_crdt_document":"","advanced_seo_description":"","jetpack_seo_html_title":"","jetpack_seo_noindex":false,"jetpack_publicize_message":"","jetpack_publicize_feature_enabled":true,"jetpack_social_post_already_shared":true,"jetpack_social_options":{"image_generator_settings":{"template":"highway","default_image_id":0,"font":"","enabled":false},"version":2},"_wpas_customize_per_network":false},"product_brand":[1735],"product_cat":[2123,1980],"product_tag":[2204],"class_list":{"0":"post-29427","1":"product","2":"type-product","3":"status-publish","4":"has-post-thumbnail","6":"product_brand-1735","7":"product_cat-hotpot-sauce","8":"product_cat-seasoning","9":"product_tag-2204","11":"first","12":"instock","13":"shipping-taxable","14":"purchasable","15":"product-type-simple"},"exclude_global_add_ons":[],"addons":[],"jetpack_publicize_connections":[],"jetpack_sharing_enabled":true,"jetpack_likes_enabled":true,"_links":{"self":[{"href":"https:\/\/umefood.dk\/da\/wp-json\/wp\/v2\/product\/29427","targetHints":{"allow":["GET"]}}],"collection":[{"href":"https:\/\/umefood.dk\/da\/wp-json\/wp\/v2\/product"}],"about":[{"href":"https:\/\/umefood.dk\/da\/wp-json\/wp\/v2\/types\/product"}],"version-history":[{"count":2,"href":"https:\/\/umefood.dk\/da\/wp-json\/wp\/v2\/product\/29427\/revisions"}],"predecessor-version":[{"id":45296,"href":"https:\/\/umefood.dk\/da\/wp-json\/wp\/v2\/product\/29427\/revisions\/45296"}],"wp:featuredmedia":[{"embeddable":true,"href":"https:\/\/umefood.dk\/da\/wp-json\/wp\/v2\/media\/29426"}],"wp:attachment":[{"href":"https:\/\/umefood.dk\/da\/wp-json\/wp\/v2\/media?parent=29427"}],"wp:term":[{"taxonomy":"product_brand","embeddable":true,"href":"https:\/\/umefood.dk\/da\/wp-json\/wp\/v2\/product_brand?post=29427"},{"taxonomy":"product_cat","embeddable":true,"href":"https:\/\/umefood.dk\/da\/wp-json\/wp\/v2\/product_cat?post=29427"},{"taxonomy":"product_tag","embeddable":true,"href":"https:\/\/umefood.dk\/da\/wp-json\/wp\/v2\/product_tag?post=29427"}],"curies":[{"name":"wp","href":"https:\/\/api.w.org\/{rel}","templated":true}]}}