{"id":29445,"date":"2024-09-18T22:36:22","date_gmt":"2024-09-18T20:36:22","guid":{"rendered":"https:\/\/umefood.dk\/product\/kr-wang-soup-base-for-bulgogi-hotpot-200g\/"},"modified":"2026-04-20T02:08:10","modified_gmt":"2026-04-20T00:08:10","slug":"kr-wang-soup-base-for-bulgogi-hotpot-200g","status":"publish","type":"product","link":"https:\/\/umefood.dk\/da\/produkter\/kr-wang-soup-base-for-bulgogi-hotpot-200g\/","title":{"rendered":"KR Wang Suppebund til bulgogi Hotpot 200g"},"content":{"rendered":"<p>Ingredienser: Vand, sojasauce, fruktose, sukker, \u00e6blemos, l\u00f8g, madlavningsvin, blandet pasta 2.40% (ethylalkohol 1.00%, \u00e6blekoncentrater, g\u00e6rekstrakt, salt, sort peberpulver, shiitakeekstraktpulver, xanthan) , Hvidl\u00f8gsekstrakter, Thiamin Dilaurylsulfat dinatrium 5\u2032-ribonukleotid (E635)), majssirup, hvidl\u00f8g, <strong class=\"extra-bold\">Sesam<\/strong> Olie, Tapiokastivelse, Ingef\u00e6r.<br \/>Ern\u00e6ringsoplysninger:<\/p>\n<table>\n<tr>\n<th>Energi<\/th>\n<td>231kJ\/55kcal<\/td>\n<\/tr>\n<tr>\n<th>Fed<\/th>\n<td>0,7 g<\/td>\n<\/tr>\n<tr>\n<th>hvoraf m\u00e6tter<\/th>\n<td>0,2 g<\/td>\n<\/tr>\n<tr>\n<th>Kulhydrat<\/th>\n<td>10,8 g<\/td>\n<\/tr>\n<tr>\n<th>heraf sukkerarter<\/th>\n<td>10,3 g<\/td>\n<\/tr>\n<tr>\n<th>Protein<\/th>\n<td>1,3 g<\/td>\n<\/tr>\n<tr>\n<th>Salt<\/th>\n<td>2,6 g<\/td>\n<\/tr>\n<\/table>\n<p>V\u00e6gt: 200g<br \/>Fremstilling: Korea<br \/>Forsendelsesv\u00e6gt: 235g<\/p>","protected":false},"excerpt":{"rendered":"<p>Ingredienser: Vand, sojasauce, fruktose, sukker, \u00e6blepur\u00e9, l\u00f8g, vin til madlavning, blandet pasta 2.40% (ethylalkohol 1.00%, \u00e6blekoncentrater, g\u00e6r<\/p>","protected":false},"featured_media":29444,"template":"","meta":{"_crdt_document":"","advanced_seo_description":"","jetpack_seo_html_title":"","jetpack_seo_noindex":false,"jetpack_publicize_message":"","jetpack_publicize_feature_enabled":true,"jetpack_social_post_already_shared":true,"jetpack_social_options":{"image_generator_settings":{"template":"highway","default_image_id":0,"font":"","enabled":false},"version":2},"_wpas_customize_per_network":false},"product_brand":[],"product_cat":[2123,1980],"product_tag":[2204],"class_list":{"0":"post-29445","1":"product","2":"type-product","3":"status-publish","4":"has-post-thumbnail","6":"product_cat-hotpot-sauce","7":"product_cat-seasoning","8":"product_tag-2204","10":"first","11":"instock","12":"shipping-taxable","13":"purchasable","14":"product-type-simple"},"exclude_global_add_ons":[],"addons":[],"jetpack_publicize_connections":[],"jetpack_sharing_enabled":true,"jetpack_likes_enabled":true,"_links":{"self":[{"href":"https:\/\/umefood.dk\/da\/wp-json\/wp\/v2\/product\/29445","targetHints":{"allow":["GET"]}}],"collection":[{"href":"https:\/\/umefood.dk\/da\/wp-json\/wp\/v2\/product"}],"about":[{"href":"https:\/\/umefood.dk\/da\/wp-json\/wp\/v2\/types\/product"}],"version-history":[{"count":1,"href":"https:\/\/umefood.dk\/da\/wp-json\/wp\/v2\/product\/29445\/revisions"}],"predecessor-version":[{"id":33987,"href":"https:\/\/umefood.dk\/da\/wp-json\/wp\/v2\/product\/29445\/revisions\/33987"}],"wp:featuredmedia":[{"embeddable":true,"href":"https:\/\/umefood.dk\/da\/wp-json\/wp\/v2\/media\/29444"}],"wp:attachment":[{"href":"https:\/\/umefood.dk\/da\/wp-json\/wp\/v2\/media?parent=29445"}],"wp:term":[{"taxonomy":"product_brand","embeddable":true,"href":"https:\/\/umefood.dk\/da\/wp-json\/wp\/v2\/product_brand?post=29445"},{"taxonomy":"product_cat","embeddable":true,"href":"https:\/\/umefood.dk\/da\/wp-json\/wp\/v2\/product_cat?post=29445"},{"taxonomy":"product_tag","embeddable":true,"href":"https:\/\/umefood.dk\/da\/wp-json\/wp\/v2\/product_tag?post=29445"}],"curies":[{"name":"wp","href":"https:\/\/api.w.org\/{rel}","templated":true}]}}