{"id":29471,"date":"2024-09-18T22:37:18","date_gmt":"2024-09-18T20:37:18","guid":{"rendered":"https:\/\/umefood.dk\/product\/bai-jia-malatang-seasoning-sesame-spicy-120g\/"},"modified":"2026-04-08T02:14:02","modified_gmt":"2026-04-08T00:14:02","slug":"bai-jia-malatang-seasoning-sesame-spicy-120g","status":"publish","type":"product","link":"https:\/\/umefood.dk\/da\/produkter\/bai-jia-malatang-seasoning-sesame-spicy-120g\/","title":{"rendered":"BaiJia Malatang Krydderi Sesam Krydret 120g"},"content":{"rendered":"<p>Ingredienser: Saucepakke: palmeolie, rapsolie, sojasovs, <strong class=\"extra-bold\">hvede<\/strong>, smagsforst\u00e6rker E621, umamisuppe, chili, bondeb\u00f8nnepasta, g\u00e6rekstrakt, hvidl\u00f8g, ingef\u00e6r, syltet peber, krydderier, smag af hot pot olie, sukker, l\u00f8g, peberolie, <strong class=\"extra-bold\">sesam<\/strong> inds\u00e6t pakke: <strong class=\"extra-bold\">sesam<\/strong> s\u00e6t ind, <strong class=\"extra-bold\">jordn\u00f8d<\/strong> sm\u00f8r, palmeolie, <strong class=\"extra-bold\">sojab\u00f8nner<\/strong> olie, antioxidant E307.<br \/>\nErn\u00e6ringsoplysninger:<\/p>\n<table>\n<tbody>\n<tr>\n<th>Energi<\/th>\n<td>2482kJ\/593kcal<\/td>\n<\/tr>\n<tr>\n<th>Fed<\/th>\n<td>57,5 g<\/td>\n<\/tr>\n<tr>\n<th>hvoraf m\u00e6tter<\/th>\n<td>14,4 g<\/td>\n<\/tr>\n<tr>\n<th>Kulhydrat<\/th>\n<td>9,3 g<\/td>\n<\/tr>\n<tr>\n<th>heraf sukkerarter<\/th>\n<td>2,7 g<\/td>\n<\/tr>\n<tr>\n<th>Protein<\/th>\n<td>9,6 g<\/td>\n<\/tr>\n<tr>\n<th>Salt<\/th>\n<td>3,7 g<\/td>\n<\/tr>\n<\/tbody>\n<\/table>\n<p>V\u00e6gt: 120g<br \/>\nFremstilling: Kina<br \/>\nForsendelsesv\u00e6gt: 155g<\/p>","protected":false},"excerpt":{"rendered":"<p>Ingredienser: Saucepakke: palmeolie, rapsolie, sojasauce, hvede, smagsforst\u00e6rker E621, umami suppe, chili, hesteb\u00f8nnepasta, g\u00e6r<\/p>","protected":false},"featured_media":29470,"template":"","meta":{"_crdt_document":"","advanced_seo_description":"","jetpack_seo_html_title":"","jetpack_seo_noindex":false,"jetpack_publicize_message":"","jetpack_publicize_feature_enabled":true,"jetpack_social_post_already_shared":true,"jetpack_social_options":{"image_generator_settings":{"template":"highway","default_image_id":0,"font":"","enabled":false},"version":2},"_wpas_customize_per_network":false},"product_brand":[],"product_cat":[2123,2124,1980],"product_tag":[1446,2168],"class_list":{"0":"post-29471","1":"product","2":"type-product","3":"status-publish","4":"has-post-thumbnail","6":"product_cat-hotpot-sauce","7":"product_cat-paste","8":"product_cat-seasoning","9":"product_tag-seasoning","10":"product_tag-soy-sauce-vinegar","12":"first","13":"instock","14":"shipping-taxable","15":"purchasable","16":"product-type-simple"},"exclude_global_add_ons":[],"addons":[],"jetpack_publicize_connections":[],"jetpack_sharing_enabled":true,"jetpack_likes_enabled":true,"_links":{"self":[{"href":"https:\/\/umefood.dk\/da\/wp-json\/wp\/v2\/product\/29471","targetHints":{"allow":["GET"]}}],"collection":[{"href":"https:\/\/umefood.dk\/da\/wp-json\/wp\/v2\/product"}],"about":[{"href":"https:\/\/umefood.dk\/da\/wp-json\/wp\/v2\/types\/product"}],"version-history":[{"count":3,"href":"https:\/\/umefood.dk\/da\/wp-json\/wp\/v2\/product\/29471\/revisions"}],"predecessor-version":[{"id":41145,"href":"https:\/\/umefood.dk\/da\/wp-json\/wp\/v2\/product\/29471\/revisions\/41145"}],"wp:featuredmedia":[{"embeddable":true,"href":"https:\/\/umefood.dk\/da\/wp-json\/wp\/v2\/media\/29470"}],"wp:attachment":[{"href":"https:\/\/umefood.dk\/da\/wp-json\/wp\/v2\/media?parent=29471"}],"wp:term":[{"taxonomy":"product_brand","embeddable":true,"href":"https:\/\/umefood.dk\/da\/wp-json\/wp\/v2\/product_brand?post=29471"},{"taxonomy":"product_cat","embeddable":true,"href":"https:\/\/umefood.dk\/da\/wp-json\/wp\/v2\/product_cat?post=29471"},{"taxonomy":"product_tag","embeddable":true,"href":"https:\/\/umefood.dk\/da\/wp-json\/wp\/v2\/product_tag?post=29471"}],"curies":[{"name":"wp","href":"https:\/\/api.w.org\/{rel}","templated":true}]}}