{"id":29511,"date":"2024-09-18T22:39:19","date_gmt":"2024-09-18T20:39:19","guid":{"rendered":"https:\/\/umefood.dk\/product\/wjt-tasty-vegetables-with-meal-138g\/"},"modified":"2026-04-15T02:16:12","modified_gmt":"2026-04-15T00:16:12","slug":"wjt-tasty-vegetables-with-meal-138g","status":"publish","type":"product","link":"https:\/\/umefood.dk\/da\/produkter\/wjt-tasty-vegetables-with-meal-138g\/","title":{"rendered":"WJT velsmagende gr\u00f8ntsager med m\u00e5ltid 138g"},"content":{"rendered":"<p>Ingredienser: Syltede gr\u00f8ntsager (<strong class=\"extra-bold\">sennep<\/strong>, salt) (50.28%), r\u00f8dbeder (25%), cowpeas (5%), k\u00e5lrabi (5%), <strong class=\"extra-bold\">sojab\u00f8nner<\/strong> olie, salt, chilipeber, sukker, madlavningsvin, smagsforst\u00e6rkere (E621, E627, E631), m\u00e6lkesyre, krydderier.<br \/>Ern\u00e6ringsoplysninger:<\/p>\n<table>\n<tr>\n<th>Energi<\/th>\n<td>408kJ\/97kcal<\/td>\n<\/tr>\n<tr>\n<th>Fed<\/th>\n<td>6,7 g<\/td>\n<\/tr>\n<tr>\n<th>hvoraf m\u00e6tter<\/th>\n<td>1,3 g<\/td>\n<\/tr>\n<tr>\n<th>Kulhydrat<\/th>\n<td>7,5 g<\/td>\n<\/tr>\n<tr>\n<th>heraf sukkerarter<\/th>\n<td>2,5 g<\/td>\n<\/tr>\n<tr>\n<th>Protein<\/th>\n<td>1,9 g<\/td>\n<\/tr>\n<tr>\n<th>Salt<\/th>\n<td>6,6 g<\/td>\n<\/tr>\n<\/table>\n<p>V\u00e6gt: 138g<br \/>Fremstilling: Kina<br \/>Forsendelsesv\u00e6gt: 170g<\/p>","protected":false},"excerpt":{"rendered":"<p>Ingredients: Pickled vegetables (mustard, salt) (50.28%), beets (25%), cowpeas (5%), kohlrabi (5%), soybean oil, salt, chili pepper, sugar, cooking wine,<\/p>","protected":false},"featured_media":29510,"template":"","meta":{"_crdt_document":"","advanced_seo_description":"","jetpack_seo_html_title":"","jetpack_seo_noindex":false,"jetpack_publicize_message":"","jetpack_publicize_feature_enabled":true,"jetpack_social_post_already_shared":true,"jetpack_social_options":{"image_generator_settings":{"template":"highway","default_image_id":0,"font":"","enabled":false},"version":2},"_wpas_customize_per_network":false},"product_brand":[],"product_cat":[2381,2050],"product_tag":[2206],"class_list":{"0":"post-29511","1":"product","2":"type-product","3":"status-publish","4":"has-post-thumbnail","6":"product_cat-canned-pickled-side-dishes","7":"product_cat-drygood","8":"product_tag-2206","10":"first","11":"instock","12":"shipping-taxable","13":"purchasable","14":"product-type-simple"},"exclude_global_add_ons":[],"addons":[],"jetpack_publicize_connections":[],"jetpack_sharing_enabled":true,"jetpack_likes_enabled":true,"_links":{"self":[{"href":"https:\/\/umefood.dk\/da\/wp-json\/wp\/v2\/product\/29511","targetHints":{"allow":["GET"]}}],"collection":[{"href":"https:\/\/umefood.dk\/da\/wp-json\/wp\/v2\/product"}],"about":[{"href":"https:\/\/umefood.dk\/da\/wp-json\/wp\/v2\/types\/product"}],"version-history":[{"count":1,"href":"https:\/\/umefood.dk\/da\/wp-json\/wp\/v2\/product\/29511\/revisions"}],"predecessor-version":[{"id":33954,"href":"https:\/\/umefood.dk\/da\/wp-json\/wp\/v2\/product\/29511\/revisions\/33954"}],"wp:featuredmedia":[{"embeddable":true,"href":"https:\/\/umefood.dk\/da\/wp-json\/wp\/v2\/media\/29510"}],"wp:attachment":[{"href":"https:\/\/umefood.dk\/da\/wp-json\/wp\/v2\/media?parent=29511"}],"wp:term":[{"taxonomy":"product_brand","embeddable":true,"href":"https:\/\/umefood.dk\/da\/wp-json\/wp\/v2\/product_brand?post=29511"},{"taxonomy":"product_cat","embeddable":true,"href":"https:\/\/umefood.dk\/da\/wp-json\/wp\/v2\/product_cat?post=29511"},{"taxonomy":"product_tag","embeddable":true,"href":"https:\/\/umefood.dk\/da\/wp-json\/wp\/v2\/product_tag?post=29511"}],"curies":[{"name":"wp","href":"https:\/\/api.w.org\/{rel}","templated":true}]}}