{"id":29519,"date":"2024-09-18T22:39:35","date_gmt":"2024-09-18T20:39:35","guid":{"rendered":"https:\/\/umefood.dk\/product\/wu-jiang-preserved-vegetable-spicy-80g\/"},"modified":"2026-04-25T17:37:26","modified_gmt":"2026-04-25T15:37:26","slug":"wu-jiang-preserved-vegetable-spicy-80g","status":"publish","type":"product","link":"https:\/\/umefood.dk\/da\/produkter\/wu-jiang-preserved-vegetable-spicy-80g\/","title":{"rendered":"WuJiang Preserved Vegetable Spicy 80g"},"content":{"rendered":"<p>Ingredienser: Smagsforst\u00e6rker (E621), Ingef\u00e6r, Hvidl\u00f8g. Til allergener, soja, <strong class=\"extra-bold\">Sojab\u00f8nner<\/strong>, <strong class=\"extra-bold\">Hvede<\/strong>, <strong class=\"extra-bold\">Gluten<\/strong>., <strong class=\"extra-bold\">Sennep<\/strong> (91.61%), Salt, vegetabilsk olie (rapsolie), Sojasovspulver (<strong class=\"extra-bold\">sojab\u00f8nner<\/strong>, <strong class=\"extra-bold\">hvede<\/strong> mel, salt, maltodextrin(<strong class=\"extra-bold\">Gluten<\/strong>), Vand), sukker, chili (0,65%), s\u00f8demiddel (E950), stabilisator (E415)<br \/>\nErn\u00e6ringsoplysninger:<\/p>\n<table>\n<tbody>\n<tr>\n<th>Energi<\/th>\n<td>205kJ\/49kcal<\/td>\n<\/tr>\n<tr>\n<th>Fed<\/th>\n<td>4,1 g<\/td>\n<\/tr>\n<tr>\n<th>hvoraf m\u00e6tter<\/th>\n<td>0,6 g<\/td>\n<\/tr>\n<tr>\n<th>Kulhydrat<\/th>\n<td>4,9 g<\/td>\n<\/tr>\n<tr>\n<th>heraf sukkerarter<\/th>\n<td>0g<\/td>\n<\/tr>\n<tr>\n<th>Protein<\/th>\n<td>1,4 g<\/td>\n<\/tr>\n<tr>\n<th>Salt<\/th>\n<td>5,5 g<\/td>\n<\/tr>\n<\/tbody>\n<\/table>\n<p>V\u00e6gt: 80g<br \/>\nFremstilling: Kina<br \/>\nForsendelsesv\u00e6gt: 100g<\/p>","protected":false},"excerpt":{"rendered":"<p>Ingredienser: Smagsforst\u00e6rker (E621), ingef\u00e6r, hvidl\u00f8g. For allergener, soja, sojab\u00f8nner, hvede, gluten, sennep (91.61%), salt, vegetabilsk olie (rapsolie), sojasaucepulver (sojab\u00f8nner,<\/p>","protected":false},"featured_media":29518,"template":"","meta":{"_crdt_document":"","advanced_seo_description":"","jetpack_seo_html_title":"","jetpack_seo_noindex":false,"jetpack_publicize_message":"","jetpack_publicize_feature_enabled":true,"jetpack_social_post_already_shared":true,"jetpack_social_options":{"image_generator_settings":{"template":"highway","default_image_id":0,"font":"","enabled":false},"version":2},"_wpas_customize_per_network":false},"product_brand":[2368],"product_cat":[2381,2050],"product_tag":[2206,2393,2665],"class_list":{"0":"post-29519","1":"product","2":"type-product","3":"status-publish","4":"has-post-thumbnail","6":"product_brand-2368","7":"product_cat-canned-pickled-side-dishes","8":"product_cat-drygood","9":"product_tag-2206","10":"product_tag-pickled-vegetables","11":"product_tag-2665","13":"first","14":"instock","15":"shipping-taxable","16":"purchasable","17":"product-type-simple"},"exclude_global_add_ons":[],"addons":[],"jetpack_publicize_connections":[],"jetpack_sharing_enabled":true,"jetpack_likes_enabled":true,"_links":{"self":[{"href":"https:\/\/umefood.dk\/da\/wp-json\/wp\/v2\/product\/29519","targetHints":{"allow":["GET"]}}],"collection":[{"href":"https:\/\/umefood.dk\/da\/wp-json\/wp\/v2\/product"}],"about":[{"href":"https:\/\/umefood.dk\/da\/wp-json\/wp\/v2\/types\/product"}],"version-history":[{"count":4,"href":"https:\/\/umefood.dk\/da\/wp-json\/wp\/v2\/product\/29519\/revisions"}],"predecessor-version":[{"id":61338,"href":"https:\/\/umefood.dk\/da\/wp-json\/wp\/v2\/product\/29519\/revisions\/61338"}],"wp:featuredmedia":[{"embeddable":true,"href":"https:\/\/umefood.dk\/da\/wp-json\/wp\/v2\/media\/29518"}],"wp:attachment":[{"href":"https:\/\/umefood.dk\/da\/wp-json\/wp\/v2\/media?parent=29519"}],"wp:term":[{"taxonomy":"product_brand","embeddable":true,"href":"https:\/\/umefood.dk\/da\/wp-json\/wp\/v2\/product_brand?post=29519"},{"taxonomy":"product_cat","embeddable":true,"href":"https:\/\/umefood.dk\/da\/wp-json\/wp\/v2\/product_cat?post=29519"},{"taxonomy":"product_tag","embeddable":true,"href":"https:\/\/umefood.dk\/da\/wp-json\/wp\/v2\/product_tag?post=29519"}],"curies":[{"name":"wp","href":"https:\/\/api.w.org\/{rel}","templated":true}]}}