{"id":29569,"date":"2024-09-18T22:42:23","date_gmt":"2024-09-18T20:42:23","guid":{"rendered":"https:\/\/umefood.dk\/product\/zuoxiangyuan-spicy-soy-bean-paste-360g\/"},"modified":"2026-04-21T08:21:00","modified_gmt":"2026-04-21T06:21:00","slug":"zuoxiangyuan-spicy-soy-bean-paste-360g","status":"publish","type":"product","link":"https:\/\/umefood.dk\/da\/produkter\/zuoxiangyuan-spicy-soy-bean-paste-360g\/","title":{"rendered":"ZuoXiangYuan Krydret sojab\u00f8nnepasta 360g"},"content":{"rendered":"<p>Ingredienser: Vand, <strong class=\"extra-bold\">sojab\u00f8nner<\/strong>, <strong class=\"extra-bold\">hvede<\/strong> mel, salt, chili, tomater, hvidl\u00f8g, ingef\u00e6r, sukker, Szechuan peber, eddike, smagsforst\u00e6rker E621, E635, stabilisator E415, surhedsregulerende middel E330, E260, konserveringsmiddel E202, s\u00f8demiddel E950, E955, krydderier.<br \/>Ern\u00e6ringsoplysninger:<\/p>\n<table>\n<tr>\n<th>Energi<\/th>\n<td>248kJ\/59kcal<\/td>\n<\/tr>\n<tr>\n<th>Fed<\/th>\n<td>1,6 g<\/td>\n<\/tr>\n<tr>\n<th>hvoraf m\u00e6tter<\/th>\n<td>0g<\/td>\n<\/tr>\n<tr>\n<th>Kulhydrat<\/th>\n<td>7,3 g<\/td>\n<\/tr>\n<tr>\n<th>heraf sukkerarter<\/th>\n<td>3,0 g<\/td>\n<\/tr>\n<tr>\n<th>Protein<\/th>\n<td>0,08 g<\/td>\n<\/tr>\n<tr>\n<th>Salt<\/th>\n<td>14,7 g<\/td>\n<\/tr>\n<\/table>\n<p>V\u00e6gt: 360g<br \/>Fremstilling: Kina<br \/>Forsendelsesv\u00e6gt: 380g<\/p>","protected":false},"excerpt":{"rendered":"<p>Ingredients: Water, soybean, wheat flour, salt, chilli, tomatoes, garlic, ginger, sugar, Szechuan pepper, vinegar, flavour enhancer E621, E635, stabiliser E415,<\/p>","protected":false},"featured_media":29568,"template":"","meta":{"_crdt_document":"","advanced_seo_description":"","jetpack_seo_html_title":"","jetpack_seo_noindex":false,"jetpack_publicize_message":"","jetpack_publicize_feature_enabled":true,"jetpack_social_post_already_shared":true,"jetpack_social_options":{"image_generator_settings":{"template":"highway","default_image_id":0,"font":"","enabled":false},"version":2},"_wpas_customize_per_network":false},"product_brand":[],"product_cat":[2124,1980],"product_tag":[1446],"class_list":{"0":"post-29569","1":"product","2":"type-product","3":"status-publish","4":"has-post-thumbnail","6":"product_cat-paste","7":"product_cat-seasoning","8":"product_tag-seasoning","10":"first","11":"instock","12":"shipping-taxable","13":"purchasable","14":"product-type-simple"},"exclude_global_add_ons":[],"addons":[],"jetpack_publicize_connections":[],"jetpack_sharing_enabled":true,"jetpack_likes_enabled":true,"_links":{"self":[{"href":"https:\/\/umefood.dk\/da\/wp-json\/wp\/v2\/product\/29569","targetHints":{"allow":["GET"]}}],"collection":[{"href":"https:\/\/umefood.dk\/da\/wp-json\/wp\/v2\/product"}],"about":[{"href":"https:\/\/umefood.dk\/da\/wp-json\/wp\/v2\/types\/product"}],"version-history":[{"count":1,"href":"https:\/\/umefood.dk\/da\/wp-json\/wp\/v2\/product\/29569\/revisions"}],"predecessor-version":[{"id":33925,"href":"https:\/\/umefood.dk\/da\/wp-json\/wp\/v2\/product\/29569\/revisions\/33925"}],"wp:featuredmedia":[{"embeddable":true,"href":"https:\/\/umefood.dk\/da\/wp-json\/wp\/v2\/media\/29568"}],"wp:attachment":[{"href":"https:\/\/umefood.dk\/da\/wp-json\/wp\/v2\/media?parent=29569"}],"wp:term":[{"taxonomy":"product_brand","embeddable":true,"href":"https:\/\/umefood.dk\/da\/wp-json\/wp\/v2\/product_brand?post=29569"},{"taxonomy":"product_cat","embeddable":true,"href":"https:\/\/umefood.dk\/da\/wp-json\/wp\/v2\/product_cat?post=29569"},{"taxonomy":"product_tag","embeddable":true,"href":"https:\/\/umefood.dk\/da\/wp-json\/wp\/v2\/product_tag?post=29569"}],"curies":[{"name":"wp","href":"https:\/\/api.w.org\/{rel}","templated":true}]}}