{"id":29581,"date":"2024-09-18T22:42:51","date_gmt":"2024-09-18T20:42:51","guid":{"rendered":"https:\/\/umefood.dk\/product\/cbl-soybean-paste-box-800g\/"},"modified":"2026-04-19T02:09:14","modified_gmt":"2026-04-19T00:09:14","slug":"cbl-soybean-paste-box-800g","status":"publish","type":"product","link":"https:\/\/umefood.dk\/da\/produkter\/cbl-soybean-paste-box-800g\/","title":{"rendered":"CBL Sojab\u00f8nnepasta\u00e6ske 800g"},"content":{"rendered":"<p>Ingredienser: Vand, <strong class=\"extra-bold\">Sojab\u00f8nner<\/strong>, <strong class=\"extra-bold\">Hvede<\/strong> Mel, salt, sukker, smagsforst\u00e6rkere (E621, E631), fortykningsmiddel (E451), konserveringsmiddel (E202), s\u00f8demiddel (E955)<br \/>\nErn\u00e6ringsoplysninger:<\/p>\n<table>\n<tbody>\n<tr>\n<th>Energi<\/th>\n<td>395kJ\/94kcal<\/td>\n<\/tr>\n<tr>\n<th>Fed<\/th>\n<td>2,0 g<\/td>\n<\/tr>\n<tr>\n<th>hvoraf m\u00e6tter<\/th>\n<td>0g<\/td>\n<\/tr>\n<tr>\n<th>Kulhydrat<\/th>\n<td>13,3 g<\/td>\n<\/tr>\n<tr>\n<th>heraf sukkerarter<\/th>\n<td>8,7 g<\/td>\n<\/tr>\n<tr>\n<th>Protein<\/th>\n<td>8,1 g<\/td>\n<\/tr>\n<tr>\n<th>Salt<\/th>\n<td>10,5 g<\/td>\n<\/tr>\n<\/tbody>\n<\/table>\n<p>V\u00e6gt: 800g<br \/>\nFremstilling: Kina<br \/>\nForsendelsesv\u00e6gt: 875g<\/p>","protected":false},"excerpt":{"rendered":"<p>Ingredienser: Vand, sojab\u00f8nner, hvedemel, salt, sukker, smagsforst\u00e6rkere (E621, E631), fortykningsmiddel (E451), konserveringsmiddel (E202), s\u00f8demiddel (E955). N\u00e6ringsindhold: Energi<\/p>","protected":false},"featured_media":40513,"template":"","meta":{"_crdt_document":"","advanced_seo_description":"","jetpack_seo_html_title":"","jetpack_seo_noindex":false,"jetpack_publicize_message":"","jetpack_publicize_feature_enabled":true,"jetpack_social_post_already_shared":true,"jetpack_social_options":{"image_generator_settings":{"template":"highway","default_image_id":0,"font":"","enabled":false},"version":2},"_wpas_customize_per_network":false},"product_brand":[],"product_cat":[2124,1980],"product_tag":[1446],"class_list":{"0":"post-29581","1":"product","2":"type-product","3":"status-publish","4":"has-post-thumbnail","6":"product_cat-paste","7":"product_cat-seasoning","8":"product_tag-seasoning","10":"first","11":"instock","12":"shipping-taxable","13":"purchasable","14":"product-type-simple"},"exclude_global_add_ons":[],"addons":[],"jetpack_publicize_connections":[],"jetpack_sharing_enabled":true,"jetpack_likes_enabled":true,"_links":{"self":[{"href":"https:\/\/umefood.dk\/da\/wp-json\/wp\/v2\/product\/29581","targetHints":{"allow":["GET"]}}],"collection":[{"href":"https:\/\/umefood.dk\/da\/wp-json\/wp\/v2\/product"}],"about":[{"href":"https:\/\/umefood.dk\/da\/wp-json\/wp\/v2\/types\/product"}],"version-history":[{"count":2,"href":"https:\/\/umefood.dk\/da\/wp-json\/wp\/v2\/product\/29581\/revisions"}],"predecessor-version":[{"id":40514,"href":"https:\/\/umefood.dk\/da\/wp-json\/wp\/v2\/product\/29581\/revisions\/40514"}],"wp:featuredmedia":[{"embeddable":true,"href":"https:\/\/umefood.dk\/da\/wp-json\/wp\/v2\/media\/40513"}],"wp:attachment":[{"href":"https:\/\/umefood.dk\/da\/wp-json\/wp\/v2\/media?parent=29581"}],"wp:term":[{"taxonomy":"product_brand","embeddable":true,"href":"https:\/\/umefood.dk\/da\/wp-json\/wp\/v2\/product_brand?post=29581"},{"taxonomy":"product_cat","embeddable":true,"href":"https:\/\/umefood.dk\/da\/wp-json\/wp\/v2\/product_cat?post=29581"},{"taxonomy":"product_tag","embeddable":true,"href":"https:\/\/umefood.dk\/da\/wp-json\/wp\/v2\/product_tag?post=29581"}],"curies":[{"name":"wp","href":"https:\/\/api.w.org\/{rel}","templated":true}]}}