{"id":29585,"date":"2024-09-18T22:43:03","date_gmt":"2024-09-18T20:43:03","guid":{"rendered":"https:\/\/umefood.dk\/product\/cbl-soybean-paste-150g\/"},"modified":"2026-04-18T02:08:16","modified_gmt":"2026-04-18T00:08:16","slug":"cbl-soybean-paste-150g","status":"publish","type":"product","link":"https:\/\/umefood.dk\/da\/produkter\/cbl-soybean-paste-150g\/","title":{"rendered":"CBL Sojab\u00f8nnepasta 150g"},"content":{"rendered":"<p>Ingredienser: Vand, <strong class=\"extra-bold\">Sojab\u00f8nner<\/strong> (22%), <strong class=\"extra-bold\">Hvede<\/strong> Mel, salt, sukker, smagsforst\u00e6rker (E621, E631), konserveringsmiddel (E202), s\u00f8destoffer (E955).<br \/>Ern\u00e6ringsoplysninger:<\/p>\n<table>\n<tr>\n<th>Energi<\/th>\n<td>656kJ\/156kcal<\/td>\n<\/tr>\n<tr>\n<th>Fed<\/th>\n<td>4,4 g<\/td>\n<\/tr>\n<tr>\n<th>hvoraf m\u00e6tter<\/th>\n<td>0g<\/td>\n<\/tr>\n<tr>\n<th>Kulhydrat<\/th>\n<td>17,0 g<\/td>\n<\/tr>\n<tr>\n<th>heraf sukkerarter<\/th>\n<td>7,2 g<\/td>\n<\/tr>\n<tr>\n<th>Protein<\/th>\n<td>12,0 g<\/td>\n<\/tr>\n<tr>\n<th>Salt<\/th>\n<td>10,5 g<\/td>\n<\/tr>\n<\/table>\n<p>V\u00e6gt: 150g<br \/>Fremstilling: Kina<br \/>Forsendelsesv\u00e6gt: 170g<\/p>","protected":false},"excerpt":{"rendered":"<p>Ingredienser: Vand, sojab\u00f8nner (22%), hvedemel, salt, sukker, smagsforst\u00e6rker (E621, E631), konserveringsmiddel (E202), s\u00f8destoffer (E955). N\u00e6ringsindhold: Energi 656 kJ\/156 kcal Fedt<\/p>","protected":false},"featured_media":29584,"template":"","meta":{"_crdt_document":"","advanced_seo_description":"","jetpack_seo_html_title":"","jetpack_seo_noindex":false,"jetpack_publicize_message":"","jetpack_publicize_feature_enabled":true,"jetpack_social_post_already_shared":true,"jetpack_social_options":{"image_generator_settings":{"template":"highway","default_image_id":0,"font":"","enabled":false},"version":2},"_wpas_customize_per_network":false},"product_brand":[],"product_cat":[2124,1980],"product_tag":[1446],"class_list":{"0":"post-29585","1":"product","2":"type-product","3":"status-publish","4":"has-post-thumbnail","6":"product_cat-paste","7":"product_cat-seasoning","8":"product_tag-seasoning","10":"first","11":"instock","12":"shipping-taxable","13":"purchasable","14":"product-type-simple"},"exclude_global_add_ons":[],"addons":[],"jetpack_publicize_connections":[],"jetpack_sharing_enabled":true,"jetpack_likes_enabled":true,"_links":{"self":[{"href":"https:\/\/umefood.dk\/da\/wp-json\/wp\/v2\/product\/29585","targetHints":{"allow":["GET"]}}],"collection":[{"href":"https:\/\/umefood.dk\/da\/wp-json\/wp\/v2\/product"}],"about":[{"href":"https:\/\/umefood.dk\/da\/wp-json\/wp\/v2\/types\/product"}],"version-history":[{"count":1,"href":"https:\/\/umefood.dk\/da\/wp-json\/wp\/v2\/product\/29585\/revisions"}],"predecessor-version":[{"id":33917,"href":"https:\/\/umefood.dk\/da\/wp-json\/wp\/v2\/product\/29585\/revisions\/33917"}],"wp:featuredmedia":[{"embeddable":true,"href":"https:\/\/umefood.dk\/da\/wp-json\/wp\/v2\/media\/29584"}],"wp:attachment":[{"href":"https:\/\/umefood.dk\/da\/wp-json\/wp\/v2\/media?parent=29585"}],"wp:term":[{"taxonomy":"product_brand","embeddable":true,"href":"https:\/\/umefood.dk\/da\/wp-json\/wp\/v2\/product_brand?post=29585"},{"taxonomy":"product_cat","embeddable":true,"href":"https:\/\/umefood.dk\/da\/wp-json\/wp\/v2\/product_cat?post=29585"},{"taxonomy":"product_tag","embeddable":true,"href":"https:\/\/umefood.dk\/da\/wp-json\/wp\/v2\/product_tag?post=29585"}],"curies":[{"name":"wp","href":"https:\/\/api.w.org\/{rel}","templated":true}]}}