{"id":29671,"date":"2024-09-18T22:47:10","date_gmt":"2024-09-18T20:47:10","guid":{"rendered":"https:\/\/umefood.dk\/product\/xiduoduo-coconut-jelly-drink-200g\/"},"modified":"2026-04-07T02:04:22","modified_gmt":"2026-04-07T00:04:22","slug":"xiduoduo-coconut-jelly-drink-200g","status":"publish","type":"product","link":"https:\/\/umefood.dk\/da\/produkter\/xiduoduo-coconut-jelly-drink-200g\/","title":{"rendered":"XiDuoDuo Kokosdessert p\u00e5 d\u00e5se 200g"},"content":{"rendered":"<p>Ingredienser: Vand, kokosgel (kokosn\u00f8d, vand, sukker, fruktosesirup, fortykningsmiddel (konjacmel E466), surhedsregulerende middel E330, konserveringsmiddelregulerende middel E202, smagsstof) (14%), stensukker, fruktosesirums surhedsregulerende middel E32 E300, antioxidant E32 E3000 Fortykningsmiddel E401, aroma.<br \/>\nErn\u00e6ringsoplysninger:<\/p>\n<table>\n<tbody>\n<tr>\n<th>Energi<\/th>\n<td>185kJ\/44kcal<\/td>\n<\/tr>\n<tr>\n<th>Fed<\/th>\n<td>0g<\/td>\n<\/tr>\n<tr>\n<th>hvoraf m\u00e6tter<\/th>\n<td>0g<\/td>\n<\/tr>\n<tr>\n<th>Kulhydrat<\/th>\n<td>10,5 g<\/td>\n<\/tr>\n<tr>\n<th>heraf sukkerarter<\/th>\n<td>9,0 g<\/td>\n<\/tr>\n<tr>\n<th>Protein<\/th>\n<td>0g<\/td>\n<\/tr>\n<tr>\n<th>Salt<\/th>\n<td>0,02 g<\/td>\n<\/tr>\n<\/tbody>\n<\/table>\n<p>V\u00e6gt: 200g<br \/>\nFremstilling: Kina<br \/>\nForsendelsesv\u00e6gt: 240g<\/p>","protected":false},"excerpt":{"rendered":"<p>Ingredients: Water, Coconut Gel(coconut, Water, Sugar, Fructose Syrup, Thickener (Konjac Flour E466), Acidity Regulator E330, Preservative Regulator E202, Flavouring)(14%), Rock<\/p>","protected":false},"featured_media":29670,"template":"","meta":{"_crdt_document":"","advanced_seo_description":"","jetpack_seo_html_title":"","jetpack_seo_noindex":false,"jetpack_publicize_message":"","jetpack_publicize_feature_enabled":true,"jetpack_social_post_already_shared":true,"jetpack_social_options":{"image_generator_settings":{"template":"highway","default_image_id":0,"font":"","enabled":false},"version":2},"_wpas_customize_per_network":false},"product_brand":[],"product_cat":[2252,2094],"product_tag":[2207,3060,2590],"class_list":{"0":"post-29671","1":"product","2":"type-product","3":"status-publish","4":"has-post-thumbnail","6":"product_cat-jelly-pudding","7":"product_cat-snacks","8":"product_tag-2207","9":"product_tag-3060","10":"product_tag-2590","12":"first","13":"instock","14":"shipping-taxable","15":"purchasable","16":"product-type-simple"},"exclude_global_add_ons":[],"addons":[],"jetpack_publicize_connections":[],"jetpack_sharing_enabled":true,"jetpack_likes_enabled":true,"_links":{"self":[{"href":"https:\/\/umefood.dk\/da\/wp-json\/wp\/v2\/product\/29671","targetHints":{"allow":["GET"]}}],"collection":[{"href":"https:\/\/umefood.dk\/da\/wp-json\/wp\/v2\/product"}],"about":[{"href":"https:\/\/umefood.dk\/da\/wp-json\/wp\/v2\/types\/product"}],"version-history":[{"count":3,"href":"https:\/\/umefood.dk\/da\/wp-json\/wp\/v2\/product\/29671\/revisions"}],"predecessor-version":[{"id":50656,"href":"https:\/\/umefood.dk\/da\/wp-json\/wp\/v2\/product\/29671\/revisions\/50656"}],"wp:featuredmedia":[{"embeddable":true,"href":"https:\/\/umefood.dk\/da\/wp-json\/wp\/v2\/media\/29670"}],"wp:attachment":[{"href":"https:\/\/umefood.dk\/da\/wp-json\/wp\/v2\/media?parent=29671"}],"wp:term":[{"taxonomy":"product_brand","embeddable":true,"href":"https:\/\/umefood.dk\/da\/wp-json\/wp\/v2\/product_brand?post=29671"},{"taxonomy":"product_cat","embeddable":true,"href":"https:\/\/umefood.dk\/da\/wp-json\/wp\/v2\/product_cat?post=29671"},{"taxonomy":"product_tag","embeddable":true,"href":"https:\/\/umefood.dk\/da\/wp-json\/wp\/v2\/product_tag?post=29671"}],"curies":[{"name":"wp","href":"https:\/\/api.w.org\/{rel}","templated":true}]}}