{"id":29855,"date":"2024-09-18T22:57:56","date_gmt":"2024-09-18T20:57:56","guid":{"rendered":"https:\/\/umefood.dk\/product\/paldo-bibim-men-130g\/"},"modified":"2026-04-18T02:03:44","modified_gmt":"2026-04-18T00:03:44","slug":"paldo-bibim-men-130g","status":"publish","type":"product","link":"https:\/\/umefood.dk\/da\/produkter\/paldo-bibim-men-130g\/","title":{"rendered":"Paldo Bibim Men 130g"},"content":{"rendered":"<p>Ingredienser: Nudler: <strong class=\"extra-bold\">HVEDE<\/strong> mel, palmeolie, kartoffelstivelse, salt, emulgeret olie (solsikkeolie, emulgator: <strong class=\"extra-bold\">SOJA<\/strong> lektin, surhedsregulerende middel: E501, E500, E339, fortykningsmiddel: E412, rapsolie. Suppebund: Sukker, vand, r\u00f8d peberpasta, \u00e6blemos, <strong class=\"extra-bold\">SOJA<\/strong> sauce (SOJA, <strong class=\"extra-bold\">HVEDE<\/strong>, salt), r\u00f8d peberpulver, salt, eddike, hvidl\u00f8gspasta, SOJAolie, <strong class=\"extra-bold\">SESAM<\/strong> olie, krydderier (maltodextrin, sukker, E635, <strong class=\"extra-bold\">SENNEP<\/strong> pulver, smagsforst\u00e6rker: E640, E635, syre: E330, l\u00f8gekstrakt, g\u00e6rekstrakt, fortykningsmiddel: E412, farve: paprikaekstrakt, maltodextrin, tang, <strong class=\"extra-bold\">SESAM<\/strong>, st\u00e6rke krydderier (glukose, chilipeber, salt.)<br \/>\nErn\u00e6ringsoplysninger:<\/p>\n<table>\n<tbody>\n<tr>\n<th>Energi<\/th>\n<td>1747kJ\/418kcal<\/td>\n<\/tr>\n<tr>\n<th>Fed<\/th>\n<td>16 g<\/td>\n<\/tr>\n<tr>\n<th>hvoraf m\u00e6tter<\/th>\n<td>7,2 g<\/td>\n<\/tr>\n<tr>\n<th>Kulhydrat<\/th>\n<td>6,2 g<\/td>\n<\/tr>\n<tr>\n<th>heraf sukkerarter<\/th>\n<td>11 g<\/td>\n<\/tr>\n<tr>\n<th>Protein<\/th>\n<td>7,2 g<\/td>\n<\/tr>\n<tr>\n<th>Salt<\/th>\n<td>2,23 g<\/td>\n<\/tr>\n<\/tbody>\n<\/table>\n<p>V\u00e6gt: 130g<br \/>\nFremstilling: Korea<br \/>\nForsendelsesv\u00e6gt: 145g<\/p>","protected":false},"excerpt":{"rendered":"<p>Ingredienser: Nudler: HVEDEmel, palmeolie, kartoffelstivelse, salt, emulgeret olie (solsikkeolie, emulgator: SOJAlektin, surhedsregulerende middel: E501, E500,<\/p>","protected":false},"featured_media":44075,"template":"","meta":{"_crdt_document":"","advanced_seo_description":"","jetpack_seo_html_title":"","jetpack_seo_noindex":false,"jetpack_publicize_message":"","jetpack_publicize_feature_enabled":true,"jetpack_social_post_already_shared":true,"jetpack_social_options":{"image_generator_settings":{"template":"highway","default_image_id":0,"font":"","enabled":false},"version":2},"_wpas_customize_per_network":false},"product_brand":[],"product_cat":[2041,1976],"product_tag":[2166],"class_list":{"0":"post-29855","1":"product","2":"type-product","3":"status-publish","4":"has-post-thumbnail","6":"product_cat-instantfood","7":"product_cat-instantnoodles","8":"product_tag-instant-food","10":"first","11":"instock","12":"shipping-taxable","13":"purchasable","14":"product-type-simple"},"exclude_global_add_ons":[],"addons":[],"jetpack_publicize_connections":[],"jetpack_sharing_enabled":true,"jetpack_likes_enabled":true,"_links":{"self":[{"href":"https:\/\/umefood.dk\/da\/wp-json\/wp\/v2\/product\/29855","targetHints":{"allow":["GET"]}}],"collection":[{"href":"https:\/\/umefood.dk\/da\/wp-json\/wp\/v2\/product"}],"about":[{"href":"https:\/\/umefood.dk\/da\/wp-json\/wp\/v2\/types\/product"}],"version-history":[{"count":6,"href":"https:\/\/umefood.dk\/da\/wp-json\/wp\/v2\/product\/29855\/revisions"}],"predecessor-version":[{"id":45704,"href":"https:\/\/umefood.dk\/da\/wp-json\/wp\/v2\/product\/29855\/revisions\/45704"}],"wp:featuredmedia":[{"embeddable":true,"href":"https:\/\/umefood.dk\/da\/wp-json\/wp\/v2\/media\/44075"}],"wp:attachment":[{"href":"https:\/\/umefood.dk\/da\/wp-json\/wp\/v2\/media?parent=29855"}],"wp:term":[{"taxonomy":"product_brand","embeddable":true,"href":"https:\/\/umefood.dk\/da\/wp-json\/wp\/v2\/product_brand?post=29855"},{"taxonomy":"product_cat","embeddable":true,"href":"https:\/\/umefood.dk\/da\/wp-json\/wp\/v2\/product_cat?post=29855"},{"taxonomy":"product_tag","embeddable":true,"href":"https:\/\/umefood.dk\/da\/wp-json\/wp\/v2\/product_tag?post=29855"}],"curies":[{"name":"wp","href":"https:\/\/api.w.org\/{rel}","templated":true}]}}