{"id":30067,"date":"2024-09-18T23:09:50","date_gmt":"2024-09-18T21:09:50","guid":{"rendered":"https:\/\/umefood.dk\/product\/iki-beer-yuzu-flavour-4-5vol-330ml\/"},"modified":"2026-04-16T02:08:00","modified_gmt":"2026-04-16T00:08:00","slug":"iki-beer-yuzu-flavour-4-5vol-330ml","status":"publish","type":"product","link":"https:\/\/umefood.dk\/da\/produkter\/iki-beer-yuzu-flavour-4-5vol-330ml\/","title":{"rendered":"Iki Beer Yuzu Smag 4.5%VOL 330ml (Prisen inkluderer bukse A) (kan kun k\u00f8bes i butikken)"},"content":{"rendered":"<p>Ingredienser: vand, <strong class=\"extra-bold\">BYG<\/strong> MALT, <strong class=\"extra-bold\">HVEDE<\/strong> malt, gr\u00f8n te, humle, naturlig citronaroma, g\u00e6r.<br \/>\nErn\u00e6ringsoplysninger:<\/p>\n<table>\n<tbody>\n<tr>\n<th>Energi<\/th>\n<td>nan<\/td>\n<\/tr>\n<tr>\n<th>Fed<\/th>\n<td>nan<\/td>\n<\/tr>\n<tr>\n<th>hvoraf m\u00e6tter<\/th>\n<td>nan<\/td>\n<\/tr>\n<tr>\n<th>Kulhydrat<\/th>\n<td>nan<\/td>\n<\/tr>\n<tr>\n<th>heraf sukkerarter<\/th>\n<td>nan<\/td>\n<\/tr>\n<tr>\n<th>Protein<\/th>\n<td>nan<\/td>\n<\/tr>\n<tr>\n<th>Salt<\/th>\n<td>nan<\/td>\n<\/tr>\n<\/tbody>\n<\/table>\n<p>V\u00e6gt: 330ml<br \/>\nFremstilling: Japan<br \/>\nForsendelsesv\u00e6gt: 550g<\/p>","protected":false},"excerpt":{"rendered":"<p>Ingredienser: vand, BYGMALT, HVEDEmalt, gr\u00f8n te, humle, naturlig citronaroma, g\u00e6r. N\u00e6ringsindhold: Energi nan Fedt nan af<\/p>","protected":false},"featured_media":30066,"template":"","meta":{"_crdt_document":"","advanced_seo_description":"","jetpack_seo_html_title":"","jetpack_seo_noindex":false,"jetpack_publicize_message":"","jetpack_publicize_feature_enabled":true,"jetpack_social_post_already_shared":true,"jetpack_social_options":{"image_generator_settings":{"template":"highway","default_image_id":0,"font":"","enabled":false},"version":2},"_wpas_customize_per_network":false},"product_brand":[],"product_cat":[2049,1963],"product_tag":[2543,2246,2216,2176,2560],"class_list":{"0":"post-30067","1":"product","2":"type-product","3":"status-publish","4":"has-post-thumbnail","6":"product_cat-drinks","7":"product_cat-liquor","8":"product_tag-alcohol-drinks","9":"product_tag-beer","10":"product_tag-2216","11":"product_tag-liquor","12":"product_tag-2560","14":"first","15":"instock","16":"shipping-taxable","17":"purchasable","18":"product-type-simple"},"exclude_global_add_ons":[],"addons":[],"jetpack_publicize_connections":[],"jetpack_sharing_enabled":true,"jetpack_likes_enabled":true,"_links":{"self":[{"href":"https:\/\/umefood.dk\/da\/wp-json\/wp\/v2\/product\/30067","targetHints":{"allow":["GET"]}}],"collection":[{"href":"https:\/\/umefood.dk\/da\/wp-json\/wp\/v2\/product"}],"about":[{"href":"https:\/\/umefood.dk\/da\/wp-json\/wp\/v2\/types\/product"}],"version-history":[{"count":2,"href":"https:\/\/umefood.dk\/da\/wp-json\/wp\/v2\/product\/30067\/revisions"}],"predecessor-version":[{"id":41573,"href":"https:\/\/umefood.dk\/da\/wp-json\/wp\/v2\/product\/30067\/revisions\/41573"}],"wp:featuredmedia":[{"embeddable":true,"href":"https:\/\/umefood.dk\/da\/wp-json\/wp\/v2\/media\/30066"}],"wp:attachment":[{"href":"https:\/\/umefood.dk\/da\/wp-json\/wp\/v2\/media?parent=30067"}],"wp:term":[{"taxonomy":"product_brand","embeddable":true,"href":"https:\/\/umefood.dk\/da\/wp-json\/wp\/v2\/product_brand?post=30067"},{"taxonomy":"product_cat","embeddable":true,"href":"https:\/\/umefood.dk\/da\/wp-json\/wp\/v2\/product_cat?post=30067"},{"taxonomy":"product_tag","embeddable":true,"href":"https:\/\/umefood.dk\/da\/wp-json\/wp\/v2\/product_tag?post=30067"}],"curies":[{"name":"wp","href":"https:\/\/api.w.org\/{rel}","templated":true}]}}