{"id":30399,"date":"2024-09-18T23:23:34","date_gmt":"2024-09-18T21:23:34","guid":{"rendered":"https:\/\/umefood.dk\/product\/sanrio-hello-kitty-apple-fl-drink-340ml\/"},"modified":"2025-09-19T09:45:05","modified_gmt":"2025-09-19T07:45:05","slug":"sanrio-hello-kitty-apple-fl-drink-340ml","status":"publish","type":"product","link":"https:\/\/umefood.dk\/da\/produkter\/sanrio-hello-kitty-apple-fl-drink-340ml\/","title":{"rendered":"Measty My Coco Hello Kitty Apple Flavor Drink 340ml (Price Include Pant B)"},"content":{"rendered":"<p>Ingredienser: Vand, nata de coco (kokosgel\u00e9, kokosvand, sukker, renset vand, citronsyre), sukker, \u00e6blekoncentrat, citronsyre, naturlig smag (\u00e6blesmag), calciumlactat, natriumcitrat, gellangummi, blanding (parfume) , gummi arabicum, d-sorbitolopl\u00f8sning, saccharosefedtsyreestere, raffinerede forarbejdede fedtstoffer), C-vitamin, maltekstrakt.<br \/>\nErn\u00e6ringsoplysninger:<\/p>\n<table>\n<tbody>\n<tr>\n<th>Energi<\/th>\n<td>753kJ\/180kcal<\/td>\n<\/tr>\n<tr>\n<th>Fed<\/th>\n<td>0g<\/td>\n<\/tr>\n<tr>\n<th>hvoraf m\u00e6tter<\/th>\n<td>0g<\/td>\n<\/tr>\n<tr>\n<th>Kulhydrat<\/th>\n<td>46,0 g<\/td>\n<\/tr>\n<tr>\n<th>heraf sukkerarter<\/th>\n<td>44,0 g<\/td>\n<\/tr>\n<tr>\n<th>Protein<\/th>\n<td>0g<\/td>\n<\/tr>\n<tr>\n<th>Salt<\/th>\n<td>0,029 g<\/td>\n<\/tr>\n<\/tbody>\n<\/table>\n<p>V\u00e6gt: 340ml<br \/>\nFremstilling: Korea<br \/>\nForsendelsesv\u00e6gt: 390g<\/p>","protected":false},"excerpt":{"rendered":"<p>Ingredients: Water, nata de coco (coconut jelly, coconut water, sugar, purified water, citric acid), sugar, apple concentrate, citric acid, natural<\/p>","protected":false},"featured_media":30398,"template":"","meta":{"_crdt_document":"","advanced_seo_description":"","jetpack_seo_html_title":"","jetpack_seo_noindex":false,"jetpack_publicize_message":"","jetpack_publicize_feature_enabled":true,"jetpack_social_post_already_shared":true,"jetpack_social_options":{"image_generator_settings":{"template":"highway","default_image_id":0,"font":"","enabled":false},"version":2},"_wpas_customize_per_network":false},"product_brand":[],"product_cat":[2049,1968],"product_tag":[2164,2332,2309],"class_list":{"0":"post-30399","1":"product","2":"type-product","3":"status-publish","4":"has-post-thumbnail","6":"product_cat-drinks","7":"product_cat-soda-juice","8":"product_tag-drinks","9":"product_tag-sanrio","10":"product_tag-soft-drinks","12":"first","13":"outofstock","14":"shipping-taxable","15":"purchasable","16":"product-type-simple"},"exclude_global_add_ons":[],"addons":[],"jetpack_publicize_connections":[],"jetpack_sharing_enabled":true,"jetpack_likes_enabled":true,"_links":{"self":[{"href":"https:\/\/umefood.dk\/da\/wp-json\/wp\/v2\/product\/30399","targetHints":{"allow":["GET"]}}],"collection":[{"href":"https:\/\/umefood.dk\/da\/wp-json\/wp\/v2\/product"}],"about":[{"href":"https:\/\/umefood.dk\/da\/wp-json\/wp\/v2\/types\/product"}],"version-history":[{"count":4,"href":"https:\/\/umefood.dk\/da\/wp-json\/wp\/v2\/product\/30399\/revisions"}],"predecessor-version":[{"id":50417,"href":"https:\/\/umefood.dk\/da\/wp-json\/wp\/v2\/product\/30399\/revisions\/50417"}],"wp:featuredmedia":[{"embeddable":true,"href":"https:\/\/umefood.dk\/da\/wp-json\/wp\/v2\/media\/30398"}],"wp:attachment":[{"href":"https:\/\/umefood.dk\/da\/wp-json\/wp\/v2\/media?parent=30399"}],"wp:term":[{"taxonomy":"product_brand","embeddable":true,"href":"https:\/\/umefood.dk\/da\/wp-json\/wp\/v2\/product_brand?post=30399"},{"taxonomy":"product_cat","embeddable":true,"href":"https:\/\/umefood.dk\/da\/wp-json\/wp\/v2\/product_cat?post=30399"},{"taxonomy":"product_tag","embeddable":true,"href":"https:\/\/umefood.dk\/da\/wp-json\/wp\/v2\/product_tag?post=30399"}],"curies":[{"name":"wp","href":"https:\/\/api.w.org\/{rel}","templated":true}]}}