{"id":31114,"date":"2025-04-11T21:45:20","date_gmt":"2025-04-11T19:45:20","guid":{"rendered":"https:\/\/umefood.dk\/product\/meiji-chocorooms-strawberry-chocolate-flavoured-confectionery-with-crispy-cracker-36g\/"},"modified":"2026-04-20T02:19:56","modified_gmt":"2026-04-20T00:19:56","slug":"meiji-chocorooms-strawberry-chocolate-flavoured-confectionery-with-crispy-cracker-36g","status":"publish","type":"product","link":"https:\/\/umefood.dk\/da\/produkter\/meiji-chocorooms-strawberry-chocolate-flavoured-confectionery-with-crispy-cracker-36g\/","title":{"rendered":"Meiji Chocorooms \u2013 Jordb\u00e6rchokoladekonfekture med spr\u00f8de kiks 36 g"},"content":{"rendered":"<p>Ingredienser:<br \/>\nSukker, <strong class=\"extra-bold\">Hvede<\/strong> Mel, vegetabilske olier (palme, shea, fuldt hydrogeneret palme), kakaosm\u00f8r, hel <strong class=\"extra-bold\">M\u00e6lk<\/strong> Pulver, Skum <strong class=\"extra-bold\">M\u00e6lk<\/strong> Pulver, jordb\u00e6rpulver (1.0%), emulgatorer (E322) <strong class=\"extra-bold\">Soja<\/strong> B\u00f8nne, E473, E476), Farvestof (E162), Maltekstrakt (<strong class=\"extra-bold\">Byg<\/strong>), H\u00e6vemidler (E500, E503), Aromaer (Jordb\u00e6r, Vanilje), G\u00e6rekstrakt, Salt, Surhedsregulerende middel (E330)<br \/>Ern\u00e6ringsoplysninger:<\/p>\n<table>\n<tr>\n<th>Energi<\/th>\n<td>2377 kJ\/566 kcal<\/p>\n<\/td>\n<\/tr>\n<tr>\n<th>Fed<\/th>\n<td>35 g<\/td>\n<\/tr>\n<tr>\n<th>hvoraf m\u00e6tter<\/th>\n<td>23g<\/td>\n<\/tr>\n<tr>\n<th>Kulhydrat<\/th>\n<td>57 g<\/td>\n<\/tr>\n<tr>\n<th>heraf sukkerarter<\/th>\n<td>38 g<\/td>\n<\/tr>\n<tr>\n<th>Protein<\/th>\n<td>6,5 g<\/td>\n<\/tr>\n<tr>\n<th>Salt<\/th>\n<td>0,30 g<\/td>\n<\/tr>\n<\/table>\n<p>V\u00e6gt: 36g<br \/>Fremstilling: Japan<br \/>Forsendelsesv\u00e6gt: 52g<\/p>","protected":false},"excerpt":{"rendered":"<p>Ingredienser: Sukker, hvedemel, vegetabilske olier (palme, shea, fuldhydrogeneret palme), kakaosm\u00f8r, s\u00f8dm\u00e6lkspulver, skummetm\u00e6lkspulver, jordb\u00e6r<\/p>","protected":false},"featured_media":31113,"template":"","meta":{"_crdt_document":"","advanced_seo_description":"","jetpack_seo_html_title":"","jetpack_seo_noindex":false,"jetpack_publicize_message":"","jetpack_publicize_feature_enabled":true,"jetpack_social_post_already_shared":true,"jetpack_social_options":{"image_generator_settings":{"template":"highway","default_image_id":0,"font":"","enabled":false},"version":2},"_wpas_customize_per_network":false},"product_brand":[],"product_cat":[2348,2094],"product_tag":[2673,1844,2599],"class_list":{"0":"post-31114","1":"product","2":"type-product","3":"status-publish","4":"has-post-thumbnail","6":"product_cat-cookies-biscuits","7":"product_cat-snacks","8":"product_tag-japanese","9":"product_tag-snacks","10":"product_tag-2599","12":"first","13":"instock","14":"shipping-taxable","15":"purchasable","16":"product-type-simple"},"exclude_global_add_ons":[],"addons":[],"jetpack_publicize_connections":[],"jetpack_sharing_enabled":true,"jetpack_likes_enabled":true,"_links":{"self":[{"href":"https:\/\/umefood.dk\/da\/wp-json\/wp\/v2\/product\/31114","targetHints":{"allow":["GET"]}}],"collection":[{"href":"https:\/\/umefood.dk\/da\/wp-json\/wp\/v2\/product"}],"about":[{"href":"https:\/\/umefood.dk\/da\/wp-json\/wp\/v2\/types\/product"}],"version-history":[{"count":1,"href":"https:\/\/umefood.dk\/da\/wp-json\/wp\/v2\/product\/31114\/revisions"}],"predecessor-version":[{"id":33466,"href":"https:\/\/umefood.dk\/da\/wp-json\/wp\/v2\/product\/31114\/revisions\/33466"}],"wp:featuredmedia":[{"embeddable":true,"href":"https:\/\/umefood.dk\/da\/wp-json\/wp\/v2\/media\/31113"}],"wp:attachment":[{"href":"https:\/\/umefood.dk\/da\/wp-json\/wp\/v2\/media?parent=31114"}],"wp:term":[{"taxonomy":"product_brand","embeddable":true,"href":"https:\/\/umefood.dk\/da\/wp-json\/wp\/v2\/product_brand?post=31114"},{"taxonomy":"product_cat","embeddable":true,"href":"https:\/\/umefood.dk\/da\/wp-json\/wp\/v2\/product_cat?post=31114"},{"taxonomy":"product_tag","embeddable":true,"href":"https:\/\/umefood.dk\/da\/wp-json\/wp\/v2\/product_tag?post=31114"}],"curies":[{"name":"wp","href":"https:\/\/api.w.org\/{rel}","templated":true}]}}