{"id":31126,"date":"2025-04-11T21:45:46","date_gmt":"2025-04-11T19:45:46","guid":{"rendered":"https:\/\/umefood.dk\/product\/meiji-uproll-milk-and-strawberry-chocolate-flavoured-confectionery-35g\/"},"modified":"2026-04-20T02:19:52","modified_gmt":"2026-04-20T00:19:52","slug":"meiji-uproll-milk-and-strawberry-chocolate-flavoured-confectionery-35g","status":"publish","type":"product","link":"https:\/\/umefood.dk\/da\/produkter\/meiji-uproll-milk-and-strawberry-chocolate-flavoured-confectionery-35g\/","title":{"rendered":"Meiji Uproll M\u00e6lke- og Jordb\u00e6rchokoladekonfekture 35g"},"content":{"rendered":"<p>Ingredienser:<br \/>\nSugar, Whole <strong class=\"extra-bold\">M\u00e6lk<\/strong> Pulver (16,7%) Kakaosm\u00f8r, vegetabilske olier (palme, shea) Kakaomasse (11,8%) <strong class=\"extra-bold\">Laktose<\/strong> (<strong class=\"extra-bold\">M\u00e6lk<\/strong>) (4.1%) Skummet <strong class=\"extra-bold\">M\u00e6lk<\/strong> Pulver (1,8%) (E322 <strong class=\"extra-bold\">Soja<\/strong> B\u00f8nne, E476) Pulver (0.6%) Farve (E162), Aromaer (Jordb\u00e6r, Vanilje) Surhedsregulerende middel (E330)<br \/>Ern\u00e6ringsoplysninger:<\/p>\n<table>\n<tr>\n<th>Energi<\/th>\n<td>2419kJ\/576kcal<\/p>\n<\/td>\n<\/tr>\n<tr>\n<th>Fed<\/th>\n<td>38 g<\/td>\n<\/tr>\n<tr>\n<th>hvoraf m\u00e6tter<\/th>\n<td>25 g<\/td>\n<\/tr>\n<tr>\n<th>Kulhydrat<\/th>\n<td>52 g<\/td>\n<\/tr>\n<tr>\n<th>heraf sukkerarter<\/th>\n<td>42 g<\/td>\n<\/tr>\n<tr>\n<th>Protein<\/th>\n<td>6,6 g<\/td>\n<\/tr>\n<tr>\n<th>Salt<\/th>\n<td>0,10 g<\/td>\n<\/tr>\n<\/table>\n<p>V\u00e6gt: 35g<br \/>Fremstilling: Japan<br \/>Forsendelsesv\u00e6gt: 49 g<\/p>","protected":false},"excerpt":{"rendered":"<p>Ingredienser: Sukker, s\u00f8dm\u00e6lkspulver (16,7%) kakaosm\u00f8r, vegetabilske olier (palme, shea) kakaomasse (11,8%) laktose (m\u00e6lk) (4,1%) skummetm\u00e6lk<\/p>","protected":false},"featured_media":31125,"template":"","meta":{"_crdt_document":"","advanced_seo_description":"","jetpack_seo_html_title":"","jetpack_seo_noindex":false,"jetpack_publicize_message":"","jetpack_publicize_feature_enabled":true,"jetpack_social_post_already_shared":true,"jetpack_social_options":{"image_generator_settings":{"template":"highway","default_image_id":0,"font":"","enabled":false},"version":2},"_wpas_customize_per_network":false},"product_brand":[],"product_cat":[2348,2094],"product_tag":[2673,1844,2599],"class_list":{"0":"post-31126","1":"product","2":"type-product","3":"status-publish","4":"has-post-thumbnail","6":"product_cat-cookies-biscuits","7":"product_cat-snacks","8":"product_tag-japanese","9":"product_tag-snacks","10":"product_tag-2599","12":"first","13":"instock","14":"shipping-taxable","15":"purchasable","16":"product-type-simple"},"exclude_global_add_ons":[],"addons":[],"jetpack_publicize_connections":[],"jetpack_sharing_enabled":true,"jetpack_likes_enabled":true,"_links":{"self":[{"href":"https:\/\/umefood.dk\/da\/wp-json\/wp\/v2\/product\/31126","targetHints":{"allow":["GET"]}}],"collection":[{"href":"https:\/\/umefood.dk\/da\/wp-json\/wp\/v2\/product"}],"about":[{"href":"https:\/\/umefood.dk\/da\/wp-json\/wp\/v2\/types\/product"}],"version-history":[{"count":1,"href":"https:\/\/umefood.dk\/da\/wp-json\/wp\/v2\/product\/31126\/revisions"}],"predecessor-version":[{"id":33460,"href":"https:\/\/umefood.dk\/da\/wp-json\/wp\/v2\/product\/31126\/revisions\/33460"}],"wp:featuredmedia":[{"embeddable":true,"href":"https:\/\/umefood.dk\/da\/wp-json\/wp\/v2\/media\/31125"}],"wp:attachment":[{"href":"https:\/\/umefood.dk\/da\/wp-json\/wp\/v2\/media?parent=31126"}],"wp:term":[{"taxonomy":"product_brand","embeddable":true,"href":"https:\/\/umefood.dk\/da\/wp-json\/wp\/v2\/product_brand?post=31126"},{"taxonomy":"product_cat","embeddable":true,"href":"https:\/\/umefood.dk\/da\/wp-json\/wp\/v2\/product_cat?post=31126"},{"taxonomy":"product_tag","embeddable":true,"href":"https:\/\/umefood.dk\/da\/wp-json\/wp\/v2\/product_tag?post=31126"}],"curies":[{"name":"wp","href":"https:\/\/api.w.org\/{rel}","templated":true}]}}