{"id":31206,"date":"2025-04-11T21:49:10","date_gmt":"2025-04-11T19:49:10","guid":{"rendered":"https:\/\/umefood.dk\/product\/yumei-nanchang-flavor-vermicelli\/"},"modified":"2026-04-18T16:12:43","modified_gmt":"2026-04-18T14:12:43","slug":"yumei-nanchang-flavor-vermicelli","status":"publish","type":"product","link":"https:\/\/umefood.dk\/da\/produkter\/yumei-nanchang-flavor-vermicelli\/","title":{"rendered":"YuMei Nanchang Flavor Vermicelli 210g"},"content":{"rendered":"<p>Ingredients:Corn starch packet: corn flour (corn starch 45%, tapioca starch 30%, water);<br \/>\nSauce packet: fermented soy sauce 85.9%, sugar, salt, star anise, cinnamon, pepper, Szechuan pepper, flavor enhancer.<br \/>\nSpicy vegetable package: dried vegetables 45%, diced radish, <strong class=\"extra-bold\">sennep<\/strong> 15%, chili, <strong class=\"extra-bold\">sojab\u00f8nner<\/strong> oil, salt, garlic, star anise, flavor enhancer E621, preservative E202; E621, preservative E202;<br \/>\nSpicy radish packet: radish cubes 73%, chili, <strong class=\"extra-bold\">sojab\u00f8nner<\/strong> olie, hakket <strong class=\"extra-bold\">jordn\u00f8dder<\/strong>, hvid <strong class=\"extra-bold\">sesam<\/strong> fr\u00f8, salt, ingef\u00e6r, hvidl\u00f8g, sukker, stjerneanis, smagsforst\u00e6rker E621, konserveringsmiddel E202;<br \/>\n<strong class=\"extra-bold\">Jordn\u00f8d<\/strong> og en pakke for\u00e5rsl\u00f8g: <strong class=\"extra-bold\">jordn\u00f8d<\/strong> kerner 40%, dehydrerede skalottel\u00f8g 40%, <strong class=\"extra-bold\">sojab\u00f8nner<\/strong>;<br \/>\nChili oil packet: <strong class=\"extra-bold\">sojab\u00f8nner<\/strong> olie 70%, chili, for\u00e5rsl\u00f8g, l\u00f8g, stjerneanis, kanel, fennikel;<br \/>\n<strong class=\"extra-bold\">Sesam<\/strong> oliepakke: <strong class=\"extra-bold\">sesam<\/strong> olie 70%, <strong class=\"extra-bold\">sojab\u00f8nner<\/strong> 30%.<br \/>\nErn\u00e6ringsoplysninger:<\/p>\n<table>\n<tbody>\n<tr>\n<th>Energi<\/th>\n<td>1410 kJ\/338 kcal<\/td>\n<\/tr>\n<tr>\n<th>Fed<\/th>\n<td>8,6 g<\/td>\n<\/tr>\n<tr>\n<th>hvoraf m\u00e6tter<\/th>\n<td>0g<\/td>\n<\/tr>\n<tr>\n<th>Kulhydrat<\/th>\n<td>58,8 g<\/td>\n<\/tr>\n<tr>\n<th>heraf sukkerarter<\/th>\n<td>4,0 g<\/td>\n<\/tr>\n<tr>\n<th>Protein<\/th>\n<td>5,4 g<\/td>\n<\/tr>\n<tr>\n<th>Salt<\/th>\n<td>0,9 g<\/td>\n<\/tr>\n<\/tbody>\n<\/table>\n<p>V\u00e6gt: 210g<br \/>\nFremstilling: Kina<br \/>\nForsendelsesv\u00e6gt: 228g<\/p>","protected":false},"excerpt":{"rendered":"<p>Ingredienser: Majsstivelsespakke: majsmel (majsstivelse 45%, tapiokastivelse 30%, vand); Saucepakke: fermenteret sojasauce 85,9%, sukker, salt,<\/p>","protected":false},"featured_media":31205,"template":"","meta":{"_crdt_document":"","advanced_seo_description":"","jetpack_seo_html_title":"","jetpack_seo_noindex":false,"jetpack_publicize_message":"","jetpack_publicize_feature_enabled":true,"jetpack_social_post_already_shared":true,"jetpack_social_options":{"image_generator_settings":{"template":"highway","default_image_id":0,"font":"","enabled":false},"version":2},"_wpas_customize_per_network":false},"product_brand":[],"product_cat":[2041,2114],"product_tag":[],"class_list":{"0":"post-31206","1":"product","2":"type-product","3":"status-publish","4":"has-post-thumbnail","6":"product_cat-instantfood","7":"product_cat-instantrice-glassnoodles","9":"first","10":"instock","11":"shipping-taxable","12":"purchasable","13":"product-type-simple"},"exclude_global_add_ons":[],"addons":[],"jetpack_publicize_connections":[],"jetpack_sharing_enabled":true,"jetpack_likes_enabled":true,"_links":{"self":[{"href":"https:\/\/umefood.dk\/da\/wp-json\/wp\/v2\/product\/31206","targetHints":{"allow":["GET"]}}],"collection":[{"href":"https:\/\/umefood.dk\/da\/wp-json\/wp\/v2\/product"}],"about":[{"href":"https:\/\/umefood.dk\/da\/wp-json\/wp\/v2\/types\/product"}],"version-history":[{"count":4,"href":"https:\/\/umefood.dk\/da\/wp-json\/wp\/v2\/product\/31206\/revisions"}],"predecessor-version":[{"id":44790,"href":"https:\/\/umefood.dk\/da\/wp-json\/wp\/v2\/product\/31206\/revisions\/44790"}],"wp:featuredmedia":[{"embeddable":true,"href":"https:\/\/umefood.dk\/da\/wp-json\/wp\/v2\/media\/31205"}],"wp:attachment":[{"href":"https:\/\/umefood.dk\/da\/wp-json\/wp\/v2\/media?parent=31206"}],"wp:term":[{"taxonomy":"product_brand","embeddable":true,"href":"https:\/\/umefood.dk\/da\/wp-json\/wp\/v2\/product_brand?post=31206"},{"taxonomy":"product_cat","embeddable":true,"href":"https:\/\/umefood.dk\/da\/wp-json\/wp\/v2\/product_cat?post=31206"},{"taxonomy":"product_tag","embeddable":true,"href":"https:\/\/umefood.dk\/da\/wp-json\/wp\/v2\/product_tag?post=31206"}],"curies":[{"name":"wp","href":"https:\/\/api.w.org\/{rel}","templated":true}]}}