{"id":31694,"date":"2025-04-11T22:10:43","date_gmt":"2025-04-11T20:10:43","guid":{"rendered":"https:\/\/umefood.dk\/product\/ryukakusan-throat-refreshing-candy-120max-bag-88g\/"},"modified":"2026-04-18T02:27:44","modified_gmt":"2026-04-18T00:27:44","slug":"ryukakusan-throat-refreshing-candy-120max-bag-88g","status":"publish","type":"product","link":"https:\/\/umefood.dk\/da\/produkter\/ryukakusan-throat-refreshing-candy-120max-bag-88g\/","title":{"rendered":"Ryokakusan Halsforfriskende Slik 120max Pose 88g"},"content":{"rendered":"<p>Ingredienser:<\/p>\n<p>Sugar, starch syrup, creaming powder, vegetable oil, herb powder, skimmed <strong class=\"extra-bold\">m\u00e6lk<\/strong> powder, margarine, propolis extract, royal jelly extract, herb<\/p>\n<p>extract, flavoring, coloring (caramel, chlorophyll), emulsifier, acidulant<br \/>Ern\u00e6ringsoplysninger:<\/p>\n<table>\n<tr>\n<th>Energi<\/th>\n<td>1665kJ \/ 398kcal<\/td>\n<\/tr>\n<tr>\n<th>Fed<\/th>\n<td>1,4 g<\/td>\n<\/tr>\n<tr>\n<th>hvoraf m\u00e6tter<\/th>\n<td>0g<\/td>\n<\/tr>\n<tr>\n<th>Kulhydrat<\/th>\n<td>95,8 g<\/td>\n<\/tr>\n<tr>\n<th>heraf sukkerarter<\/th>\n<td>86,6 g<\/td>\n<\/tr>\n<tr>\n<th>Protein<\/th>\n<td>0g<\/td>\n<\/tr>\n<tr>\n<th>Salt<\/th>\n<td>0,32 g<\/td>\n<\/tr>\n<\/table>\n<p>V\u00e6gt: 88g<br \/>Fremstilling: Japan<br \/>Forsendelsesv\u00e6gt: 96g<\/p>","protected":false},"excerpt":{"rendered":"<p>Ingredienser: Sukker, stivelsessirup, fl\u00f8depulver, vegetabilsk olie, urtepulver, skummetm\u00e6lkspulver, margarine, propolisekstrakt, gel\u00e9e royaleekstrakt, urt<\/p>","protected":false},"featured_media":31693,"template":"","meta":{"_crdt_document":"","advanced_seo_description":"","jetpack_seo_html_title":"","jetpack_seo_noindex":false,"jetpack_publicize_message":"","jetpack_publicize_feature_enabled":true,"jetpack_social_post_already_shared":true,"jetpack_social_options":{"image_generator_settings":{"template":"highway","default_image_id":0,"font":"","enabled":false},"version":2},"_wpas_customize_per_network":false},"product_brand":[],"product_cat":[1959,2102,2094],"product_tag":[1504,2944,2943],"class_list":{"0":"post-31694","1":"product","2":"type-product","3":"status-publish","4":"has-post-thumbnail","6":"product_cat-candy","7":"product_cat-herbs","8":"product_cat-snacks","9":"product_tag-candy","10":"product_tag-2944","11":"product_tag-health-product","13":"first","14":"instock","15":"shipping-taxable","16":"purchasable","17":"product-type-simple"},"exclude_global_add_ons":[],"addons":[],"jetpack_publicize_connections":[],"jetpack_sharing_enabled":true,"jetpack_likes_enabled":true,"_links":{"self":[{"href":"https:\/\/umefood.dk\/da\/wp-json\/wp\/v2\/product\/31694","targetHints":{"allow":["GET"]}}],"collection":[{"href":"https:\/\/umefood.dk\/da\/wp-json\/wp\/v2\/product"}],"about":[{"href":"https:\/\/umefood.dk\/da\/wp-json\/wp\/v2\/types\/product"}],"version-history":[{"count":3,"href":"https:\/\/umefood.dk\/da\/wp-json\/wp\/v2\/product\/31694\/revisions"}],"predecessor-version":[{"id":47279,"href":"https:\/\/umefood.dk\/da\/wp-json\/wp\/v2\/product\/31694\/revisions\/47279"}],"wp:featuredmedia":[{"embeddable":true,"href":"https:\/\/umefood.dk\/da\/wp-json\/wp\/v2\/media\/31693"}],"wp:attachment":[{"href":"https:\/\/umefood.dk\/da\/wp-json\/wp\/v2\/media?parent=31694"}],"wp:term":[{"taxonomy":"product_brand","embeddable":true,"href":"https:\/\/umefood.dk\/da\/wp-json\/wp\/v2\/product_brand?post=31694"},{"taxonomy":"product_cat","embeddable":true,"href":"https:\/\/umefood.dk\/da\/wp-json\/wp\/v2\/product_cat?post=31694"},{"taxonomy":"product_tag","embeddable":true,"href":"https:\/\/umefood.dk\/da\/wp-json\/wp\/v2\/product_tag?post=31694"}],"curies":[{"name":"wp","href":"https:\/\/api.w.org\/{rel}","templated":true}]}}