{"id":31779,"date":"2025-04-11T22:14:45","date_gmt":"2025-04-11T20:14:45","guid":{"rendered":"https:\/\/umefood.dk\/product\/fun100-cheese-cake-stick-cheese-180g\/"},"modified":"2025-07-19T17:24:10","modified_gmt":"2025-07-19T15:24:10","slug":"fun100-cheese-cake-stick-cheese-180g","status":"publish","type":"product","link":"https:\/\/umefood.dk\/da\/produkter\/fun100-cheese-cake-stick-cheese-180g\/","title":{"rendered":"Fun100% Cheese Cake Stick Cheese 180g"},"content":{"rendered":"<p>Ingredienser (DA): Ingrediens:<strong class=\"extra-bold\">\u00e6g<\/strong>. <strong class=\"extra-bold\">hvede<\/strong> mel, sukker, vegetabilsk olie, glukosesirup, trehalose, dehydreret ost, honning, hel <strong class=\"extra-bold\">m\u00e6lk<\/strong> pulver, salt, E420, E422, E1520, E304, E475, E491, E1521, E473, E481, E500, E170, E339, E341, E1442, E415, E202, E262, E330, E235, E160a, f\u00f8devarearomaer.<br \/>Ern\u00e6ringsoplysninger:<\/p>\n<table>\n<tr>\n<th>Energi<\/th>\n<td>1518 kJ \/ 363 kcal<\/td>\n<\/tr>\n<tr>\n<th>Fed<\/th>\n<td>14,6 g<\/td>\n<\/tr>\n<tr>\n<th>hvoraf m\u00e6tter<\/th>\n<td>3,0 g<\/td>\n<\/tr>\n<tr>\n<th>Kulhydrat<\/th>\n<td>50,1 g<\/td>\n<\/tr>\n<tr>\n<th>heraf sukkerarter<\/th>\n<td>12,0 g<\/td>\n<\/tr>\n<tr>\n<th>Protein<\/th>\n<td>7,4 g<\/td>\n<\/tr>\n<tr>\n<th>Salt<\/th>\n<td>1,1 g<\/td>\n<\/tr>\n<\/table>\n<p>V\u00e6gt: 180g<br \/>Fremstilling: Kina<br \/>Forsendelsesv\u00e6gt: 222g<\/p>","protected":false},"excerpt":{"rendered":"<p>Ingredienser (EN): Ingrediens: \u00e6g, hvedemel, sukker, vegetabilsk olie, glukosesirup, trehalose, dehydreret ost, honning, s\u00f8dm\u00e6lkspulver, salt, E420, E422,<\/p>","protected":false},"featured_media":31778,"template":"","meta":{"_crdt_document":"","advanced_seo_description":"","jetpack_seo_html_title":"","jetpack_seo_noindex":false,"jetpack_publicize_message":"","jetpack_publicize_feature_enabled":true,"jetpack_social_post_already_shared":true,"jetpack_social_options":{"image_generator_settings":{"template":"highway","default_image_id":0,"font":"","enabled":false},"version":2},"_wpas_customize_per_network":false},"product_brand":[],"product_cat":[2197,2094],"product_tag":[],"class_list":{"0":"post-31779","1":"product","2":"type-product","3":"status-publish","4":"has-post-thumbnail","6":"product_cat-cakes-bread-pastries","7":"product_cat-snacks","9":"first","10":"outofstock","11":"shipping-taxable","12":"purchasable","13":"product-type-simple"},"exclude_global_add_ons":[],"addons":[],"jetpack_publicize_connections":[],"jetpack_sharing_enabled":true,"jetpack_likes_enabled":true,"_links":{"self":[{"href":"https:\/\/umefood.dk\/da\/wp-json\/wp\/v2\/product\/31779","targetHints":{"allow":["GET"]}}],"collection":[{"href":"https:\/\/umefood.dk\/da\/wp-json\/wp\/v2\/product"}],"about":[{"href":"https:\/\/umefood.dk\/da\/wp-json\/wp\/v2\/types\/product"}],"version-history":[{"count":1,"href":"https:\/\/umefood.dk\/da\/wp-json\/wp\/v2\/product\/31779\/revisions"}],"predecessor-version":[{"id":33158,"href":"https:\/\/umefood.dk\/da\/wp-json\/wp\/v2\/product\/31779\/revisions\/33158"}],"wp:featuredmedia":[{"embeddable":true,"href":"https:\/\/umefood.dk\/da\/wp-json\/wp\/v2\/media\/31778"}],"wp:attachment":[{"href":"https:\/\/umefood.dk\/da\/wp-json\/wp\/v2\/media?parent=31779"}],"wp:term":[{"taxonomy":"product_brand","embeddable":true,"href":"https:\/\/umefood.dk\/da\/wp-json\/wp\/v2\/product_brand?post=31779"},{"taxonomy":"product_cat","embeddable":true,"href":"https:\/\/umefood.dk\/da\/wp-json\/wp\/v2\/product_cat?post=31779"},{"taxonomy":"product_tag","embeddable":true,"href":"https:\/\/umefood.dk\/da\/wp-json\/wp\/v2\/product_tag?post=31779"}],"curies":[{"name":"wp","href":"https:\/\/api.w.org\/{rel}","templated":true}]}}