{"id":31832,"date":"2025-04-11T22:18:02","date_gmt":"2025-04-11T20:18:02","guid":{"rendered":"https:\/\/umefood.dk\/product\/sanrio-characters-hand-cream-cinnamoroll-baby-cotton-30ml\/"},"modified":"2026-02-24T01:20:45","modified_gmt":"2026-02-24T00:20:45","slug":"sanrio-characters-hand-cream-cinnamoroll-baby-cotton-30ml","status":"publish","type":"product","link":"https:\/\/umefood.dk\/da\/produkter\/sanrio-characters-hand-cream-cinnamoroll-baby-cotton-30ml\/","title":{"rendered":"Sanrio Characters H\u00e5ndcreme Cinnamoroll Baby Bomuld 30ml"},"content":{"rendered":"<p>Ingredienser: renset vand, glycerin, cetylalkohol, cetylethylhexanoat, capryl-\/caprinsyretriglycerid, palmitinsyre, dimethicone, bomuldsekstrakt (300 ppm), kokosn\u00f8dfrugtekstrakt, saponariabladekstrakt, ambrette-fr\u00f8ekstrakt, cyclopentasiloxan, stearylalkohol, stearinsyre, PEG-100-stearat, glycerylstearat, cyclohexasiloxan, sheasm\u00f8r, sorbitanstearat, bivoks, myristylalkohol, carbomer, polysorbat 60, tromethamin, laurylalkohol, tocopherylacetat, xanthangummi, butylenglycol, dinatrium EDTA, myristinsyre, 1,2-hexandiol, arachidsyre, laurinsyre, pentylenglycol, oliesyre, natriumhyaluronat, natriumhyaluronat-krydspolymer, hydrolyseret hyaluronsyre, hyaluronsyre, hydrolyseret natrium Hyaluronat, ethylhexylglycerin, chlorphenesin, duft, linalool, limonen, citronellol, benzylsalicylat, hexylcinnamal, alfa-isomethylionon<br \/>Ern\u00e6ringsoplysninger:<\/p>\n<table>\n<tr>\n<th>Energi<\/th>\n<td>nan<\/td>\n<\/tr>\n<tr>\n<th>Fed<\/th>\n<td>nan<\/td>\n<\/tr>\n<tr>\n<th>hvoraf m\u00e6tter<\/th>\n<td>nan<\/td>\n<\/tr>\n<tr>\n<th>Kulhydrat<\/th>\n<td>nan<\/td>\n<\/tr>\n<tr>\n<th>heraf sukkerarter<\/th>\n<td>nan<\/td>\n<\/tr>\n<tr>\n<th>Protein<\/th>\n<td>nan<\/td>\n<\/tr>\n<tr>\n<th>Salt<\/th>\n<td>nan<\/td>\n<\/tr>\n<\/table>\n<p>V\u00e6gt: 30ml<br \/>Fremstilling: Korea<br \/>Forsendelsesv\u00e6gt: 45g<\/p>","protected":false},"excerpt":{"rendered":"<p>Ingredienser: renset vand, glycerin, cetylalkohol, cetylethylhexanoat, capryl-\/caprinsyretriglycerid, palmitinsyre, dimethicon, bomuldsekstrakt (300 ppm), kokosn\u00f8dfrugt<\/p>","protected":false},"featured_media":31831,"template":"","meta":{"_crdt_document":"","advanced_seo_description":"","jetpack_seo_html_title":"","jetpack_seo_noindex":false,"jetpack_publicize_message":"","jetpack_publicize_feature_enabled":true,"jetpack_social_post_already_shared":true,"jetpack_social_options":{"image_generator_settings":{"template":"highway","default_image_id":0,"font":"","enabled":false},"version":2},"_wpas_customize_per_network":false},"product_brand":[],"product_cat":[1945,1972],"product_tag":[],"class_list":{"0":"post-31832","1":"product","2":"type-product","3":"status-publish","4":"has-post-thumbnail","6":"product_cat-health-beauty","7":"product_cat-lifestyle","9":"first","10":"outofstock","11":"shipping-taxable","12":"purchasable","13":"product-type-simple"},"exclude_global_add_ons":[],"addons":[],"jetpack_publicize_connections":[],"jetpack_sharing_enabled":true,"jetpack_likes_enabled":true,"_links":{"self":[{"href":"https:\/\/umefood.dk\/da\/wp-json\/wp\/v2\/product\/31832","targetHints":{"allow":["GET"]}}],"collection":[{"href":"https:\/\/umefood.dk\/da\/wp-json\/wp\/v2\/product"}],"about":[{"href":"https:\/\/umefood.dk\/da\/wp-json\/wp\/v2\/types\/product"}],"version-history":[{"count":1,"href":"https:\/\/umefood.dk\/da\/wp-json\/wp\/v2\/product\/31832\/revisions"}],"predecessor-version":[{"id":33133,"href":"https:\/\/umefood.dk\/da\/wp-json\/wp\/v2\/product\/31832\/revisions\/33133"}],"wp:featuredmedia":[{"embeddable":true,"href":"https:\/\/umefood.dk\/da\/wp-json\/wp\/v2\/media\/31831"}],"wp:attachment":[{"href":"https:\/\/umefood.dk\/da\/wp-json\/wp\/v2\/media?parent=31832"}],"wp:term":[{"taxonomy":"product_brand","embeddable":true,"href":"https:\/\/umefood.dk\/da\/wp-json\/wp\/v2\/product_brand?post=31832"},{"taxonomy":"product_cat","embeddable":true,"href":"https:\/\/umefood.dk\/da\/wp-json\/wp\/v2\/product_cat?post=31832"},{"taxonomy":"product_tag","embeddable":true,"href":"https:\/\/umefood.dk\/da\/wp-json\/wp\/v2\/product_tag?post=31832"}],"curies":[{"name":"wp","href":"https:\/\/api.w.org\/{rel}","templated":true}]}}