{"id":31861,"date":"2025-04-11T22:19:41","date_gmt":"2025-04-11T20:19:41","guid":{"rendered":"https:\/\/umefood.dk\/product\/greenmax-yam-and-mixed-cereal-30g12-360g\/"},"modified":"2026-04-18T02:25:47","modified_gmt":"2026-04-18T00:25:47","slug":"greenmax-yam-og-blandet-morgenmadsprodukt-30-g-12-360-g","status":"publish","type":"product","link":"https:\/\/umefood.dk\/da\/produkter\/greenmax-yam-og-blandet-morgenmadsprodukt-30-g-12-360-g\/","title":{"rendered":"Greenmax Yam og blandet korn (30g*12) 360g"},"content":{"rendered":"<p>Ingredienser:<strong class=\"extra-bold\">Sojab\u00f8nner<\/strong>(ikke-GMO), sukker, sort glutin\u00f8s ris, glukose, <strong class=\"extra-bold\">sojab\u00f8nner<\/strong> protein, sort <strong class=\"extra-bold\">sojab\u00f8nner<\/strong>, <strong class=\"extra-bold\">havre<\/strong> fiber, lilla Yam<br \/>\nErn\u00e6ringsoplysninger:<\/p>\n<table>\n<tbody>\n<tr>\n<th>Energi<\/th>\n<td>1669kJ\/400kcal<\/td>\n<\/tr>\n<tr>\n<th>Fed<\/th>\n<td>7,2 g<\/td>\n<\/tr>\n<tr>\n<th>hvoraf m\u00e6tter<\/th>\n<td>1,3 g<\/td>\n<\/tr>\n<tr>\n<th>Kulhydrat<\/th>\n<td>75 g<\/td>\n<\/tr>\n<tr>\n<th>heraf sukkerarter<\/th>\n<td>27 g<\/td>\n<\/tr>\n<tr>\n<th>Protein<\/th>\n<td>13g<\/td>\n<\/tr>\n<tr>\n<th>Salt<\/th>\n<td>0,01 g<\/td>\n<\/tr>\n<\/tbody>\n<\/table>\n<p>V\u00e6gt: 360g<br \/>\nFremstilling: Taiwan<br \/>\nForsendelsesv\u00e6gt: 402g<\/p>","protected":false},"excerpt":{"rendered":"<p>Ingredienser: Sojab\u00f8nner (ikke-GMO), sukker, sort kl\u00e6brig ris, glukose, sojab\u00f8nneprotein, sorte sojab\u00f8nner, havrefibre, lilla yam. N\u00e6ringsinformation: Energi 1669 kJ\/400 kcal Fedt 7,2 g<\/p>","protected":false},"featured_media":31860,"template":"","meta":{"_crdt_document":"","advanced_seo_description":"","jetpack_seo_html_title":"","jetpack_seo_noindex":false,"jetpack_publicize_message":"","jetpack_publicize_feature_enabled":true,"jetpack_social_post_already_shared":true,"jetpack_social_options":{"image_generator_settings":{"template":"highway","default_image_id":0,"font":"","enabled":false},"version":2},"_wpas_customize_per_network":false},"product_brand":[],"product_cat":[2050,2102,2041,2118],"product_tag":[],"class_list":{"0":"post-31861","1":"product","2":"type-product","3":"status-publish","4":"has-post-thumbnail","6":"product_cat-drygood","7":"product_cat-herbs","8":"product_cat-instantfood","9":"product_cat-noodle-mates","11":"first","12":"instock","13":"shipping-taxable","14":"purchasable","15":"product-type-simple"},"exclude_global_add_ons":[],"addons":[],"jetpack_publicize_connections":[],"jetpack_sharing_enabled":true,"jetpack_likes_enabled":true,"_links":{"self":[{"href":"https:\/\/umefood.dk\/da\/wp-json\/wp\/v2\/product\/31861","targetHints":{"allow":["GET"]}}],"collection":[{"href":"https:\/\/umefood.dk\/da\/wp-json\/wp\/v2\/product"}],"about":[{"href":"https:\/\/umefood.dk\/da\/wp-json\/wp\/v2\/types\/product"}],"version-history":[{"count":2,"href":"https:\/\/umefood.dk\/da\/wp-json\/wp\/v2\/product\/31861\/revisions"}],"predecessor-version":[{"id":41697,"href":"https:\/\/umefood.dk\/da\/wp-json\/wp\/v2\/product\/31861\/revisions\/41697"}],"wp:featuredmedia":[{"embeddable":true,"href":"https:\/\/umefood.dk\/da\/wp-json\/wp\/v2\/media\/31860"}],"wp:attachment":[{"href":"https:\/\/umefood.dk\/da\/wp-json\/wp\/v2\/media?parent=31861"}],"wp:term":[{"taxonomy":"product_brand","embeddable":true,"href":"https:\/\/umefood.dk\/da\/wp-json\/wp\/v2\/product_brand?post=31861"},{"taxonomy":"product_cat","embeddable":true,"href":"https:\/\/umefood.dk\/da\/wp-json\/wp\/v2\/product_cat?post=31861"},{"taxonomy":"product_tag","embeddable":true,"href":"https:\/\/umefood.dk\/da\/wp-json\/wp\/v2\/product_tag?post=31861"}],"curies":[{"name":"wp","href":"https:\/\/api.w.org\/{rel}","templated":true}]}}