{"id":31917,"date":"2025-04-11T22:22:29","date_gmt":"2025-04-11T20:22:29","guid":{"rendered":"https:\/\/umefood.dk\/product\/hot-pot-seasoning-mixed-cube-320g-xiaolongkan\/"},"modified":"2026-04-04T02:13:22","modified_gmt":"2026-04-04T00:13:22","slug":"hot-pot-seasoning-mixed-cube-320g-xiaolongkan","status":"publish","type":"product","link":"https:\/\/umefood.dk\/da\/produkter\/hot-pot-seasoning-mixed-cube-320g-xiaolongkan\/","title":{"rendered":"XiaoLongKan Hot Pot krydderiterning 320g"},"content":{"rendered":"<p>Ingredienser: Mild krydderi: Palmeolie, syltet <strong class=\"extra-bold\">Sennep<\/strong>, Salted Wakame, Onion, Bamboo Shoot, Garlic, Ginger, Mushroom, Salt, Fermented Black Bean, Sugar, Kelp, Liquor, White Pepper, Yeast Extract, Acid Hydrolysed Vegetable Protein Flavouring, Maltodextrin, Flavour Enhancer (E621, E635), Thickening Agent (E1450), Antioxidants (E320), Preservative (E202).<br \/>\nCondiment: Palm Oil, Broad Bean Paste, Chilli, Salt, Ginger, Onion, Shallot, Garlic, Sugar, Sichuan Pepper, Yeast Extract, Fermented Black Bean, Acid Hydrolysed Vegetable Protein Flavouring, Maltodextrin, Flavour Enhancer (E621, E635), Food Colouring (E160c), Antioxidant (E320).<br \/>Ern\u00e6ringsoplysninger:<\/p>\n<table>\n<tr>\n<th>Energi<\/th>\n<td>3159 kJ\/755 kcal<\/td>\n<\/tr>\n<tr>\n<th>Fed<\/th>\n<td>80,2 g<\/td>\n<\/tr>\n<tr>\n<th>hvoraf m\u00e6tter<\/th>\n<td>0g<\/td>\n<\/tr>\n<tr>\n<th>Kulhydrat<\/th>\n<td>9 g<\/td>\n<\/tr>\n<tr>\n<th>heraf sukkerarter<\/th>\n<td>1,2 g<\/td>\n<\/tr>\n<tr>\n<th>Protein<\/th>\n<td>2,3 g<\/td>\n<\/tr>\n<tr>\n<th>Salt<\/th>\n<td>12 g<\/td>\n<\/tr>\n<\/table>\n<p>V\u00e6gt: 320g<br \/>Fremstilling: Kina<br \/>Forsendelsesv\u00e6gt: 345g<\/p>","protected":false},"excerpt":{"rendered":"<p>Ingredienser: Mild krydderiblanding: Palmeolie, syltet sennep, saltet wakame, l\u00f8g, bambusskud, hvidl\u00f8g, ingef\u00e6r, champignon, salt, fermenterede sorte b\u00f8nner, sukker,<\/p>","protected":false},"featured_media":31916,"template":"","meta":{"_crdt_document":"","advanced_seo_description":"","jetpack_seo_html_title":"","jetpack_seo_noindex":false,"jetpack_publicize_message":"","jetpack_publicize_feature_enabled":true,"jetpack_social_post_already_shared":true,"jetpack_social_options":{"image_generator_settings":{"template":"highway","default_image_id":0,"font":"","enabled":false},"version":2},"_wpas_customize_per_network":false},"product_brand":[],"product_cat":[2123,1980],"product_tag":[],"class_list":{"0":"post-31917","1":"product","2":"type-product","3":"status-publish","4":"has-post-thumbnail","6":"product_cat-hotpot-sauce","7":"product_cat-seasoning","9":"first","10":"instock","11":"shipping-taxable","12":"purchasable","13":"product-type-simple"},"exclude_global_add_ons":[],"addons":[],"jetpack_publicize_connections":[],"jetpack_sharing_enabled":true,"jetpack_likes_enabled":true,"_links":{"self":[{"href":"https:\/\/umefood.dk\/da\/wp-json\/wp\/v2\/product\/31917","targetHints":{"allow":["GET"]}}],"collection":[{"href":"https:\/\/umefood.dk\/da\/wp-json\/wp\/v2\/product"}],"about":[{"href":"https:\/\/umefood.dk\/da\/wp-json\/wp\/v2\/types\/product"}],"version-history":[{"count":2,"href":"https:\/\/umefood.dk\/da\/wp-json\/wp\/v2\/product\/31917\/revisions"}],"predecessor-version":[{"id":41998,"href":"https:\/\/umefood.dk\/da\/wp-json\/wp\/v2\/product\/31917\/revisions\/41998"}],"wp:featuredmedia":[{"embeddable":true,"href":"https:\/\/umefood.dk\/da\/wp-json\/wp\/v2\/media\/31916"}],"wp:attachment":[{"href":"https:\/\/umefood.dk\/da\/wp-json\/wp\/v2\/media?parent=31917"}],"wp:term":[{"taxonomy":"product_brand","embeddable":true,"href":"https:\/\/umefood.dk\/da\/wp-json\/wp\/v2\/product_brand?post=31917"},{"taxonomy":"product_cat","embeddable":true,"href":"https:\/\/umefood.dk\/da\/wp-json\/wp\/v2\/product_cat?post=31917"},{"taxonomy":"product_tag","embeddable":true,"href":"https:\/\/umefood.dk\/da\/wp-json\/wp\/v2\/product_tag?post=31917"}],"curies":[{"name":"wp","href":"https:\/\/api.w.org\/{rel}","templated":true}]}}