{"id":31923,"date":"2025-04-11T22:22:51","date_gmt":"2025-04-11T20:22:51","guid":{"rendered":"https:\/\/umefood.dk\/product\/boiled-sliced-pork-in-chili-sauce-seasoning-100g-haorenjia\/"},"modified":"2026-04-21T07:56:14","modified_gmt":"2026-04-21T05:56:14","slug":"boiled-sliced-pork-in-chili-sauce-seasoning-100g-haorenjia","status":"publish","type":"product","link":"https:\/\/umefood.dk\/da\/produkter\/boiled-sliced-pork-in-chili-sauce-seasoning-100g-haorenjia\/","title":{"rendered":"HaoRenJia Tilberedt kogt svinek\u00f8d i krydret sauce 100g"},"content":{"rendered":"<p>Ingredienser: Krydderipakke (rapsolie, doubanjiang (chilipeber, hesteb\u00f8nner, salt, <strong class=\"extra-bold\">hvede<\/strong> mel), salt, hvidl\u00f8g, ingef\u00e6r, sojasauce (indeholder <strong class=\"extra-bold\">hvede<\/strong>), chilipeber, sukker, gul vin), saltede chilipeber (chilipeber, salt, ingef\u00e6r, hvidl\u00f8g, rapsolie, japansk peber), touchi (<strong class=\"extra-bold\">sojab\u00f8nner<\/strong>, salt, <strong class=\"extra-bold\">hvede<\/strong> flour), Japanese pepper, spices, yeast extract), powder pack (pea starch, salt), spice pack (chili peppers, Japanese pepper), seasonings (amino acids)<br \/>\nErn\u00e6ringsoplysninger:<\/p>\n<table>\n<tbody>\n<tr>\n<th>Energi<\/th>\n<td>1338 kJ\/322 kcal<\/td>\n<\/tr>\n<tr>\n<th>Fed<\/th>\n<td>21,2 g<\/td>\n<\/tr>\n<tr>\n<th>hvoraf m\u00e6tter<\/th>\n<td>1,6 g<\/td>\n<\/tr>\n<tr>\n<th>Kulhydrat<\/th>\n<td>29,5 g<\/td>\n<\/tr>\n<tr>\n<th>heraf sukkerarter<\/th>\n<td>5,9 g<\/td>\n<\/tr>\n<tr>\n<th>Protein<\/th>\n<td>5,7 g<\/td>\n<\/tr>\n<tr>\n<th>Salt<\/th>\n<td>13,9 g<\/td>\n<\/tr>\n<\/tbody>\n<\/table>\n<p>V\u00e6gt: 100g<br \/>\nFremstilling: Kina<br \/>\nForsendelsesv\u00e6gt: 115g<\/p>","protected":false},"excerpt":{"rendered":"<p>Ingredienser: Krydderipakke (rapsolie, doubanjiang (chilipeber, hesteb\u00f8nner, salt, hvedemel), salt, hvidl\u00f8g, ingef\u00e6r, sojasauce (indeholder hvede),<\/p>","protected":false},"featured_media":31922,"template":"","meta":{"_crdt_document":"","advanced_seo_description":"","jetpack_seo_html_title":"","jetpack_seo_noindex":false,"jetpack_publicize_message":"","jetpack_publicize_feature_enabled":true,"jetpack_social_post_already_shared":true,"jetpack_social_options":{"image_generator_settings":{"template":"highway","default_image_id":0,"font":"","enabled":false},"version":2},"_wpas_customize_per_network":false},"product_brand":[],"product_cat":[2290,1980],"product_tag":[2489,1448],"class_list":{"0":"post-31923","1":"product","2":"type-product","3":"status-publish","4":"has-post-thumbnail","6":"product_cat-other-sauce","7":"product_cat-seasoning","8":"product_tag-2489","9":"product_tag-seasoning-2","11":"first","12":"instock","13":"shipping-taxable","14":"purchasable","15":"product-type-simple"},"exclude_global_add_ons":[],"addons":[],"jetpack_publicize_connections":[],"jetpack_sharing_enabled":true,"jetpack_likes_enabled":true,"_links":{"self":[{"href":"https:\/\/umefood.dk\/da\/wp-json\/wp\/v2\/product\/31923","targetHints":{"allow":["GET"]}}],"collection":[{"href":"https:\/\/umefood.dk\/da\/wp-json\/wp\/v2\/product"}],"about":[{"href":"https:\/\/umefood.dk\/da\/wp-json\/wp\/v2\/types\/product"}],"version-history":[{"count":3,"href":"https:\/\/umefood.dk\/da\/wp-json\/wp\/v2\/product\/31923\/revisions"}],"predecessor-version":[{"id":43709,"href":"https:\/\/umefood.dk\/da\/wp-json\/wp\/v2\/product\/31923\/revisions\/43709"}],"wp:featuredmedia":[{"embeddable":true,"href":"https:\/\/umefood.dk\/da\/wp-json\/wp\/v2\/media\/31922"}],"wp:attachment":[{"href":"https:\/\/umefood.dk\/da\/wp-json\/wp\/v2\/media?parent=31923"}],"wp:term":[{"taxonomy":"product_brand","embeddable":true,"href":"https:\/\/umefood.dk\/da\/wp-json\/wp\/v2\/product_brand?post=31923"},{"taxonomy":"product_cat","embeddable":true,"href":"https:\/\/umefood.dk\/da\/wp-json\/wp\/v2\/product_cat?post=31923"},{"taxonomy":"product_tag","embeddable":true,"href":"https:\/\/umefood.dk\/da\/wp-json\/wp\/v2\/product_tag?post=31923"}],"curies":[{"name":"wp","href":"https:\/\/api.w.org\/{rel}","templated":true}]}}