{"id":32035,"date":"2025-04-11T22:27:28","date_gmt":"2025-04-11T20:27:28","guid":{"rendered":"https:\/\/umefood.dk\/product\/totole-granulated-chicken-bouillon-454g\/"},"modified":"2026-04-23T02:33:34","modified_gmt":"2026-04-23T00:33:34","slug":"totole-granulated-chicken-bouillon-454g","status":"publish","type":"product","link":"https:\/\/umefood.dk\/da\/produkter\/totole-granulated-chicken-bouillon-454g\/","title":{"rendered":"Totole granuleret kyllingebouillon 454g"},"content":{"rendered":"<p>Ingredienser:<\/p>\n<p>Smagsforst\u00e6rker (E621), salt, sukker, smag, krydderier, g\u00e6rekstrakt, smagsforst\u00e6rker: E635, hydrolyseret <strong class=\"extra-bold\">sojab\u00f8nner<\/strong> protein. Kan indeholde spor af <strong class=\"extra-bold\">\u00e6g<\/strong>, mejeri og <strong class=\"extra-bold\">sesam<\/strong>.<br \/>Ern\u00e6ringsoplysninger:<\/p>\n<table>\n<tr>\n<th>Energi<\/th>\n<td>762 kJ \/ 182 kcal<\/td>\n<\/tr>\n<tr>\n<th>Fed<\/th>\n<td>0,6 g<\/td>\n<\/tr>\n<tr>\n<th>hvoraf m\u00e6tter<\/th>\n<td>0 g<\/td>\n<\/tr>\n<tr>\n<th>Kulhydrat<\/th>\n<td>19,4 g<\/td>\n<\/tr>\n<tr>\n<th>heraf sukkerarter<\/th>\n<td>11,8 g<\/td>\n<\/tr>\n<tr>\n<th>Protein<\/th>\n<td>23,8 g<\/td>\n<\/tr>\n<tr>\n<th>Salt<\/th>\n<td>39,4 g<\/td>\n<\/tr>\n<\/table>\n<p>V\u00e6gt: 454g<br \/>Fremstilling: Kina<br \/>Forsendelsesv\u00e6gt: 466g<\/p>","protected":false},"excerpt":{"rendered":"<p>Ingredienser: Smagsforst\u00e6rker (E621), salt, sukker, aroma, krydderier, g\u00e6rekstrakt, smagsforst\u00e6rker: E635, hydrolyseret sojab\u00f8nneprotein. Kan indeholde spor af<\/p>","protected":false},"featured_media":32034,"template":"","meta":{"_crdt_document":"","advanced_seo_description":"","jetpack_seo_html_title":"","jetpack_seo_noindex":false,"jetpack_publicize_message":"","jetpack_publicize_feature_enabled":true,"jetpack_social_post_already_shared":true,"jetpack_social_options":{"image_generator_settings":{"template":"highway","default_image_id":0,"font":"","enabled":false},"version":2},"_wpas_customize_per_network":false},"product_brand":[1458],"product_cat":[1980,2122],"product_tag":[1967,1446,2459],"class_list":{"0":"post-32035","1":"product","2":"type-product","3":"status-publish","4":"has-post-thumbnail","6":"product_brand-totole","7":"product_cat-seasoning","8":"product_cat-spices","9":"product_tag-1967","10":"product_tag-seasoning","11":"product_tag-2459","13":"first","14":"instock","15":"shipping-taxable","16":"purchasable","17":"product-type-simple"},"exclude_global_add_ons":[],"addons":[],"jetpack_publicize_connections":[],"jetpack_sharing_enabled":true,"jetpack_likes_enabled":true,"_links":{"self":[{"href":"https:\/\/umefood.dk\/da\/wp-json\/wp\/v2\/product\/32035","targetHints":{"allow":["GET"]}}],"collection":[{"href":"https:\/\/umefood.dk\/da\/wp-json\/wp\/v2\/product"}],"about":[{"href":"https:\/\/umefood.dk\/da\/wp-json\/wp\/v2\/types\/product"}],"version-history":[{"count":1,"href":"https:\/\/umefood.dk\/da\/wp-json\/wp\/v2\/product\/32035\/revisions"}],"predecessor-version":[{"id":33041,"href":"https:\/\/umefood.dk\/da\/wp-json\/wp\/v2\/product\/32035\/revisions\/33041"}],"wp:featuredmedia":[{"embeddable":true,"href":"https:\/\/umefood.dk\/da\/wp-json\/wp\/v2\/media\/32034"}],"wp:attachment":[{"href":"https:\/\/umefood.dk\/da\/wp-json\/wp\/v2\/media?parent=32035"}],"wp:term":[{"taxonomy":"product_brand","embeddable":true,"href":"https:\/\/umefood.dk\/da\/wp-json\/wp\/v2\/product_brand?post=32035"},{"taxonomy":"product_cat","embeddable":true,"href":"https:\/\/umefood.dk\/da\/wp-json\/wp\/v2\/product_cat?post=32035"},{"taxonomy":"product_tag","embeddable":true,"href":"https:\/\/umefood.dk\/da\/wp-json\/wp\/v2\/product_tag?post=32035"}],"curies":[{"name":"wp","href":"https:\/\/api.w.org\/{rel}","templated":true}]}}