{"id":32175,"date":"2025-04-11T22:36:06","date_gmt":"2025-04-11T20:36:06","guid":{"rendered":"https:\/\/umefood.dk\/product\/pork-luncheon-meat-340g-tulip\/"},"modified":"2026-04-17T02:14:57","modified_gmt":"2026-04-17T00:14:57","slug":"pork-luncheon-meat-340g-tulip","status":"publish","type":"product","link":"https:\/\/umefood.dk\/da\/produkter\/pork-luncheon-meat-340g-tulip\/","title":{"rendered":"Tulip svinek\u00f8d frokostk\u00f8d 340g"},"content":{"rendered":"<p>Ern\u00e6ringsoplysninger:<\/p>\n<table>\n<tbody>\n<tr>\n<th>Energi<\/th>\n<td>1196 kJ \/ 299 kcal<\/td>\n<\/tr>\n<tr>\n<th>Fed<\/th>\n<td>24g<\/td>\n<\/tr>\n<tr>\n<th>hvoraf m\u00e6tter<\/th>\n<td>0g<\/td>\n<\/tr>\n<tr>\n<th>Kulhydrat<\/th>\n<td>6,1 g<\/td>\n<\/tr>\n<tr>\n<th>heraf sukkerarter<\/th>\n<td>0,1 g<\/td>\n<\/tr>\n<tr>\n<th>Protein<\/th>\n<td>12 g<\/td>\n<\/tr>\n<tr>\n<th>Salt<\/th>\n<td>0,85 g<\/td>\n<\/tr>\n<\/tbody>\n<\/table>\n<p>V\u00e6gt: 340g<br \/>\nFremstilling: Danmark<br \/>\nForsendelsesv\u00e6gt: 450g<\/p>","protected":false},"excerpt":{"rendered":"<p>Nutritional Information: Energy 1196 kJ \/ 299 kcal Fat 24g of which Saturates 0g Carbohydrate 6.1g of which Sugars 0.1g<\/p>","protected":false},"featured_media":32174,"template":"","meta":{"_crdt_document":"","advanced_seo_description":"","jetpack_seo_html_title":"","jetpack_seo_noindex":false,"jetpack_publicize_message":"","jetpack_publicize_feature_enabled":true,"jetpack_social_post_already_shared":true,"jetpack_social_options":{"image_generator_settings":{"template":"highway","default_image_id":0,"font":"","enabled":false},"version":2},"_wpas_customize_per_network":false},"product_brand":[],"product_cat":[2381,2050],"product_tag":[],"class_list":{"0":"post-32175","1":"product","2":"type-product","3":"status-publish","4":"has-post-thumbnail","6":"product_cat-canned-pickled-side-dishes","7":"product_cat-drygood","9":"first","10":"instock","11":"shipping-taxable","12":"purchasable","13":"product-type-simple"},"exclude_global_add_ons":[],"addons":[],"jetpack_publicize_connections":[],"jetpack_sharing_enabled":true,"jetpack_likes_enabled":true,"_links":{"self":[{"href":"https:\/\/umefood.dk\/da\/wp-json\/wp\/v2\/product\/32175","targetHints":{"allow":["GET"]}}],"collection":[{"href":"https:\/\/umefood.dk\/da\/wp-json\/wp\/v2\/product"}],"about":[{"href":"https:\/\/umefood.dk\/da\/wp-json\/wp\/v2\/types\/product"}],"version-history":[{"count":3,"href":"https:\/\/umefood.dk\/da\/wp-json\/wp\/v2\/product\/32175\/revisions"}],"predecessor-version":[{"id":42971,"href":"https:\/\/umefood.dk\/da\/wp-json\/wp\/v2\/product\/32175\/revisions\/42971"}],"wp:featuredmedia":[{"embeddable":true,"href":"https:\/\/umefood.dk\/da\/wp-json\/wp\/v2\/media\/32174"}],"wp:attachment":[{"href":"https:\/\/umefood.dk\/da\/wp-json\/wp\/v2\/media?parent=32175"}],"wp:term":[{"taxonomy":"product_brand","embeddable":true,"href":"https:\/\/umefood.dk\/da\/wp-json\/wp\/v2\/product_brand?post=32175"},{"taxonomy":"product_cat","embeddable":true,"href":"https:\/\/umefood.dk\/da\/wp-json\/wp\/v2\/product_cat?post=32175"},{"taxonomy":"product_tag","embeddable":true,"href":"https:\/\/umefood.dk\/da\/wp-json\/wp\/v2\/product_tag?post=32175"}],"curies":[{"name":"wp","href":"https:\/\/api.w.org\/{rel}","templated":true}]}}