{"id":32291,"date":"2025-04-11T22:44:00","date_gmt":"2025-04-11T20:44:00","guid":{"rendered":"https:\/\/umefood.dk\/product\/ljk-sunflower-seeds-hickory-flavour-500g\/"},"modified":"2026-04-16T17:03:20","modified_gmt":"2026-04-16T15:03:20","slug":"ljk-sunflower-seeds-hickory-flavour-500g","status":"publish","type":"product","link":"https:\/\/umefood.dk\/da\/produkter\/ljk-sunflower-seeds-hickory-flavour-500g\/","title":{"rendered":"LaoJieKou Solsikkefr\u00f8 Hickory Smag 500g"},"content":{"rendered":"<p>Ingredients: sunflower seeds, sugar, salt, sweeteners, E 960.E955, flavor enhancers: E 621, E 635, spices.<br \/>\nErn\u00e6ringsoplysninger:<\/p>\n<table>\n<tbody>\n<tr>\n<th>Energi<\/th>\n<td>2383 kJ \/ 569 kcal<\/td>\n<\/tr>\n<tr>\n<th>Fed<\/th>\n<td>41,6 g<\/td>\n<\/tr>\n<tr>\n<th>hvoraf m\u00e6tter<\/th>\n<td>4,5 g<\/td>\n<\/tr>\n<tr>\n<th>Kulhydrat<\/th>\n<td>18,4 g<\/td>\n<\/tr>\n<tr>\n<th>heraf sukkerarter<\/th>\n<td>6,8 g<\/td>\n<\/tr>\n<tr>\n<th>Protein<\/th>\n<td>29,2 g<\/td>\n<\/tr>\n<tr>\n<th>Salt<\/th>\n<td>0,882 g<\/td>\n<\/tr>\n<\/tbody>\n<\/table>\n<p>V\u00e6gt: 500g<br \/>\nFremstilling: Kina<br \/>\nForsendelsesv\u00e6gt: 529g<\/p>","protected":false},"excerpt":{"rendered":"<p>Ingredienser: solsikkekerner, sukker, salt, s\u00f8destoffer, E 960, E955, smagsforst\u00e6rkere: E 621, E 635, krydderier. N\u00e6ringsindhold: Energi 2383 kJ \/<\/p>","protected":false},"featured_media":32290,"template":"","meta":{"_crdt_document":"","advanced_seo_description":"","jetpack_seo_html_title":"","jetpack_seo_noindex":false,"jetpack_publicize_message":"","jetpack_publicize_feature_enabled":true,"jetpack_social_post_already_shared":true,"jetpack_social_options":{"image_generator_settings":{"template":"highway","default_image_id":0,"font":"","enabled":false},"version":2},"_wpas_customize_per_network":false},"product_brand":[1650],"product_cat":[1374,2094],"product_tag":[2365,1844,2511],"class_list":{"0":"post-32291","1":"product","2":"type-product","3":"status-publish","4":"has-post-thumbnail","6":"product_brand-1650","7":"product_cat-nutsdry","8":"product_cat-snacks","9":"product_tag-nuts","10":"product_tag-snacks","11":"product_tag-2511","13":"first","14":"instock","15":"shipping-taxable","16":"purchasable","17":"product-type-simple"},"exclude_global_add_ons":[],"addons":[],"jetpack_publicize_connections":[],"jetpack_sharing_enabled":true,"jetpack_likes_enabled":true,"_links":{"self":[{"href":"https:\/\/umefood.dk\/da\/wp-json\/wp\/v2\/product\/32291","targetHints":{"allow":["GET"]}}],"collection":[{"href":"https:\/\/umefood.dk\/da\/wp-json\/wp\/v2\/product"}],"about":[{"href":"https:\/\/umefood.dk\/da\/wp-json\/wp\/v2\/types\/product"}],"version-history":[{"count":4,"href":"https:\/\/umefood.dk\/da\/wp-json\/wp\/v2\/product\/32291\/revisions"}],"predecessor-version":[{"id":42508,"href":"https:\/\/umefood.dk\/da\/wp-json\/wp\/v2\/product\/32291\/revisions\/42508"}],"wp:featuredmedia":[{"embeddable":true,"href":"https:\/\/umefood.dk\/da\/wp-json\/wp\/v2\/media\/32290"}],"wp:attachment":[{"href":"https:\/\/umefood.dk\/da\/wp-json\/wp\/v2\/media?parent=32291"}],"wp:term":[{"taxonomy":"product_brand","embeddable":true,"href":"https:\/\/umefood.dk\/da\/wp-json\/wp\/v2\/product_brand?post=32291"},{"taxonomy":"product_cat","embeddable":true,"href":"https:\/\/umefood.dk\/da\/wp-json\/wp\/v2\/product_cat?post=32291"},{"taxonomy":"product_tag","embeddable":true,"href":"https:\/\/umefood.dk\/da\/wp-json\/wp\/v2\/product_tag?post=32291"}],"curies":[{"name":"wp","href":"https:\/\/api.w.org\/{rel}","templated":true}]}}