{"id":32531,"date":"2025-04-11T22:54:23","date_gmt":"2025-04-11T20:54:23","guid":{"rendered":"https:\/\/umefood.dk\/product\/kirin-milk-tea-sugar-free-500ml\/"},"modified":"2026-04-15T02:21:08","modified_gmt":"2026-04-15T00:21:08","slug":"kirin-milk-tea-sugar-free-500ml","status":"publish","type":"product","link":"https:\/\/umefood.dk\/da\/produkter\/kirin-milk-tea-sugar-free-500ml\/","title":{"rendered":"Kirin M\u00e6lkete Sukkerfri 500ml"},"content":{"rendered":"<p>ingredienser<br \/>\n<strong class=\"extra-bold\">M\u00e6lk<\/strong> (r\u00e5 <strong class=\"extra-bold\">m\u00e6lk<\/strong> (lavet i Japan), te (10% Darjeelin, 10% Uba), <strong class=\"extra-bold\">M\u00e6lk<\/strong> Protein, vegetabilsk olie, dextrin, salt\/aroma, emulgator, C-vitamin, natriumgluconat<br \/>\nErn\u00e6ringsoplysninger:<\/p>\n<table>\n<tbody>\n<tr>\n<th>Energi<\/th>\n<td>42 kJ \/ 10 kcal<\/td>\n<\/tr>\n<tr>\n<th>Fed<\/th>\n<td>0,6 g<\/td>\n<\/tr>\n<tr>\n<th>hvoraf m\u00e6tter<\/th>\n<td>0g<\/td>\n<\/tr>\n<tr>\n<th>Kulhydrat<\/th>\n<td>0,6 g<\/td>\n<\/tr>\n<tr>\n<th>heraf sukkerarter<\/th>\n<td>0g<\/td>\n<\/tr>\n<tr>\n<th>Protein<\/th>\n<td>0,6 g<\/td>\n<\/tr>\n<tr>\n<th>Salt<\/th>\n<td>0,07 g<\/td>\n<\/tr>\n<\/tbody>\n<\/table>\n<p>V\u00e6gt: 500ml<br \/>\nFremstilling: Japan<br \/>\nForsendelsesv\u00e6gt: 524 g<\/p>","protected":false},"excerpt":{"rendered":"<p>Ingredienser M\u00e6lk (r\u00e5 m\u00e6lk (lavet i Japan), te (10% Darjeelin, 10% Uba), m\u00e6lkeprotein, vegetabilsk olie, dextrin, salt\/aroma, emulgator, vitamin<\/p>","protected":false},"featured_media":32530,"template":"","meta":{"_crdt_document":"","advanced_seo_description":"","jetpack_seo_html_title":"","jetpack_seo_noindex":false,"jetpack_publicize_message":"","jetpack_publicize_feature_enabled":true,"jetpack_social_post_already_shared":true,"jetpack_social_options":{"image_generator_settings":{"template":"highway","default_image_id":0,"font":"","enabled":false},"version":2},"_wpas_customize_per_network":false},"product_brand":[],"product_cat":[1966,2049],"product_tag":[2270,2386],"class_list":{"0":"post-32531","1":"product","2":"type-product","3":"status-publish","4":"has-post-thumbnail","6":"product_cat-bubbletea-milkdrinks","7":"product_cat-drinks","8":"product_tag-bubble-tea","9":"product_tag-milk-drinks","11":"first","12":"instock","13":"shipping-taxable","14":"purchasable","15":"product-type-simple"},"exclude_global_add_ons":[],"addons":[],"jetpack_publicize_connections":[],"jetpack_sharing_enabled":true,"jetpack_likes_enabled":true,"_links":{"self":[{"href":"https:\/\/umefood.dk\/da\/wp-json\/wp\/v2\/product\/32531","targetHints":{"allow":["GET"]}}],"collection":[{"href":"https:\/\/umefood.dk\/da\/wp-json\/wp\/v2\/product"}],"about":[{"href":"https:\/\/umefood.dk\/da\/wp-json\/wp\/v2\/types\/product"}],"version-history":[{"count":2,"href":"https:\/\/umefood.dk\/da\/wp-json\/wp\/v2\/product\/32531\/revisions"}],"predecessor-version":[{"id":62393,"href":"https:\/\/umefood.dk\/da\/wp-json\/wp\/v2\/product\/32531\/revisions\/62393"}],"wp:featuredmedia":[{"embeddable":true,"href":"https:\/\/umefood.dk\/da\/wp-json\/wp\/v2\/media\/32530"}],"wp:attachment":[{"href":"https:\/\/umefood.dk\/da\/wp-json\/wp\/v2\/media?parent=32531"}],"wp:term":[{"taxonomy":"product_brand","embeddable":true,"href":"https:\/\/umefood.dk\/da\/wp-json\/wp\/v2\/product_brand?post=32531"},{"taxonomy":"product_cat","embeddable":true,"href":"https:\/\/umefood.dk\/da\/wp-json\/wp\/v2\/product_cat?post=32531"},{"taxonomy":"product_tag","embeddable":true,"href":"https:\/\/umefood.dk\/da\/wp-json\/wp\/v2\/product_tag?post=32531"}],"curies":[{"name":"wp","href":"https:\/\/api.w.org\/{rel}","templated":true}]}}