{"id":32714,"date":"2025-04-11T23:02:29","date_gmt":"2025-04-11T21:02:29","guid":{"rendered":"https:\/\/umefood.dk\/product\/chao-sheng-olive-pickles-170g\/"},"modified":"2026-04-23T02:35:07","modified_gmt":"2026-04-23T00:35:07","slug":"chao-sheng-olive-pickles-170g","status":"publish","type":"product","link":"https:\/\/umefood.dk\/da\/produkter\/chao-sheng-olive-pickles-170g\/","title":{"rendered":"ChaoSheng olivensyltede syltede agurker 170g"},"content":{"rendered":"<p>Ingredienser: Blad <strong class=\"extra-bold\">Sennep<\/strong>, <strong class=\"extra-bold\">Sojab\u00f8nner<\/strong> Olie, oliven, <strong class=\"extra-bold\">Soja<\/strong> Sovs, <strong class=\"extra-bold\">Sesam<\/strong> Pasta, salt, smagsforst\u00e6rkere: E621, konserveringsmidler: E211.<br \/>\nErn\u00e6ringsoplysninger:<\/p>\n<table>\n<tbody>\n<tr>\n<th>Energi<\/th>\n<td>1678 kJ\/400 kcal<\/td>\n<\/tr>\n<tr>\n<th>Fed<\/th>\n<td>42 g<\/td>\n<\/tr>\n<tr>\n<th>hvoraf m\u00e6tter<\/th>\n<td>0g<\/td>\n<\/tr>\n<tr>\n<th>Kulhydrat<\/th>\n<td>3,9 g<\/td>\n<\/tr>\n<tr>\n<th>heraf sukkerarter<\/th>\n<td>2,5 g<\/td>\n<\/tr>\n<tr>\n<th>Protein<\/th>\n<td>3,4 g<\/td>\n<\/tr>\n<tr>\n<th>Salt<\/th>\n<td>4,92 g<\/td>\n<\/tr>\n<\/tbody>\n<\/table>\n<p>V\u00e6gt: 170g<br \/>\nFremstilling: Kina<br \/>\nForsendelsesv\u00e6gt: 290g<\/p>","protected":false},"excerpt":{"rendered":"<p>Ingredienser: Sennepblad, sojab\u00f8nneolie, oliven, sojasauce, sesampasta, salt, smagsforst\u00e6rkere: E621, konserveringsmidler: E211. N\u00e6ringsinformation: Energi 1678 kJ\/400 kcal<\/p>","protected":false},"featured_media":32713,"template":"","meta":{"_crdt_document":"","advanced_seo_description":"","jetpack_seo_html_title":"","jetpack_seo_noindex":false,"jetpack_publicize_message":"","jetpack_publicize_feature_enabled":true,"jetpack_social_post_already_shared":true,"jetpack_social_options":{"image_generator_settings":{"template":"highway","default_image_id":0,"font":"","enabled":false},"version":2},"_wpas_customize_per_network":false},"product_brand":[],"product_cat":[2381,2050,1980],"product_tag":[1448],"class_list":{"0":"post-32714","1":"product","2":"type-product","3":"status-publish","4":"has-post-thumbnail","6":"product_cat-canned-pickled-side-dishes","7":"product_cat-drygood","8":"product_cat-seasoning","9":"product_tag-seasoning-2","11":"first","12":"instock","13":"shipping-taxable","14":"purchasable","15":"product-type-simple"},"exclude_global_add_ons":[],"addons":[],"jetpack_publicize_connections":[],"jetpack_sharing_enabled":true,"jetpack_likes_enabled":true,"_links":{"self":[{"href":"https:\/\/umefood.dk\/da\/wp-json\/wp\/v2\/product\/32714","targetHints":{"allow":["GET"]}}],"collection":[{"href":"https:\/\/umefood.dk\/da\/wp-json\/wp\/v2\/product"}],"about":[{"href":"https:\/\/umefood.dk\/da\/wp-json\/wp\/v2\/types\/product"}],"version-history":[{"count":3,"href":"https:\/\/umefood.dk\/da\/wp-json\/wp\/v2\/product\/32714\/revisions"}],"predecessor-version":[{"id":42953,"href":"https:\/\/umefood.dk\/da\/wp-json\/wp\/v2\/product\/32714\/revisions\/42953"}],"wp:featuredmedia":[{"embeddable":true,"href":"https:\/\/umefood.dk\/da\/wp-json\/wp\/v2\/media\/32713"}],"wp:attachment":[{"href":"https:\/\/umefood.dk\/da\/wp-json\/wp\/v2\/media?parent=32714"}],"wp:term":[{"taxonomy":"product_brand","embeddable":true,"href":"https:\/\/umefood.dk\/da\/wp-json\/wp\/v2\/product_brand?post=32714"},{"taxonomy":"product_cat","embeddable":true,"href":"https:\/\/umefood.dk\/da\/wp-json\/wp\/v2\/product_cat?post=32714"},{"taxonomy":"product_tag","embeddable":true,"href":"https:\/\/umefood.dk\/da\/wp-json\/wp\/v2\/product_tag?post=32714"}],"curies":[{"name":"wp","href":"https:\/\/api.w.org\/{rel}","templated":true}]}}