{"id":35273,"date":"2025-04-23T23:14:32","date_gmt":"2025-04-23T21:14:32","guid":{"rendered":"https:\/\/umefood.dk\/product\/haohuanluo-liuzhou-snail-rice-noodles-extra-spicy-380g\/"},"modified":"2026-04-16T02:19:42","modified_gmt":"2026-04-16T00:19:42","slug":"haohuanluo-liuzhou-snail-rice-noodles-extra-spicy-380g","status":"publish","type":"product","link":"https:\/\/umefood.dk\/da\/produkter\/haohuanluo-liuzhou-snail-rice-noodles-extra-spicy-380g\/","title":{"rendered":"Liuzhou Snail Rice Noodles Extra Spicy 380g HaoHuanLuo"},"content":{"rendered":"<p>Ingredienser: Blandede t\u00f8rrede risnudler: Ris, majsstivelse, drikkevand. Smagsposer: Sneglesuppe (pose): Drikkevand, Sneglesuppe, Spiseligt salt, Spiselig vegetabilsk olie, g\u00e6rekstrakt, chili, tyk bredb\u00f8nnesauce, hvidt sukker, for\u00e5rsl\u00f8g, hvidl\u00f8g, ingef\u00e6r, krydderier, natriumglutamat, f\u00f8devarearoma, kaliumsorbat (konserveringsmiddel). Syltede vien\u00e6rter, syltede radiser (pose): Syltede vien\u00e6rter (vien\u00e6rter, spiseligt salt, eddike, konserveringsmiddel: natriumdehydroacetat, kaliumsorbat), spiselig vegetabilsk olie, chili. Syltede bambusskud (pose): Syltede bambusskud (bambusskud, drikkevand, konserveringsmiddel: natriummetabisulfit, kaliumsorbat), chili, spiseligt salt, spiselig vegetabilsk olie. Chiliolie (pose): Spiselig vegetabilsk olie, chilikrydderier. Stegt <strong class=\"extra-bold\">Jordn\u00f8dder<\/strong> &amp; Yuba taske: Yuba (<strong class=\"extra-bold\">Sojab\u00f8nner<\/strong>, Drikkevand, Konserveringsmiddel: Hydros), <strong class=\"extra-bold\">Jordn\u00f8dder<\/strong>, Spiselig vegetabilsk olie. Yuba-pose: Yuba (<strong class=\"extra-bold\">Sojab\u00f8nner<\/strong>, Drikkevand, Konserveringsmiddel: Hydrogen), Spiselig vegetabilsk olie (<strong class=\"extra-bold\">Sojab\u00f8nner<\/strong> Olie). J\u00f8de\u00f8repose: J\u00f8de\u00f8re, drikkevand, citronsyre. Eddikepose: Eddike, chili, hakket hvidl\u00f8g, spisesalt.<br \/>\nErn\u00e6ringsoplysninger:<\/p>\n<table>\n<tbody>\n<tr>\n<th>Energi<\/th>\n<td>1138 kJ\/272 kcal<\/td>\n<\/tr>\n<tr>\n<th>Fed<\/th>\n<td>14g<\/td>\n<\/tr>\n<tr>\n<th>hvoraf m\u00e6tter<\/th>\n<td>2,4 g<\/td>\n<\/tr>\n<tr>\n<th>Kulhydrat<\/th>\n<td>30,5 g<\/td>\n<\/tr>\n<tr>\n<th>heraf sukkerarter<\/th>\n<td>4,6 g<\/td>\n<\/tr>\n<tr>\n<th>Protein<\/th>\n<td>6,0 g<\/td>\n<\/tr>\n<tr>\n<th>Salt<\/th>\n<td>3,7 g<\/td>\n<\/tr>\n<\/tbody>\n<\/table>\n<p>V\u00e6gt: 380g<br \/>\nFremstilling: Kina<br \/>\nForsendelsesv\u00e6gt: 420g<\/p>","protected":false},"excerpt":{"rendered":"<p>Ingredienser: Blandede t\u00f8rrede risnudler: Ris, majsstivelse, drikkevand. Smagsposer: Sneglesuppe. Pose: Drikkevand, sneglesuppe, spiselig.<\/p>","protected":false},"featured_media":39725,"template":"","meta":{"_crdt_document":"","advanced_seo_description":"","jetpack_seo_html_title":"","jetpack_seo_noindex":false,"jetpack_publicize_message":"","jetpack_publicize_feature_enabled":true,"jetpack_social_post_already_shared":true,"jetpack_social_options":{"image_generator_settings":{"template":"highway","default_image_id":0,"font":"","enabled":false},"version":2},"_wpas_customize_per_network":false},"product_brand":[],"product_cat":[2041,2114],"product_tag":[],"class_list":{"0":"post-35273","1":"product","2":"type-product","3":"status-publish","4":"has-post-thumbnail","6":"product_cat-instantfood","7":"product_cat-instantrice-glassnoodles","9":"first","10":"instock","11":"shipping-taxable","12":"purchasable","13":"product-type-simple"},"exclude_global_add_ons":[],"addons":[],"jetpack_publicize_connections":[],"jetpack_sharing_enabled":true,"jetpack_likes_enabled":true,"_links":{"self":[{"href":"https:\/\/umefood.dk\/da\/wp-json\/wp\/v2\/product\/35273","targetHints":{"allow":["GET"]}}],"collection":[{"href":"https:\/\/umefood.dk\/da\/wp-json\/wp\/v2\/product"}],"about":[{"href":"https:\/\/umefood.dk\/da\/wp-json\/wp\/v2\/types\/product"}],"version-history":[{"count":5,"href":"https:\/\/umefood.dk\/da\/wp-json\/wp\/v2\/product\/35273\/revisions"}],"predecessor-version":[{"id":62593,"href":"https:\/\/umefood.dk\/da\/wp-json\/wp\/v2\/product\/35273\/revisions\/62593"}],"wp:featuredmedia":[{"embeddable":true,"href":"https:\/\/umefood.dk\/da\/wp-json\/wp\/v2\/media\/39725"}],"wp:attachment":[{"href":"https:\/\/umefood.dk\/da\/wp-json\/wp\/v2\/media?parent=35273"}],"wp:term":[{"taxonomy":"product_brand","embeddable":true,"href":"https:\/\/umefood.dk\/da\/wp-json\/wp\/v2\/product_brand?post=35273"},{"taxonomy":"product_cat","embeddable":true,"href":"https:\/\/umefood.dk\/da\/wp-json\/wp\/v2\/product_cat?post=35273"},{"taxonomy":"product_tag","embeddable":true,"href":"https:\/\/umefood.dk\/da\/wp-json\/wp\/v2\/product_tag?post=35273"}],"curies":[{"name":"wp","href":"https:\/\/api.w.org\/{rel}","templated":true}]}}