{"id":35707,"date":"2025-04-26T10:57:59","date_gmt":"2025-04-26T08:57:59","guid":{"rendered":"https:\/\/umefood.dk\/?post_type=product&#038;p=35707"},"modified":"2026-04-12T02:05:08","modified_gmt":"2026-04-12T00:05:08","slug":"red-bean-paste-500g-wzh","status":"publish","type":"product","link":"https:\/\/umefood.dk\/da\/produkter\/red-bean-paste-500g-wzh\/","title":{"rendered":"R\u00f8d b\u00f8nnepur\u00e9 500g WangZhiHe"},"content":{"rendered":"<p>Ingredienser:<br \/>\n<strong class=\"extra-bold\">Azuki-b\u00f8nne (r\u00f8d b\u00f8nne)<\/strong> (70%), Sugar (22%), Water, Salt.<\/p>\n<p>Ern\u00e6ringsoplysninger:<\/p>\n<table>\n<tbody>\n<tr>\n<th>Energi<\/th>\n<td>1134 kJ \/ 271 kcal<\/td>\n<\/tr>\n<tr>\n<th>Fed<\/th>\n<td>4g<\/td>\n<\/tr>\n<tr>\n<th>heraf m\u00e6ttede fedtsyrer<\/th>\n<td>0g<\/td>\n<\/tr>\n<tr>\n<th>Kulhydrat<\/th>\n<td>53g<\/td>\n<\/tr>\n<tr>\n<th>heraf sukkerarter<\/th>\n<td>2g<\/td>\n<\/tr>\n<tr>\n<th>Protein<\/th>\n<td>0g<\/td>\n<\/tr>\n<tr>\n<th>Salt<\/th>\n<td>0,05 g<\/td>\n<\/tr>\n<\/tbody>\n<\/table>\n<p>V\u00e6gt: 500g<br \/>\nFremstilling: Kina<br \/>\nForsendelsesv\u00e6gt: 510g<\/p>","protected":false},"excerpt":{"rendered":"<p>Ingredienser: Azuki-b\u00f8nne (r\u00f8d b\u00f8nne) (70%), sukker (22%), vand, salt. N\u00e6ringsindhold: Energi 1134 kJ \/ 271 kcal Fedt 4 g<\/p>","protected":false},"featured_media":37152,"template":"","meta":{"_crdt_document":"","advanced_seo_description":"","jetpack_seo_html_title":"","jetpack_seo_noindex":false,"jetpack_publicize_message":"","jetpack_publicize_feature_enabled":true,"jetpack_social_post_already_shared":true,"jetpack_social_options":{"image_generator_settings":{"template":"highway","default_image_id":0,"font":"","enabled":false},"version":2},"_wpas_customize_per_network":false},"product_brand":[],"product_cat":[2124,1980],"product_tag":[2671,1448],"class_list":{"0":"post-35707","1":"product","2":"type-product","3":"status-publish","4":"has-post-thumbnail","6":"product_cat-paste","7":"product_cat-seasoning","8":"product_tag-2671","9":"product_tag-seasoning-2","11":"first","12":"instock","13":"shipping-taxable","14":"purchasable","15":"product-type-simple"},"exclude_global_add_ons":[],"addons":[],"jetpack_publicize_connections":[],"jetpack_sharing_enabled":true,"jetpack_likes_enabled":true,"_links":{"self":[{"href":"https:\/\/umefood.dk\/da\/wp-json\/wp\/v2\/product\/35707","targetHints":{"allow":["GET"]}}],"collection":[{"href":"https:\/\/umefood.dk\/da\/wp-json\/wp\/v2\/product"}],"about":[{"href":"https:\/\/umefood.dk\/da\/wp-json\/wp\/v2\/types\/product"}],"version-history":[{"count":6,"href":"https:\/\/umefood.dk\/da\/wp-json\/wp\/v2\/product\/35707\/revisions"}],"predecessor-version":[{"id":61772,"href":"https:\/\/umefood.dk\/da\/wp-json\/wp\/v2\/product\/35707\/revisions\/61772"}],"wp:featuredmedia":[{"embeddable":true,"href":"https:\/\/umefood.dk\/da\/wp-json\/wp\/v2\/media\/37152"}],"wp:attachment":[{"href":"https:\/\/umefood.dk\/da\/wp-json\/wp\/v2\/media?parent=35707"}],"wp:term":[{"taxonomy":"product_brand","embeddable":true,"href":"https:\/\/umefood.dk\/da\/wp-json\/wp\/v2\/product_brand?post=35707"},{"taxonomy":"product_cat","embeddable":true,"href":"https:\/\/umefood.dk\/da\/wp-json\/wp\/v2\/product_cat?post=35707"},{"taxonomy":"product_tag","embeddable":true,"href":"https:\/\/umefood.dk\/da\/wp-json\/wp\/v2\/product_tag?post=35707"}],"curies":[{"name":"wp","href":"https:\/\/api.w.org\/{rel}","templated":true}]}}